{"id":1369817,"date":"2026-03-11T15:13:14","date_gmt":"2026-03-11T13:13:14","guid":{"rendered":"https:\/\/games.tactic.net\/tuote\/sunsport-street-goal-k-d\/"},"modified":"2026-03-11T15:13:14","modified_gmt":"2026-03-11T13:13:14","slug":"sunsport-street-goal-k-d","status":"publish","type":"product","link":"https:\/\/games.tactic.net\/pl\/tuote\/sunsport-street-goal-k-d\/","title":{"rendered":"Sunsport Street Goal, K \/ D"},"content":{"rendered":"<p>BRAMKA 80 CM STALOWA SUPER JAKO\u015a\u0106 Praktyczna bramka do wielu sport\u00f3w. Cechy produktu: Materia\u0142: stal malowana proszkowo, siatka nylonowa Rozmiar: \u200e80 x 45 x 50 cm, \u015brednica 22mm Ta zabawka jest przeznaczona do u\u017cywania na zewn\u0105trz. Szwedzka firma Bex Sport to producent gier na \u015bwie\u017cym powietrzu i w domu Sercem firmy Bex Sport jest nasza pasja do oferowania produkt\u00f3w, kt\u00f3re daj\u0105 rado\u015b\u0107. Rado\u015b\u0107 zar\u00f3wno m\u0142odszym, jak i starszym, w\u015br\u00f3d rodziny i przyjaci\u00f3\u0142. Uwielbiamy wymy\u015bla\u0107 i produkowa\u0107 gry, kt\u00f3rymi mo\u017cna si\u0119 cieszy\u0107 zar\u00f3wno w domu, jak i na zewn\u0105trz. Proste zasady, kt\u00f3re pozwalaj\u0105 szybko rozpocz\u0105\u0107 gr\u0119, a w razie potrzeby dostosowa\u0107 zasady tak, aby ka\u017cdy m\u00f3g\u0142 si\u0119 nimi cieszy\u0107. Zesp\u00f3\u0142 ds. zakup\u00f3w w firmie Bex Sport nieustannie d\u0105\u017cy do zapewnienia najlepszej jako\u015bci i wzornictwa w atrakcyjnym opakowaniu. W 2022 roku szwedzka firma Bex Sport po\u0142\u0105czy\u0142a si\u0119 z firm\u0105 Tactic<\/p>\n","protected":false},"excerpt":{"rendered":"<p>BRAMKA 80 CM STALOWA SUPER JAKO\u015a\u0106 Praktyczna bramka do wielu sport\u00f3w. Cechy produktu: Materia\u0142: stal malowana proszkowo, siatka nylonowa Rozmiar: \u200e80 x 45 x 50 cm, \u015brednica 22mm Ta zabawka jest przeznaczona do u\u017cywania na zewn\u0105trz. Szwedzka firma Bex Sport to producent gier na \u015bwie\u017cym powietrzu i w domu Sercem firmy Bex Sport jest nasza [&hellip;]<\/p>\n","protected":false},"featured_media":0,"template":"","meta":{"content-type":"","_monsterinsights_skip_tracking":false,"_monsterinsights_sitenote_active":false,"_monsterinsights_sitenote_note":"","_monsterinsights_sitenote_category":0},"product_brand":[],"product_cat":[2330],"product_tag":[],"brand":[],"target-group":[],"discontinued":[],"class_list":{"0":"post-1369817","1":"product","2":"type-product","3":"status-publish","5":"product_cat-bex-sport-gry-plenerowe","7":"first","8":"instock","9":"taxable","10":"shipping-taxable","11":"product-type-simple"},"aioseo_notices":[],"_links":{"self":[{"href":"https:\/\/games.tactic.net\/pl\/wp-json\/wp\/v2\/product\/1369817","targetHints":{"allow":["GET"]}}],"collection":[{"href":"https:\/\/games.tactic.net\/pl\/wp-json\/wp\/v2\/product"}],"about":[{"href":"https:\/\/games.tactic.net\/pl\/wp-json\/wp\/v2\/types\/product"}],"wp:attachment":[{"href":"https:\/\/games.tactic.net\/pl\/wp-json\/wp\/v2\/media?parent=1369817"}],"wp:term":[{"taxonomy":"product_brand","embeddable":true,"href":"https:\/\/games.tactic.net\/pl\/wp-json\/wp\/v2\/product_brand?post=1369817"},{"taxonomy":"product_cat","embeddable":true,"href":"https:\/\/games.tactic.net\/pl\/wp-json\/wp\/v2\/product_cat?post=1369817"},{"taxonomy":"product_tag","embeddable":true,"href":"https:\/\/games.tactic.net\/pl\/wp-json\/wp\/v2\/product_tag?post=1369817"},{"taxonomy":"brand","embeddable":true,"href":"https:\/\/games.tactic.net\/pl\/wp-json\/wp\/v2\/brand?post=1369817"},{"taxonomy":"target-group","embeddable":true,"href":"https:\/\/games.tactic.net\/pl\/wp-json\/wp\/v2\/target-group?post=1369817"},{"taxonomy":"discontinued","embeddable":true,"href":"https:\/\/games.tactic.net\/pl\/wp-json\/wp\/v2\/discontinued?post=1369817"}],"curies":[{"name":"wp","href":"https:\/\/api.w.org\/{rel}","templated":true}]}}