{"id":1369811,"date":"2026-03-11T15:12:44","date_gmt":"2026-03-11T13:12:44","guid":{"rendered":"https:\/\/games.tactic.net\/tuote\/bex-kubb-original-red-king\/"},"modified":"2026-03-11T15:12:44","modified_gmt":"2026-03-11T13:12:44","slug":"bex-kubb-original-red-king","status":"publish","type":"product","link":"https:\/\/games.tactic.net\/pl\/tuote\/bex-kubb-original-red-king\/","title":{"rendered":"Bex Kubb Original, Red king"},"content":{"rendered":"<p>GRA PLENEROWA ORIGINAL KUBB WERSJA RED KING Klasyczna szwedzka gra do ogrodu. Potrzebne jest celne oko oraz strategia. Gra Kubb, znana r\u00f3wnie\u017c jako Plenerowe szachy Wiking\u00f3w\u201d jest fantastyczn\u0105 tradycyjn\u0105 gr\u0105, w kt\u00f3r\u0105 gra si\u0119 w Szwecji od co najmniej stulecia. M\u00f3wi si\u0119 r\u00f3wnie\u017c \u017ce pochodzi ze \u015bredniowiecza. Jest to sprytne po\u0142\u0105czenie kr\u0119gli, szach\u00f3w i bilarda. Gracze, na przemian, rzucaj\u0105 zbijakami w obro\u0144c\u00f3w. Po zbiciu obro\u0144cy staje si\u0119 on w\u0142asno\u015bci\u0105 drugiego gracza. Dopiero po zbiciu wszystkich obro\u0144c\u00f3w, mo\u017cna atakowa\u0107 kr\u00f3la. Uwaga jednak, je\u015bli zbijesz tego ostatniego zbyt wcze\u015bnie, mo\u017cesz przegra\u0107 z g\u00f3ry wygrany mecz. To unikalna gr\u0105 zr\u0119czno\u015bciow\u0105, kt\u00f3ra jest idealna na party w ogrodzie lub na zabaw\u0119 na boisku. W Kubb mo\u017cna gra\u0107 jeden przeciwko jednemu lub w dru\u017cynach do 6 graczy po ka\u017cdej stronie. Alternatywne rozmiary tryb\u00f3w i porady dotycz\u0105ce wariant\u00f3w dla m\u0142odszych graczy znajduj\u0105 si\u0119 w dost\u0119pnych online zasadach Kubb. Cechy produktu: Materia\u0142: trwa\u0142e drewno kauczukowe Zawarto\u015b\u0107: -1 x kr\u00f3l z czerwon\u0105 koron\u0105 (30 x 7 cm), -6 pa\u0142ek do rzucania (30 x 4 cm), -10 rycerzy (kubb) (15 x 6 cm), -4 znaczniki obszaru -1 bawe\u0142niany worek z uchwytami, zasady i instrukcj\u0119 wieloj\u0119zyczn\u0105 (instrukcja w j. polskim dost\u0119pna online). Ta gra jest przeznaczona do u\u017cywania w pomieszczeniach i na zewn\u0105trz. Nie jest odporna na warunki atmosferyczne ani na deszcz. Szwedzka firma Bex Sport to producent gier na \u015bwie\u017cym powietrzu i w domu Sercem firmy Bex Sport jest nasza pasja do oferowania produkt\u00f3w, kt\u00f3re daj\u0105 rado\u015b\u0107. Rado\u015b\u0107 zar\u00f3wno m\u0142odszym, jak i starszym, w\u015br\u00f3d rodziny i przyjaci\u00f3\u0142. Uwielbiamy wymy\u015bla\u0107 i produkowa\u0107 gry, kt\u00f3rymi mo\u017cna si\u0119 cieszy\u0107 zar\u00f3wno w domu, jak i na zewn\u0105trz. Proste zasady, kt\u00f3re pozwalaj\u0105 szybko rozpocz\u0105\u0107 gr\u0119, a w razie potrzeby dostosowa\u0107 zasady tak, aby ka\u017cdy m\u00f3g\u0142 si\u0119 nimi cieszy\u0107. Zesp\u00f3\u0142 ds. zakup\u00f3w w firmie Bex Sport nieustannie d\u0105\u017cy do zapewnienia najlepszej jako\u015bci i wzornictwa w atrakcyjnym opakowaniu. W 2022 roku szwedzka firma Bex Sport po\u0142\u0105czy\u0142a si\u0119 z firm\u0105 Tactic.<\/p>\n","protected":false},"excerpt":{"rendered":"<p>GRA PLENEROWA ORIGINAL KUBB WERSJA RED KING Klasyczna szwedzka gra do ogrodu. Potrzebne jest celne oko oraz strategia. Gra Kubb, znana r\u00f3wnie\u017c jako Plenerowe szachy Wiking\u00f3w\u201d jest fantastyczn\u0105 tradycyjn\u0105 gr\u0105, w kt\u00f3r\u0105 gra si\u0119 w Szwecji od co najmniej stulecia. M\u00f3wi si\u0119 r\u00f3wnie\u017c \u017ce pochodzi ze \u015bredniowiecza. Jest to sprytne po\u0142\u0105czenie kr\u0119gli, szach\u00f3w i bilarda. [&hellip;]<\/p>\n","protected":false},"featured_media":0,"template":"","meta":{"content-type":"","_monsterinsights_skip_tracking":false,"_monsterinsights_sitenote_active":false,"_monsterinsights_sitenote_note":"","_monsterinsights_sitenote_category":0},"product_brand":[],"product_cat":[2330],"product_tag":[],"brand":[],"target-group":[],"discontinued":[],"class_list":{"0":"post-1369811","1":"product","2":"type-product","3":"status-publish","5":"product_cat-bex-sport-gry-plenerowe","7":"first","8":"instock","9":"taxable","10":"shipping-taxable","11":"product-type-simple"},"aioseo_notices":[],"_links":{"self":[{"href":"https:\/\/games.tactic.net\/pl\/wp-json\/wp\/v2\/product\/1369811","targetHints":{"allow":["GET"]}}],"collection":[{"href":"https:\/\/games.tactic.net\/pl\/wp-json\/wp\/v2\/product"}],"about":[{"href":"https:\/\/games.tactic.net\/pl\/wp-json\/wp\/v2\/types\/product"}],"wp:attachment":[{"href":"https:\/\/games.tactic.net\/pl\/wp-json\/wp\/v2\/media?parent=1369811"}],"wp:term":[{"taxonomy":"product_brand","embeddable":true,"href":"https:\/\/games.tactic.net\/pl\/wp-json\/wp\/v2\/product_brand?post=1369811"},{"taxonomy":"product_cat","embeddable":true,"href":"https:\/\/games.tactic.net\/pl\/wp-json\/wp\/v2\/product_cat?post=1369811"},{"taxonomy":"product_tag","embeddable":true,"href":"https:\/\/games.tactic.net\/pl\/wp-json\/wp\/v2\/product_tag?post=1369811"},{"taxonomy":"brand","embeddable":true,"href":"https:\/\/games.tactic.net\/pl\/wp-json\/wp\/v2\/brand?post=1369811"},{"taxonomy":"target-group","embeddable":true,"href":"https:\/\/games.tactic.net\/pl\/wp-json\/wp\/v2\/target-group?post=1369811"},{"taxonomy":"discontinued","embeddable":true,"href":"https:\/\/games.tactic.net\/pl\/wp-json\/wp\/v2\/discontinued?post=1369811"}],"curies":[{"name":"wp","href":"https:\/\/api.w.org\/{rel}","templated":true}]}}