{"id":1369800,"date":"2026-03-11T15:11:41","date_gmt":"2026-03-11T13:11:41","guid":{"rendered":"https:\/\/games.tactic.net\/tuote\/bex-cornhole-original\/"},"modified":"2026-03-11T15:11:41","modified_gmt":"2026-03-11T13:11:41","slug":"bex-cornhole-original","status":"publish","type":"product","link":"https:\/\/games.tactic.net\/pl\/tuote\/bex-cornhole-original\/","title":{"rendered":"Bex Cornhole Original"},"content":{"rendered":"<p>Cornhole (znane r\u00f3wnie\u017c jako sack toss lub bags) to gra trawnikowa popularna w Ameryce P\u00f3\u0142nocnej, w kt\u00f3rej gracze lub dru\u017cyny na zmian\u0119 rzucaj\u0105 woreczkami z tkaniny na podniesion\u0105, pochylon\u0105 plansz\u0119 z otworem na jej drugim ko\u0144cu. Celem gry jest zdobycie punkt\u00f3w poprzez wyl\u0105dowanie worka na planszy (jeden punkt) lub prze\u0142o\u017cenie worka przez otw\u00f3r (trzy punkty).<\/p>\n<p>Mecz cornhole jest podzielony na rundy. Podczas ka\u017cdej rundy ka\u017cdy gracz lub dru\u017cyna rzuca czterema woreczkami w jednym kolorze.<\/p>\n<p>Punktacja. Aby zdoby\u0107 punkty, woreczki musz\u0105 znajdowa\u0107 si\u0119 na powierzchni planszy (1 punkt) lub wpa\u015b\u0107 bezpo\u015brednio do otworu, zsun\u0105\u0107 si\u0119 do otworu po uderzeniu w plansz\u0119 lub zosta\u0107 wbity do otworu przez inny worek (3 punkty). Kiedy jeden z graczy lub dru\u017cyn osi\u0105gnie lub przekroczy 21 punkt\u00f3w wygrywa gr\u0119.<\/p>\n<p>Zawarto\u015b\u0107: Zestaw sk\u0142ada si\u0119 z dw\u00f3ch desek ze sklejki (60 x 30 x 7 cm) i o\u015bmiu woreczk\u00f3w (90 g, 7&#215;7 cm). Waga: 2 kg. <\/p>\n<p>Specyfikacja:<br \/>\n&#8211; Rozmiar pola gry: 605x300mm<br \/>\n&#8211; Materia\u0142 ramy: sklejka<br \/>\n&#8211; Materia\u0142 pola gry: sklejka, kauczukowiec<br \/>\n&#8211; Zawiera 4 czerwone i 4 niebieskie woreczki ka\u017cdy o wadze 90g<br \/>\n&#8211; zawiera instrukcj\u0119.<\/p>\n","protected":false},"excerpt":{"rendered":"<p>Cornhole (znane r\u00f3wnie\u017c jako sack toss lub bags) to gra trawnikowa popularna w Ameryce P\u00f3\u0142nocnej, w kt\u00f3rej gracze lub dru\u017cyny na zmian\u0119 rzucaj\u0105 woreczkami z tkaniny na podniesion\u0105, pochylon\u0105 plansz\u0119 z otworem na jej drugim ko\u0144cu. Celem gry jest zdobycie punkt\u00f3w poprzez wyl\u0105dowanie worka na planszy (jeden punkt) lub prze\u0142o\u017cenie worka przez otw\u00f3r (trzy punkty). [&hellip;]<\/p>\n","protected":false},"featured_media":0,"template":"","meta":{"content-type":"","_monsterinsights_skip_tracking":false,"_monsterinsights_sitenote_active":false,"_monsterinsights_sitenote_note":"","_monsterinsights_sitenote_category":0},"product_brand":[],"product_cat":[2330],"product_tag":[],"brand":[{"id":2095,"name":"BEX Sport","slug":"bex-sport"}],"target-group":[],"discontinued":[],"class_list":{"0":"post-1369800","1":"product","2":"type-product","3":"status-publish","5":"product_cat-bex-sport-gry-plenerowe","6":"brand-bex-sport","8":"first","9":"outofstock","10":"taxable","11":"shipping-taxable","12":"product-type-simple"},"aioseo_notices":[],"_links":{"self":[{"href":"https:\/\/games.tactic.net\/pl\/wp-json\/wp\/v2\/product\/1369800","targetHints":{"allow":["GET"]}}],"collection":[{"href":"https:\/\/games.tactic.net\/pl\/wp-json\/wp\/v2\/product"}],"about":[{"href":"https:\/\/games.tactic.net\/pl\/wp-json\/wp\/v2\/types\/product"}],"wp:attachment":[{"href":"https:\/\/games.tactic.net\/pl\/wp-json\/wp\/v2\/media?parent=1369800"}],"wp:term":[{"taxonomy":"product_brand","embeddable":true,"href":"https:\/\/games.tactic.net\/pl\/wp-json\/wp\/v2\/product_brand?post=1369800"},{"taxonomy":"product_cat","embeddable":true,"href":"https:\/\/games.tactic.net\/pl\/wp-json\/wp\/v2\/product_cat?post=1369800"},{"taxonomy":"product_tag","embeddable":true,"href":"https:\/\/games.tactic.net\/pl\/wp-json\/wp\/v2\/product_tag?post=1369800"},{"taxonomy":"brand","embeddable":true,"href":"https:\/\/games.tactic.net\/pl\/wp-json\/wp\/v2\/brand?post=1369800"},{"taxonomy":"target-group","embeddable":true,"href":"https:\/\/games.tactic.net\/pl\/wp-json\/wp\/v2\/target-group?post=1369800"},{"taxonomy":"discontinued","embeddable":true,"href":"https:\/\/games.tactic.net\/pl\/wp-json\/wp\/v2\/discontinued?post=1369800"}],"curies":[{"name":"wp","href":"https:\/\/api.w.org\/{rel}","templated":true}]}}