{"id":1369794,"date":"2026-03-11T15:11:06","date_gmt":"2026-03-11T13:11:06","guid":{"rendered":"https:\/\/games.tactic.net\/tuote\/spin-ladder-original\/"},"modified":"2026-03-11T15:11:06","modified_gmt":"2026-03-11T13:11:06","slug":"spin-ladder-original","status":"publish","type":"product","link":"https:\/\/games.tactic.net\/pl\/tuote\/spin-ladder-original\/","title":{"rendered":"Spin Ladder Original"},"content":{"rendered":"<p>Spin Ladder to gra ogrodowa wymagaj\u0105ca pewnej zr\u0119czno\u015bci w rzucaniu. Rzucajcie kulami na szczeble drabinki. Punkty zdobywa si\u0119 za ka\u017cd\u0105 kul\u0119, kt\u00f3ra pozosta\u0142a do ko\u0144ca rundy, z dodatkowymi punktami za kule na ka\u017cdym szczeblu lub wszystkie kule na tym samym szczeblu.<\/p>\n<p>Drabin\u0119 mo\u017cna z\u0142o\u017cy\u0107 u podstawy, aby u\u0142atwi\u0107 przenoszenie i przechowywanie.<\/p>\n<p>Drabina: 88,5x60x57cm<br \/>\nPr\u0119ty: 57\u00d72,2cm<br \/>\nKule: 4,6cm<br \/>\nLina: 30cm<br \/>\nMateria\u0142: Drewno kauczukowe<\/p>\n<p>Zawiera<br \/>\n\u2013 1 drabin\u0119<br \/>\n\u2013 2 zestawy kulek (3 niebieskie i 3 czerwone)<br \/>\n\u2013 Worek z w\u0142\u00f3kniny na kulki<br \/>\n\u2013 Wieloj\u0119zyczn\u0105 instrukcj\u0119<\/p>\n<p>Gra wykonana jest z drewna kauczukowego z lakierowanym wyko\u0144czeniem. Drabina jest skonstruowana tak, aby u\u0142atwi\u0107 przechowywanie.<\/p>\n<p>Gamesson jest mark\u0105 szwedzkiej firmy Bex Sport. Producenta gier na \u015bwie\u017cym powietrzu i w domu.<br \/>\nSercem firmy Bex Sport jest nasza pasja do oferowania produkt\u00f3w, kt\u00f3re daj\u0105 rado\u015b\u0107. Rado\u015b\u0107 zar\u00f3wno m\u0142odszym, jak i starszym, w\u015br\u00f3d rodziny i przyjaci\u00f3\u0142. Uwielbiamy wymy\u015bla\u0107 i produkowa\u0107 gry, kt\u00f3rymi mo\u017cna si\u0119 cieszy\u0107 zar\u00f3wno w domu, jak i na zewn\u0105trz. Proste zasady, kt\u00f3re pozwalaj\u0105 szybko rozpocz\u0105\u0107 gr\u0119, a w razie potrzeby dostosowa\u0107 zasady tak, aby ka\u017cdy m\u00f3g\u0142 si\u0119 nimi cieszy\u0107. Zesp\u00f3\u0142 ds. zakup\u00f3w w firmie Bex Sport nieustannie d\u0105\u017cy do zapewnienia najlepszej jako\u015bci i wzornictwa w atrakcyjnym opakowaniu.<br \/>\nW 2022 roku szwedzka firma Bex Sport po\u0142\u0105czy\u0142a si\u0119 z firm\u0105 Tactic<\/p>\n<p>Nasza misja polega na:<br \/>\n-produkowaniu zabawek, kt\u00f3re pomagaj\u0105 rodzinom i znajomym sp\u0119dza\u0107 wsp\u00f3lnie czas.<br \/>\n-wprowadzaniu najwy\u017cszych standard\u00f3w obs\u0142ugi klienta<br \/>\n-umo\u017cliwianiu nawi\u0105zywania bli\u017cszych relacji i zbli\u017caniu do siebie cz\u0142onk\u00f3w rodziny<br \/>\n-dzia\u0142aniu w spos\u00f3b zr\u00f3wnowa\u017cony dla \u015brodowiska i etyczny<\/p>\n","protected":false},"excerpt":{"rendered":"<p>Spin Ladder to gra ogrodowa wymagaj\u0105ca pewnej zr\u0119czno\u015bci w rzucaniu. Rzucajcie kulami na szczeble drabinki. Punkty zdobywa si\u0119 za ka\u017cd\u0105 kul\u0119, kt\u00f3ra pozosta\u0142a do ko\u0144ca rundy, z dodatkowymi punktami za kule na ka\u017cdym szczeblu lub wszystkie kule na tym samym szczeblu. Drabin\u0119 mo\u017cna z\u0142o\u017cy\u0107 u podstawy, aby u\u0142atwi\u0107 przenoszenie i przechowywanie. Drabina: 88,5x60x57cm Pr\u0119ty: 57\u00d72,2cm [&hellip;]<\/p>\n","protected":false},"featured_media":0,"template":"","meta":{"content-type":"","_monsterinsights_skip_tracking":false,"_monsterinsights_sitenote_active":false,"_monsterinsights_sitenote_note":"","_monsterinsights_sitenote_category":0},"product_brand":[],"product_cat":[2330],"product_tag":[],"brand":[],"target-group":[],"discontinued":[],"class_list":{"0":"post-1369794","1":"product","2":"type-product","3":"status-publish","5":"product_cat-bex-sport-gry-plenerowe","7":"first","8":"outofstock","9":"taxable","10":"shipping-taxable","11":"product-type-simple"},"aioseo_notices":[],"_links":{"self":[{"href":"https:\/\/games.tactic.net\/pl\/wp-json\/wp\/v2\/product\/1369794","targetHints":{"allow":["GET"]}}],"collection":[{"href":"https:\/\/games.tactic.net\/pl\/wp-json\/wp\/v2\/product"}],"about":[{"href":"https:\/\/games.tactic.net\/pl\/wp-json\/wp\/v2\/types\/product"}],"wp:attachment":[{"href":"https:\/\/games.tactic.net\/pl\/wp-json\/wp\/v2\/media?parent=1369794"}],"wp:term":[{"taxonomy":"product_brand","embeddable":true,"href":"https:\/\/games.tactic.net\/pl\/wp-json\/wp\/v2\/product_brand?post=1369794"},{"taxonomy":"product_cat","embeddable":true,"href":"https:\/\/games.tactic.net\/pl\/wp-json\/wp\/v2\/product_cat?post=1369794"},{"taxonomy":"product_tag","embeddable":true,"href":"https:\/\/games.tactic.net\/pl\/wp-json\/wp\/v2\/product_tag?post=1369794"},{"taxonomy":"brand","embeddable":true,"href":"https:\/\/games.tactic.net\/pl\/wp-json\/wp\/v2\/brand?post=1369794"},{"taxonomy":"target-group","embeddable":true,"href":"https:\/\/games.tactic.net\/pl\/wp-json\/wp\/v2\/target-group?post=1369794"},{"taxonomy":"discontinued","embeddable":true,"href":"https:\/\/games.tactic.net\/pl\/wp-json\/wp\/v2\/discontinued?post=1369794"}],"curies":[{"name":"wp","href":"https:\/\/api.w.org\/{rel}","templated":true}]}}