{"id":1369787,"date":"2026-03-11T15:10:26","date_gmt":"2026-03-11T13:10:26","guid":{"rendered":"https:\/\/games.tactic.net\/tuote\/sunsport-badminton-2-rackets-and-balls\/"},"modified":"2026-03-11T15:10:26","modified_gmt":"2026-03-11T13:10:26","slug":"sunsport-badminton-2-rackets-and-balls","status":"publish","type":"product","link":"https:\/\/games.tactic.net\/pl\/tuote\/sunsport-badminton-2-rackets-and-balls\/","title":{"rendered":"Sunsport Badminton 2 rackets and balls"},"content":{"rendered":"<p>Lekkie i wytrzyma\u0142e rakietki do badmintona, przeznaczone do gry rekreacyjnej i profesjonalnej.<\/p>\n<p>Zestaw zawiera:<br \/>\n&#8211; 2 rakietki<br \/>\n&#8211; 2 lotki syntetyczne<br \/>\n&#8211; plastikowe etui<\/p>\n<p>Cechy:<br \/>\nWymiary: 65,5 cm X 22 cm X 2 cm<br \/>\nMateria\u0142: Trzon stalowy+Aluminium<br \/>\nWaga: 1 rakieta wa\u017cy ok. 80 gram\u00f3w. <\/p>\n<p>Sercem firmy Bex Sport jest nasza pasja do oferowania produkt\u00f3w, kt\u00f3re daj\u0105 rado\u015b\u0107. Rado\u015b\u0107 zar\u00f3wno m\u0142odszym, jak i starszym, w\u015br\u00f3d rodziny i przyjaci\u00f3\u0142. Uwielbiamy wymy\u015bla\u0107 i produkowa\u0107 gry, kt\u00f3rymi mo\u017cna si\u0119 cieszy\u0107 zar\u00f3wno w domu, jak i na zewn\u0105trz. Proste zasady, kt\u00f3re pozwalaj\u0105 szybko rozpocz\u0105\u0107 gr\u0119, a w razie potrzeby dostosowa\u0107 zasady tak, aby ka\u017cdy m\u00f3g\u0142 si\u0119 nimi cieszy\u0107. Zesp\u00f3\u0142 ds. zakup\u00f3w w firmie Bex Sport nieustannie d\u0105\u017cy do zapewnienia najlepszej jako\u015bci i wzornictwa w atrakcyjnym opakowaniu.<\/p>\n","protected":false},"excerpt":{"rendered":"<p>Lekkie i wytrzyma\u0142e rakietki do badmintona, przeznaczone do gry rekreacyjnej i profesjonalnej. Zestaw zawiera: &#8211; 2 rakietki &#8211; 2 lotki syntetyczne &#8211; plastikowe etui Cechy: Wymiary: 65,5 cm X 22 cm X 2 cm Materia\u0142: Trzon stalowy+Aluminium Waga: 1 rakieta wa\u017cy ok. 80 gram\u00f3w. Sercem firmy Bex Sport jest nasza pasja do oferowania produkt\u00f3w, kt\u00f3re [&hellip;]<\/p>\n","protected":false},"featured_media":0,"template":"","meta":{"content-type":"","_monsterinsights_skip_tracking":false,"_monsterinsights_sitenote_active":false,"_monsterinsights_sitenote_note":"","_monsterinsights_sitenote_category":0},"product_brand":[],"product_cat":[2330],"product_tag":[],"brand":[{"id":2095,"name":"BEX Sport","slug":"bex-sport"}],"target-group":[],"discontinued":[],"class_list":{"0":"post-1369787","1":"product","2":"type-product","3":"status-publish","5":"product_cat-bex-sport-gry-plenerowe","6":"brand-bex-sport","8":"first","9":"instock","10":"taxable","11":"shipping-taxable","12":"product-type-simple"},"aioseo_notices":[],"_links":{"self":[{"href":"https:\/\/games.tactic.net\/pl\/wp-json\/wp\/v2\/product\/1369787","targetHints":{"allow":["GET"]}}],"collection":[{"href":"https:\/\/games.tactic.net\/pl\/wp-json\/wp\/v2\/product"}],"about":[{"href":"https:\/\/games.tactic.net\/pl\/wp-json\/wp\/v2\/types\/product"}],"wp:attachment":[{"href":"https:\/\/games.tactic.net\/pl\/wp-json\/wp\/v2\/media?parent=1369787"}],"wp:term":[{"taxonomy":"product_brand","embeddable":true,"href":"https:\/\/games.tactic.net\/pl\/wp-json\/wp\/v2\/product_brand?post=1369787"},{"taxonomy":"product_cat","embeddable":true,"href":"https:\/\/games.tactic.net\/pl\/wp-json\/wp\/v2\/product_cat?post=1369787"},{"taxonomy":"product_tag","embeddable":true,"href":"https:\/\/games.tactic.net\/pl\/wp-json\/wp\/v2\/product_tag?post=1369787"},{"taxonomy":"brand","embeddable":true,"href":"https:\/\/games.tactic.net\/pl\/wp-json\/wp\/v2\/brand?post=1369787"},{"taxonomy":"target-group","embeddable":true,"href":"https:\/\/games.tactic.net\/pl\/wp-json\/wp\/v2\/target-group?post=1369787"},{"taxonomy":"discontinued","embeddable":true,"href":"https:\/\/games.tactic.net\/pl\/wp-json\/wp\/v2\/discontinued?post=1369787"}],"curies":[{"name":"wp","href":"https:\/\/api.w.org\/{rel}","templated":true}]}}