{"id":1369781,"date":"2026-03-11T15:09:42","date_gmt":"2026-03-11T13:09:42","guid":{"rendered":"https:\/\/games.tactic.net\/tuote\/bex-cornhole-pro-1pcs-with-carry-storage-bag\/"},"modified":"2026-03-11T15:09:42","modified_gmt":"2026-03-11T13:09:42","slug":"bex-cornhole-pro-1pcs-with-carry-storage-bag","status":"publish","type":"product","link":"https:\/\/games.tactic.net\/pl\/tuote\/bex-cornhole-pro-1pcs-with-carry-storage-bag\/","title":{"rendered":"Bex Cornhole PRO 1pcs with carry\/storage bag"},"content":{"rendered":"<p>Cornhole PRO. Oficjalny rozmiar turniejowy gry Cornhole z polem gry 120 x 60 cm. Bardzo modna gra u\u017cywana w oficjalnych turniejach. W zestawie 2 komplety woreczk\u00f3w, r\u00f3wnie\u017c w oficjalnej jako\u015bci i wadze turniejowej 450 g. Z torb\u0105 do przechowywania.<\/p>\n","protected":false},"excerpt":{"rendered":"<p>Cornhole PRO. Oficjalny rozmiar turniejowy gry Cornhole z polem gry 120 x 60 cm. Bardzo modna gra u\u017cywana w oficjalnych turniejach. W zestawie 2 komplety woreczk\u00f3w, r\u00f3wnie\u017c w oficjalnej jako\u015bci i wadze turniejowej 450 g. Z torb\u0105 do przechowywania.<\/p>\n","protected":false},"featured_media":0,"template":"","meta":{"content-type":"","_monsterinsights_skip_tracking":false,"_monsterinsights_sitenote_active":false,"_monsterinsights_sitenote_note":"","_monsterinsights_sitenote_category":0},"product_brand":[],"product_cat":[2330],"product_tag":[],"brand":[],"target-group":[],"discontinued":[],"class_list":{"0":"post-1369781","1":"product","2":"type-product","3":"status-publish","5":"product_cat-bex-sport-gry-plenerowe","7":"first","8":"outofstock","9":"taxable","10":"shipping-taxable","11":"product-type-simple"},"aioseo_notices":[],"_links":{"self":[{"href":"https:\/\/games.tactic.net\/pl\/wp-json\/wp\/v2\/product\/1369781","targetHints":{"allow":["GET"]}}],"collection":[{"href":"https:\/\/games.tactic.net\/pl\/wp-json\/wp\/v2\/product"}],"about":[{"href":"https:\/\/games.tactic.net\/pl\/wp-json\/wp\/v2\/types\/product"}],"wp:attachment":[{"href":"https:\/\/games.tactic.net\/pl\/wp-json\/wp\/v2\/media?parent=1369781"}],"wp:term":[{"taxonomy":"product_brand","embeddable":true,"href":"https:\/\/games.tactic.net\/pl\/wp-json\/wp\/v2\/product_brand?post=1369781"},{"taxonomy":"product_cat","embeddable":true,"href":"https:\/\/games.tactic.net\/pl\/wp-json\/wp\/v2\/product_cat?post=1369781"},{"taxonomy":"product_tag","embeddable":true,"href":"https:\/\/games.tactic.net\/pl\/wp-json\/wp\/v2\/product_tag?post=1369781"},{"taxonomy":"brand","embeddable":true,"href":"https:\/\/games.tactic.net\/pl\/wp-json\/wp\/v2\/brand?post=1369781"},{"taxonomy":"target-group","embeddable":true,"href":"https:\/\/games.tactic.net\/pl\/wp-json\/wp\/v2\/target-group?post=1369781"},{"taxonomy":"discontinued","embeddable":true,"href":"https:\/\/games.tactic.net\/pl\/wp-json\/wp\/v2\/discontinued?post=1369781"}],"curies":[{"name":"wp","href":"https:\/\/api.w.org\/{rel}","templated":true}]}}