{"id":1369775,"date":"2026-03-11T15:09:06","date_gmt":"2026-03-11T13:09:06","guid":{"rendered":"https:\/\/games.tactic.net\/tuote\/sunsport-badminton-4-play-complete-set\/"},"modified":"2026-03-11T15:09:06","modified_gmt":"2026-03-11T13:09:06","slug":"sunsport-badminton-4-play-complete-set","status":"publish","type":"product","link":"https:\/\/games.tactic.net\/pl\/tuote\/sunsport-badminton-4-play-complete-set\/","title":{"rendered":"Sunsport Badminton 4-Play complete set"},"content":{"rendered":"<p>Kompletny zestaw do badmintona dla czterech os\u00f3b. <\/p>\n<p>W zestawie:<br \/>\n&#8211; 4 rakietki stal+aluminium (waga jednej ok. 70 g). Do gry rekreacyjnej i profesjonalnej<br \/>\n&#8211; 4 lotki do badmintona syntetyczne<br \/>\n&#8211; 1 siatka do badmintona<br \/>\n&#8211; 2 tyczki (6 cz\u0119\u015bci)<br \/>\n&#8211; Dodatkowe paski i \u015bledzie do stabilizacji siatki<br \/>\n&#8211; Zasady i instrukcje<br \/>\n&#8211; Torba do przechowywania<\/p>\n<p>Bex Sport to szwedzki producent gier rekreacyjnych i sportowych, przeznaczonych do zabawy w domu jak i na \u015bwie\u017cym powietrzu. Nasz\u0105 pasj\u0105 jest tworzenie produkt\u00f3w, kt\u00f3re dostarczaj\u0105 rado\u015bci zar\u00f3wno dzieciom, jak i doros\u0142ym. Projektujemy gry o prostych zasadach, kt\u00f3re pozwalaj\u0105 szybko rozpocz\u0105\u0107 rozgrywk\u0119 i \u0142atwo dostosowa\u0107 j\u0105 do r\u00f3\u017cnych uczestnik\u00f3w. Nasze najwa\u017cniejsze marki to Bex \u2013 drewniane gry plenerowe, Gamesson \u2013 sto\u0142y sportowe i Dart, Sunsport \u2013 gry zespo\u0142owe. Dbamy o wysok\u0105 jako\u015b\u0107, nowoczesne wzornictwo i atrakcyjne opakowania. W 2022 roku Bex Sport po\u0142\u0105czy\u0142o si\u0142y z fi\u0144sk\u0105 firm\u0105 Tactic Games Oy, producentem wysokiej jako\u015bci gier rodzinnych. Tactic przyk\u0142ada du\u017c\u0105 wag\u0119 do zr\u00f3wnowa\u017conego rozwoju, monitoruj\u0105c \u015blad w\u0119glowy i zapewniaj\u0105c pe\u0142n\u0105 identyfikowalno\u015b\u0107 u\u017cywanych materia\u0142\u00f3w.<\/p>\n","protected":false},"excerpt":{"rendered":"<p>Kompletny zestaw do badmintona dla czterech os\u00f3b. W zestawie: &#8211; 4 rakietki stal+aluminium (waga jednej ok. 70 g). Do gry rekreacyjnej i profesjonalnej &#8211; 4 lotki do badmintona syntetyczne &#8211; 1 siatka do badmintona &#8211; 2 tyczki (6 cz\u0119\u015bci) &#8211; Dodatkowe paski i \u015bledzie do stabilizacji siatki &#8211; Zasady i instrukcje &#8211; Torba do przechowywania [&hellip;]<\/p>\n","protected":false},"featured_media":0,"template":"","meta":{"content-type":"","_monsterinsights_skip_tracking":false,"_monsterinsights_sitenote_active":false,"_monsterinsights_sitenote_note":"","_monsterinsights_sitenote_category":0},"product_brand":[],"product_cat":[2330],"product_tag":[],"brand":[],"target-group":[],"discontinued":[],"class_list":{"0":"post-1369775","1":"product","2":"type-product","3":"status-publish","5":"product_cat-bex-sport-gry-plenerowe","7":"first","8":"outofstock","9":"taxable","10":"shipping-taxable","11":"product-type-simple"},"aioseo_notices":[],"_links":{"self":[{"href":"https:\/\/games.tactic.net\/pl\/wp-json\/wp\/v2\/product\/1369775","targetHints":{"allow":["GET"]}}],"collection":[{"href":"https:\/\/games.tactic.net\/pl\/wp-json\/wp\/v2\/product"}],"about":[{"href":"https:\/\/games.tactic.net\/pl\/wp-json\/wp\/v2\/types\/product"}],"wp:attachment":[{"href":"https:\/\/games.tactic.net\/pl\/wp-json\/wp\/v2\/media?parent=1369775"}],"wp:term":[{"taxonomy":"product_brand","embeddable":true,"href":"https:\/\/games.tactic.net\/pl\/wp-json\/wp\/v2\/product_brand?post=1369775"},{"taxonomy":"product_cat","embeddable":true,"href":"https:\/\/games.tactic.net\/pl\/wp-json\/wp\/v2\/product_cat?post=1369775"},{"taxonomy":"product_tag","embeddable":true,"href":"https:\/\/games.tactic.net\/pl\/wp-json\/wp\/v2\/product_tag?post=1369775"},{"taxonomy":"brand","embeddable":true,"href":"https:\/\/games.tactic.net\/pl\/wp-json\/wp\/v2\/brand?post=1369775"},{"taxonomy":"target-group","embeddable":true,"href":"https:\/\/games.tactic.net\/pl\/wp-json\/wp\/v2\/target-group?post=1369775"},{"taxonomy":"discontinued","embeddable":true,"href":"https:\/\/games.tactic.net\/pl\/wp-json\/wp\/v2\/discontinued?post=1369775"}],"curies":[{"name":"wp","href":"https:\/\/api.w.org\/{rel}","templated":true}]}}