{"id":1369768,"date":"2026-03-11T15:08:17","date_gmt":"2026-03-11T13:08:17","guid":{"rendered":"https:\/\/games.tactic.net\/tuote\/bex-sport-gamesson-beast-steeltip-darts-20gr\/"},"modified":"2026-03-11T15:08:17","modified_gmt":"2026-03-11T13:08:17","slug":"bex-sport-gamesson-beast-steeltip-darts-20gr","status":"publish","type":"product","link":"https:\/\/games.tactic.net\/pl\/tuote\/bex-sport-gamesson-beast-steeltip-darts-20gr\/","title":{"rendered":"Bex Sport Gamesson Beast Steeltip Darts 20gr"},"content":{"rendered":"<p>Rzutki mosi\u0119\u017cne, nylonowe trzonki, zaawansowane technologicznie pi\u00f3rka, waga 20 g.<\/p>\n","protected":false},"excerpt":{"rendered":"<p>Rzutki mosi\u0119\u017cne, nylonowe trzonki, zaawansowane technologicznie pi\u00f3rka, waga 20 g.<\/p>\n","protected":false},"featured_media":0,"template":"","meta":{"content-type":"","_monsterinsights_skip_tracking":false,"_monsterinsights_sitenote_active":false,"_monsterinsights_sitenote_note":"","_monsterinsights_sitenote_category":0},"product_brand":[],"product_cat":[2330],"product_tag":[],"brand":[{"id":2095,"name":"BEX Sport","slug":"bex-sport"}],"target-group":[],"discontinued":[],"class_list":{"0":"post-1369768","1":"product","2":"type-product","3":"status-publish","5":"product_cat-bex-sport-gry-plenerowe","6":"brand-bex-sport","8":"first","9":"outofstock","10":"taxable","11":"shipping-taxable","12":"product-type-simple"},"aioseo_notices":[],"_links":{"self":[{"href":"https:\/\/games.tactic.net\/pl\/wp-json\/wp\/v2\/product\/1369768","targetHints":{"allow":["GET"]}}],"collection":[{"href":"https:\/\/games.tactic.net\/pl\/wp-json\/wp\/v2\/product"}],"about":[{"href":"https:\/\/games.tactic.net\/pl\/wp-json\/wp\/v2\/types\/product"}],"wp:attachment":[{"href":"https:\/\/games.tactic.net\/pl\/wp-json\/wp\/v2\/media?parent=1369768"}],"wp:term":[{"taxonomy":"product_brand","embeddable":true,"href":"https:\/\/games.tactic.net\/pl\/wp-json\/wp\/v2\/product_brand?post=1369768"},{"taxonomy":"product_cat","embeddable":true,"href":"https:\/\/games.tactic.net\/pl\/wp-json\/wp\/v2\/product_cat?post=1369768"},{"taxonomy":"product_tag","embeddable":true,"href":"https:\/\/games.tactic.net\/pl\/wp-json\/wp\/v2\/product_tag?post=1369768"},{"taxonomy":"brand","embeddable":true,"href":"https:\/\/games.tactic.net\/pl\/wp-json\/wp\/v2\/brand?post=1369768"},{"taxonomy":"target-group","embeddable":true,"href":"https:\/\/games.tactic.net\/pl\/wp-json\/wp\/v2\/target-group?post=1369768"},{"taxonomy":"discontinued","embeddable":true,"href":"https:\/\/games.tactic.net\/pl\/wp-json\/wp\/v2\/discontinued?post=1369768"}],"curies":[{"name":"wp","href":"https:\/\/api.w.org\/{rel}","templated":true}]}}