{"id":1369748,"date":"2026-03-05T08:12:37","date_gmt":"2026-03-05T06:12:37","guid":{"rendered":"https:\/\/games.tactic.net\/tuote\/mish-match\/"},"modified":"2026-03-05T08:12:37","modified_gmt":"2026-03-05T06:12:37","slug":"mish-match","status":"publish","type":"product","link":"https:\/\/games.tactic.net\/pl\/tuote\/mish-match\/","title":{"rendered":"Mish Match"},"content":{"rendered":"<p>Co wsp\u00f3lnego ma g\u0142odna koza z imprezowym flamingiem? Wi\u0119cej ni\u017c my\u015blisz! W tej zwodniczo prostej, ale przezabawnej grze z zielonymi sus\u0142ami, pandami na wrotkach i innymi dziwnymi postaciami, (prawie) wszystko jest mo\u017cliwe.<br \/>\nW dynamicznej i pe\u0142nej j\u0119zykowych wyzwa\u0144 grze Mish Match, spostrzegawczo\u015b\u0107 i refleks do podstawa. Gracze musz\u0105 jako pierwsi dostrzec pasuj\u0105c\u0105 par\u0119. Im wi\u0119cej wsp\u00f3lnych cech, tym ciekawiej si\u0119 robi. Trzymaj g\u0142ow\u0119 na karku, oczy szeroko otwarte i pu\u015b\u0107 j\u0119zyk w ruch!<\/p>\n<p>Zawarto\u015b\u0107: 55 kart; instrukcja z zasadami on-line.<br \/>\n\u015aredni czas gry: 15 minut.<br \/>\nGra dla 2-6 graczy w wieku 7+ lat.<\/p>\n<p>Od 1967 roku fi\u0144ska firma Tactic Games jest znana z innowacyjnych, ekscytuj\u0105cych i jako\u015bciowych gier, kt\u00f3re zachwycaj\u0105 miliony rodzin na ca\u0142ym \u015bwiecie. Nasz\u0105 misj\u0105 jest produkcja gier planszowych, kt\u00f3re pomagaj\u0105 rodzinom i przyjacio\u0142om sp\u0119dza\u0107 razem czas. Chcemy, aby nasze gry przyci\u0105ga\u0142y do wsp\u00f3lnej dobrej zabawy, \u015bmiechu i rozwi\u0105zywania problem\u00f3w. Witamy w ekscytuj\u0105cym \u015bwiecie nordyckich gier! Bawmy si\u0119 RAZEM! Firma Tactic Games posiada certyfikaty FSC i PEFC i swoj\u0105 polityk\u0105 d\u0105\u017cy do minimalizacji \u015bladu w\u0119glowego.<\/p>\n","protected":false},"excerpt":{"rendered":"<p>Co wsp\u00f3lnego ma g\u0142odna koza z imprezowym flamingiem? Wi\u0119cej ni\u017c my\u015blisz! W tej zwodniczo prostej, ale przezabawnej grze z zielonymi sus\u0142ami, pandami na wrotkach i innymi dziwnymi postaciami, (prawie) wszystko jest mo\u017cliwe. W dynamicznej i pe\u0142nej j\u0119zykowych wyzwa\u0144 grze Mish Match, spostrzegawczo\u015b\u0107 i refleks do podstawa. Gracze musz\u0105 jako pierwsi dostrzec pasuj\u0105c\u0105 par\u0119. Im wi\u0119cej [&hellip;]<\/p>\n","protected":false},"featured_media":0,"template":"","meta":{"content-type":"","_monsterinsights_skip_tracking":false,"_monsterinsights_sitenote_active":false,"_monsterinsights_sitenote_note":"","_monsterinsights_sitenote_category":0},"product_brand":[],"product_cat":[340],"product_tag":[1033,346],"brand":[],"target-group":[],"discontinued":[],"class_list":{"0":"post-1369748","1":"product","2":"type-product","3":"status-publish","5":"product_cat-gry-dla-dzieci","6":"product_tag-losowosc","7":"product_tag-laczenie","9":"first","10":"instock","11":"taxable","12":"shipping-taxable","13":"product-type-simple"},"aioseo_notices":[],"_links":{"self":[{"href":"https:\/\/games.tactic.net\/pl\/wp-json\/wp\/v2\/product\/1369748","targetHints":{"allow":["GET"]}}],"collection":[{"href":"https:\/\/games.tactic.net\/pl\/wp-json\/wp\/v2\/product"}],"about":[{"href":"https:\/\/games.tactic.net\/pl\/wp-json\/wp\/v2\/types\/product"}],"wp:attachment":[{"href":"https:\/\/games.tactic.net\/pl\/wp-json\/wp\/v2\/media?parent=1369748"}],"wp:term":[{"taxonomy":"product_brand","embeddable":true,"href":"https:\/\/games.tactic.net\/pl\/wp-json\/wp\/v2\/product_brand?post=1369748"},{"taxonomy":"product_cat","embeddable":true,"href":"https:\/\/games.tactic.net\/pl\/wp-json\/wp\/v2\/product_cat?post=1369748"},{"taxonomy":"product_tag","embeddable":true,"href":"https:\/\/games.tactic.net\/pl\/wp-json\/wp\/v2\/product_tag?post=1369748"},{"taxonomy":"brand","embeddable":true,"href":"https:\/\/games.tactic.net\/pl\/wp-json\/wp\/v2\/brand?post=1369748"},{"taxonomy":"target-group","embeddable":true,"href":"https:\/\/games.tactic.net\/pl\/wp-json\/wp\/v2\/target-group?post=1369748"},{"taxonomy":"discontinued","embeddable":true,"href":"https:\/\/games.tactic.net\/pl\/wp-json\/wp\/v2\/discontinued?post=1369748"}],"curies":[{"name":"wp","href":"https:\/\/api.w.org\/{rel}","templated":true}]}}