{"id":1369747,"date":"2026-03-05T08:12:25","date_gmt":"2026-03-05T06:12:25","guid":{"rendered":"https:\/\/games.tactic.net\/tuote\/hex\/"},"modified":"2026-03-05T08:12:25","modified_gmt":"2026-03-05T06:12:25","slug":"hex","status":"publish","type":"product","link":"https:\/\/games.tactic.net\/pl\/tuote\/hex\/","title":{"rendered":"Hex!"},"content":{"rendered":"<p>Zwyk\u0142y Sabat to przy tym piku\u015b!<br \/>\nHEX to bezlitosne rzucenie uroku. HEX to r\u00f3wnie\u017c magiczna gra karciana z zakl\u0119ciami, czarownicami i smokami!<br \/>\nDobieraj postacie, rzucaj zakl\u0119cia i upewnij si\u0119, \u017ce Twoi go\u015bcie dotr\u0105 na czarodziejsk\u0105 imprez\u0119 jako pierwsi.<br \/>\nGo\u015bcie zbieraj\u0105 si\u0119 przy wej\u015bciu, lecz wej\u015bcie nie jest takie proste&#8230;<br \/>\nTwoim zadaniem jest jak najszybciej wprowadzi\u0107 go\u015bci do \u015brodka. Rozegraj wszystkie swoje karty jako pierwszy, aby wygra\u0107!<\/p>\n<p>Niechaj ta magiczna ba\u015bniowa impreza, gdzie ksi\u0119gi czar\u00f3w migoc\u0105 tajemniczymi iskrami, zaraz si\u0119 ju\u017c zacznie&#8230; <\/p>\n<p>Zawarto\u015b\u0107: 55 kart (45 Kart Postaci, 10 Kart Zakl\u0119\u0107); instrukcja z zasadami on-line.<br \/>\n\u015aredni czas gry: 15 minut.<br \/>\nGra dla 2-6 graczy w wieku 7+ lat.<\/p>\n<p>Od 1967 roku fi\u0144ska firma Tactic Games jest znana z innowacyjnych, ekscytuj\u0105cych i jako\u015bciowych gier, kt\u00f3re zachwycaj\u0105 miliony rodzin na ca\u0142ym \u015bwiecie. Nasz\u0105 misj\u0105 jest produkcja gier planszowych, kt\u00f3re pomagaj\u0105 rodzinom i przyjacio\u0142om sp\u0119dza\u0107 razem czas. Chcemy, aby nasze gry przyci\u0105ga\u0142y do wsp\u00f3lnej dobrej zabawy, \u015bmiechu i rozwi\u0105zywania problem\u00f3w. Witamy w ekscytuj\u0105cym \u015bwiecie nordyckich gier! Bawmy si\u0119 RAZEM! Firma Tactic Games posiada certyfikaty FSC i PEFC i swoj\u0105 polityk\u0105 d\u0105\u017cy do minimalizacji \u015bladu w\u0119glowego.<\/p>\n","protected":false},"excerpt":{"rendered":"<p>Zwyk\u0142y Sabat to przy tym piku\u015b! HEX to bezlitosne rzucenie uroku. HEX to r\u00f3wnie\u017c magiczna gra karciana z zakl\u0119ciami, czarownicami i smokami! Dobieraj postacie, rzucaj zakl\u0119cia i upewnij si\u0119, \u017ce Twoi go\u015bcie dotr\u0105 na czarodziejsk\u0105 imprez\u0119 jako pierwsi. Go\u015bcie zbieraj\u0105 si\u0119 przy wej\u015bciu, lecz wej\u015bcie nie jest takie proste&#8230; Twoim zadaniem jest jak najszybciej wprowadzi\u0107 [&hellip;]<\/p>\n","protected":false},"featured_media":0,"template":"","meta":{"content-type":"","_monsterinsights_skip_tracking":false,"_monsterinsights_sitenote_active":false,"_monsterinsights_sitenote_note":"","_monsterinsights_sitenote_category":0},"product_brand":[],"product_cat":[340],"product_tag":[1033,346],"brand":[],"target-group":[],"discontinued":[],"class_list":{"0":"post-1369747","1":"product","2":"type-product","3":"status-publish","5":"product_cat-gry-dla-dzieci","6":"product_tag-losowosc","7":"product_tag-laczenie","9":"first","10":"instock","11":"taxable","12":"shipping-taxable","13":"product-type-simple"},"aioseo_notices":[],"_links":{"self":[{"href":"https:\/\/games.tactic.net\/pl\/wp-json\/wp\/v2\/product\/1369747","targetHints":{"allow":["GET"]}}],"collection":[{"href":"https:\/\/games.tactic.net\/pl\/wp-json\/wp\/v2\/product"}],"about":[{"href":"https:\/\/games.tactic.net\/pl\/wp-json\/wp\/v2\/types\/product"}],"wp:attachment":[{"href":"https:\/\/games.tactic.net\/pl\/wp-json\/wp\/v2\/media?parent=1369747"}],"wp:term":[{"taxonomy":"product_brand","embeddable":true,"href":"https:\/\/games.tactic.net\/pl\/wp-json\/wp\/v2\/product_brand?post=1369747"},{"taxonomy":"product_cat","embeddable":true,"href":"https:\/\/games.tactic.net\/pl\/wp-json\/wp\/v2\/product_cat?post=1369747"},{"taxonomy":"product_tag","embeddable":true,"href":"https:\/\/games.tactic.net\/pl\/wp-json\/wp\/v2\/product_tag?post=1369747"},{"taxonomy":"brand","embeddable":true,"href":"https:\/\/games.tactic.net\/pl\/wp-json\/wp\/v2\/brand?post=1369747"},{"taxonomy":"target-group","embeddable":true,"href":"https:\/\/games.tactic.net\/pl\/wp-json\/wp\/v2\/target-group?post=1369747"},{"taxonomy":"discontinued","embeddable":true,"href":"https:\/\/games.tactic.net\/pl\/wp-json\/wp\/v2\/discontinued?post=1369747"}],"curies":[{"name":"wp","href":"https:\/\/api.w.org\/{rel}","templated":true}]}}