{"id":1369746,"date":"2026-03-04T11:06:17","date_gmt":"2026-03-04T09:06:17","guid":{"rendered":"https:\/\/games.tactic.net\/tuote\/alias-muminki\/"},"modified":"2026-03-04T11:06:17","modified_gmt":"2026-03-04T09:06:17","slug":"alias-muminki","status":"publish","type":"product","link":"https:\/\/games.tactic.net\/pl\/tuote\/alias-muminki\/","title":{"rendered":"Alias Muminki"},"content":{"rendered":"<p>Ca\u0142y dom Mumink\u00f3w stan\u0105\u0142 na g\u0142owie!<br \/>\nPom\u00f3\u017c mieszka\u0144com Doliny Mumink\u00f3w odnale\u017a\u0107 si\u0119 nawzajem, przywracaj\u0105c wszystko na swoje miejsce.<br \/>\nZakr\u0119\u0107 strza\u0142k\u0105 i obja\u015bnij przedmioty, kt\u00f3re widzisz na kartach. Poniewa\u017c ka\u017cdy przedmiot jest r\u00f3wnie\u017c pokazany na planszy, obja\u015bnianie i zgadywanie jest teraz prostsze ni\u017c kiedykolwiek! <\/p>\n<p>Zawarto\u015b\u0107: plansza do gry, 64 karty, 4 pionki, ruletka Filifionki (5 tekturowych element\u00f3w + plastikowy ko\u0142ek), instrukcja.<br \/>\n\u015aredni czas gry: 20 minut.<br \/>\nGra dla 3-4 graczy w wieku 3+ lat.<\/p>\n<p>Od 1967 roku fi\u0144ska firma Tactic Games jest znana z innowacyjnych, ekscytuj\u0105cych i jako\u015bciowych gier, kt\u00f3re zachwycaj\u0105 miliony rodzin na ca\u0142ym \u015bwiecie. Nasz\u0105 misj\u0105 jest produkcja gier planszowych, kt\u00f3re pomagaj\u0105 rodzinom i przyjacio\u0142om sp\u0119dza\u0107 razem czas. Chcemy, aby nasze gry przyci\u0105ga\u0142y do wsp\u00f3lnej dobrej zabawy, \u015bmiechu i rozwi\u0105zywania problem\u00f3w. Witamy w ekscytuj\u0105cym \u015bwiecie nordyckich gier! Bawmy si\u0119 RAZEM! Firma Tactic Games posiada certyfikaty FSC i PEFC i swoj\u0105 polityk\u0105 d\u0105\u017cy do minimalizacji \u015bladu w\u0119glowego.<\/p>\n","protected":false},"excerpt":{"rendered":"<p>Ca\u0142y dom Mumink\u00f3w stan\u0105\u0142 na g\u0142owie! Pom\u00f3\u017c mieszka\u0144com Doliny Mumink\u00f3w odnale\u017a\u0107 si\u0119 nawzajem, przywracaj\u0105c wszystko na swoje miejsce. Zakr\u0119\u0107 strza\u0142k\u0105 i obja\u015bnij przedmioty, kt\u00f3re widzisz na kartach. Poniewa\u017c ka\u017cdy przedmiot jest r\u00f3wnie\u017c pokazany na planszy, obja\u015bnianie i zgadywanie jest teraz prostsze ni\u017c kiedykolwiek! Zawarto\u015b\u0107: plansza do gry, 64 karty, 4 pionki, ruletka Filifionki (5 tekturowych [&hellip;]<\/p>\n","protected":false},"featured_media":0,"template":"","meta":{"content-type":"","_monsterinsights_skip_tracking":false,"_monsterinsights_sitenote_active":false,"_monsterinsights_sitenote_note":"","_monsterinsights_sitenote_category":0},"product_brand":[],"product_cat":[340,349],"product_tag":[],"brand":[{"id":601,"name":"Alias","slug":"alias_pl"}],"target-group":[],"discontinued":[],"class_list":{"0":"post-1369746","1":"product","2":"type-product","3":"status-publish","5":"product_cat-gry-dla-dzieci","6":"product_cat-gry-rodzinne","7":"brand-alias_pl","9":"first","10":"instock","11":"taxable","12":"shipping-taxable","13":"product-type-simple"},"aioseo_notices":[],"_links":{"self":[{"href":"https:\/\/games.tactic.net\/pl\/wp-json\/wp\/v2\/product\/1369746","targetHints":{"allow":["GET"]}}],"collection":[{"href":"https:\/\/games.tactic.net\/pl\/wp-json\/wp\/v2\/product"}],"about":[{"href":"https:\/\/games.tactic.net\/pl\/wp-json\/wp\/v2\/types\/product"}],"wp:attachment":[{"href":"https:\/\/games.tactic.net\/pl\/wp-json\/wp\/v2\/media?parent=1369746"}],"wp:term":[{"taxonomy":"product_brand","embeddable":true,"href":"https:\/\/games.tactic.net\/pl\/wp-json\/wp\/v2\/product_brand?post=1369746"},{"taxonomy":"product_cat","embeddable":true,"href":"https:\/\/games.tactic.net\/pl\/wp-json\/wp\/v2\/product_cat?post=1369746"},{"taxonomy":"product_tag","embeddable":true,"href":"https:\/\/games.tactic.net\/pl\/wp-json\/wp\/v2\/product_tag?post=1369746"},{"taxonomy":"brand","embeddable":true,"href":"https:\/\/games.tactic.net\/pl\/wp-json\/wp\/v2\/brand?post=1369746"},{"taxonomy":"target-group","embeddable":true,"href":"https:\/\/games.tactic.net\/pl\/wp-json\/wp\/v2\/target-group?post=1369746"},{"taxonomy":"discontinued","embeddable":true,"href":"https:\/\/games.tactic.net\/pl\/wp-json\/wp\/v2\/discontinued?post=1369746"}],"curies":[{"name":"wp","href":"https:\/\/api.w.org\/{rel}","templated":true}]}}