{"id":1369602,"date":"2026-02-14T16:50:21","date_gmt":"2026-02-14T14:50:21","guid":{"rendered":"https:\/\/games.tactic.net\/tuote\/uczmy-sie-wiedza-od-a-do-z-iq-bingo\/"},"modified":"2026-02-14T16:50:21","modified_gmt":"2026-02-14T14:50:21","slug":"uczmy-sie-wiedza-od-a-do-z-iq-bingo","status":"publish","type":"product","link":"https:\/\/games.tactic.net\/pl\/tuote\/uczmy-sie-wiedza-od-a-do-z-iq-bingo\/","title":{"rendered":"Uczmy si\u0119: Wiedza od A do Z &#8211; IQ Bingo"},"content":{"rendered":"<p>Czy potrafisz wskaza\u0107 w\u0142a\u015bciw\u0105 kolejno\u015b\u0107? Rozwi\u0105zuj zabawne zadania, poka\u017c swoj\u0105 odpowied\u017a gestem \u201epapier\u2013kamie\u0144\u2013no\u017cyce\u201d i zaznacz swoje punkty na planszy bingo! \u0141atwa do nauczenia i pe\u0142na \u015bwietnej zabawy! Zawiera 100 unikalnych zada\u0144, kt\u00f3re przetestuj\u0105 Tw\u00f3j umys\u0142. <\/p>\n<p>Doskona\u0142y trening umys\u0142u dziecka autorstwa dr Reinera Knizia.<br \/>\nPo\u0142\u0105cz dwa zestawy IQ Bingo, aby stworzy\u0107 superwersj\u0119 dla 4 graczy!<\/p>\n<p>Zawarto\u015b\u0107: 100 kart (100 zada\u0144), 2 plansze bingo, 24 \u017cetony, instrukcja.<br \/>\n\u015aredni czas gry: 15 minut.<br \/>\nGra dla 2 graczy w wieku 7-11 lat.<\/p>\n<p>Od 1967 roku fi\u0144ska firma Tactic Games jest znana z innowacyjnych, ekscytuj\u0105cych i jako\u015bciowych gier, kt\u00f3re zachwycaj\u0105 miliony rodzin na ca\u0142ym \u015bwiecie. Nasz\u0105 misj\u0105 jest produkcja gier planszowych, kt\u00f3re pomagaj\u0105 rodzinom i przyjacio\u0142om sp\u0119dza\u0107 razem czas. Chcemy, aby nasze gry przyci\u0105ga\u0142y do wsp\u00f3lnej dobrej zabawy, \u015bmiechu i rozwi\u0105zywania problem\u00f3w. Witamy w ekscytuj\u0105cym \u015bwiecie nordyckich gier! Bawmy si\u0119 RAZEM! Firma Tactic Games posiada certyfikaty FSC i PEFC i swoj\u0105 polityk\u0105 d\u0105\u017cy do minimalizacji \u015bladu w\u0119glowego.<\/p>\n","protected":false},"excerpt":{"rendered":"<p>Czy potrafisz wskaza\u0107 w\u0142a\u015bciw\u0105 kolejno\u015b\u0107? Rozwi\u0105zuj zabawne zadania, poka\u017c swoj\u0105 odpowied\u017a gestem \u201epapier\u2013kamie\u0144\u2013no\u017cyce\u201d i zaznacz swoje punkty na planszy bingo! \u0141atwa do nauczenia i pe\u0142na \u015bwietnej zabawy! Zawiera 100 unikalnych zada\u0144, kt\u00f3re przetestuj\u0105 Tw\u00f3j umys\u0142. Doskona\u0142y trening umys\u0142u dziecka autorstwa dr Reinera Knizia. Po\u0142\u0105cz dwa zestawy IQ Bingo, aby stworzy\u0107 superwersj\u0119 dla 4 graczy! Zawarto\u015b\u0107: [&hellip;]<\/p>\n","protected":false},"featured_media":0,"template":"","meta":{"content-type":"","_monsterinsights_skip_tracking":false,"_monsterinsights_sitenote_active":false,"_monsterinsights_sitenote_note":"","_monsterinsights_sitenote_category":0},"product_brand":[],"product_cat":[1819,1796],"product_tag":[],"brand":[],"target-group":[],"discontinued":[],"class_list":{"0":"post-1369602","1":"product","2":"type-product","3":"status-publish","5":"product_cat-gry-edukacyjne","6":"product_cat-gry-planszowe-dla-dzieci","8":"first","9":"instock","10":"taxable","11":"shipping-taxable","12":"product-type-simple"},"aioseo_notices":[],"_links":{"self":[{"href":"https:\/\/games.tactic.net\/pl\/wp-json\/wp\/v2\/product\/1369602","targetHints":{"allow":["GET"]}}],"collection":[{"href":"https:\/\/games.tactic.net\/pl\/wp-json\/wp\/v2\/product"}],"about":[{"href":"https:\/\/games.tactic.net\/pl\/wp-json\/wp\/v2\/types\/product"}],"wp:attachment":[{"href":"https:\/\/games.tactic.net\/pl\/wp-json\/wp\/v2\/media?parent=1369602"}],"wp:term":[{"taxonomy":"product_brand","embeddable":true,"href":"https:\/\/games.tactic.net\/pl\/wp-json\/wp\/v2\/product_brand?post=1369602"},{"taxonomy":"product_cat","embeddable":true,"href":"https:\/\/games.tactic.net\/pl\/wp-json\/wp\/v2\/product_cat?post=1369602"},{"taxonomy":"product_tag","embeddable":true,"href":"https:\/\/games.tactic.net\/pl\/wp-json\/wp\/v2\/product_tag?post=1369602"},{"taxonomy":"brand","embeddable":true,"href":"https:\/\/games.tactic.net\/pl\/wp-json\/wp\/v2\/brand?post=1369602"},{"taxonomy":"target-group","embeddable":true,"href":"https:\/\/games.tactic.net\/pl\/wp-json\/wp\/v2\/target-group?post=1369602"},{"taxonomy":"discontinued","embeddable":true,"href":"https:\/\/games.tactic.net\/pl\/wp-json\/wp\/v2\/discontinued?post=1369602"}],"curies":[{"name":"wp","href":"https:\/\/api.w.org\/{rel}","templated":true}]}}