{"id":1369572,"date":"2026-02-14T15:42:42","date_gmt":"2026-02-14T13:42:42","guid":{"rendered":"https:\/\/games.tactic.net\/tuote\/sunsport-discgolf-set-start-tpe-plastic\/"},"modified":"2026-03-27T14:20:57","modified_gmt":"2026-03-27T12:20:57","slug":"sunsport-discgolf-set-start-tpe-plastic","status":"publish","type":"product","link":"https:\/\/games.tactic.net\/pl\/tuote\/sunsport-discgolf-set-start-tpe-plastic\/","title":{"rendered":"Sunsport Discgolf set START, TPE-plastic"},"content":{"rendered":"<p>Disc golf \u2013 to m\u0142oda dyscyplina sportu u\u017cywaj\u0105ca lataj\u0105cych dysk\u00f3w, w kt\u00f3rej gracze rzucaj\u0105 dyskiem na zasadach podobnych do tych znanych z golfa. Rozgrywka odbywa si\u0119 na polu z\u0142o\u017conym z 9 do 18 koszy, odpowiadaj\u0105cych do\u0142kom w golfie. Gracze zaliczaj\u0105 kosze poprzez rzuty dyskiem w kierunku celu. Dzi\u0119ki technologii dyski mog\u0105 mie\u0107 r\u00f3\u017cne wagi\/wielko\u015bci i aerodynamik\u0119<br \/>\nSzwedzka marka Sunsport oferuje zaskakuj\u0105co wytrzyma\u0142e dyski w dobrej cenie i jest szeroko dost\u0119pna w skandynawskich sieciach sportowych. Jest to marka szwedzkiej firmy Bex Sport, du\u017cego producenta wyposa\u017cenia sportowego. Dyski produkowane s\u0105 w Chinach.<br \/>\nOferowany komplet 3 dysk\u00f3w: PUTTER (lec\u0105cy prosto i stabilnie na kr\u00f3tkie dystanse) + MIDRANGE (dysk zaprojektowany do \u015brednich odleg\u0142o\u015bci) + DRIVER (do najdalszych rzut\u00f3w) do disc golfa przeznaczony dla pocz\u0105tkuj\u0105cych graczy. Wykonane s\u0105 ze sztywnego i wytrzyma\u0142ego termoplastycznego poliuretanu TPE.<br \/>\nZalety produktu<br \/>\n\u2022 Sunsport zestaw Start jest idealnym wyborem dla rozpoczynaj\u0105cych przygod\u0119 z tym sportem.<br \/>\n\u2022 Dzi\u0119ki praktycznemu opakowaniu i \u0142atwo je schowa\u0107 po grze.<br \/>\n\u2022 W zestawie kupisz je taniej ni\u017c pojedyncze dyski<br \/>\n\u2022 Plastiki TPE zapewniaj\u0105 powtarzalno\u015b\u0107 lotu i wytrzyma\u0142o\u015b\u0107.<br \/>\nZestaw zawiera losowy zestaw dysk\u00f3w typu Putter , Midrange i Driver.<br \/>\nWaga dysk\u00f3w to 165 \u2013 175 g, dyski wyst\u0119puj\u0105 w trzech losowo dobieranych kolorach.<br \/>\nStartowy plastik TPE Sunsport, jest zdecydowanie sztywniejszy ale wystarczaj\u0105co elastyczny. Dzi\u0119ki temu du\u017co bardziej wytrzyma\u0142y i stabilny od dysk\u00f3w pozosta\u0142ych producent\u00f3w.<\/p>\n<p>Bex Sport to szwedzki producent gier rekreacyjnych i sportowych, przeznaczonych do zabawy w domu jak i na \u015bwie\u017cym powietrzu. Nasz\u0105 pasj\u0105 jest tworzenie produkt\u00f3w, kt\u00f3re dostarczaj\u0105 rado\u015bci zar\u00f3wno dzieciom, jak i doros\u0142ym. Projektujemy gry o prostych zasadach, kt\u00f3re pozwalaj\u0105 szybko rozpocz\u0105\u0107 rozgrywk\u0119 i \u0142atwo dostosowa\u0107 j\u0105 do r\u00f3\u017cnych uczestnik\u00f3w. Nasze najwa\u017cniejsze marki to Bex \u2013 drewniane gry plenerowe, Gamesson \u2013 sto\u0142y sportowe i Dart, Sunsport \u2013 gry zespo\u0142owe. Dbamy o wysok\u0105 jako\u015b\u0107, nowoczesne wzornictwo i atrakcyjne opakowania. W 2022 roku Bex Sport po\u0142\u0105czy\u0142o si\u0142y z fi\u0144sk\u0105 firm\u0105 Tactic Games Oy, producentem wysokiej jako\u015bci gier rodzinnych. Tactic przyk\u0142ada du\u017c\u0105 wag\u0119 do zr\u00f3wnowa\u017conego rozwoju, monitoruj\u0105c \u015blad w\u0119glowy i zapewniaj\u0105c pe\u0142n\u0105 identyfikowalno\u015b\u0107 u\u017cywanych materia\u0142\u00f3w.<\/p>\n","protected":false},"excerpt":{"rendered":"<p>Disc golf \u2013 to m\u0142oda dyscyplina sportu u\u017cywaj\u0105ca lataj\u0105cych dysk\u00f3w, w kt\u00f3rej gracze rzucaj\u0105 dyskiem na zasadach podobnych do tych znanych z golfa. Rozgrywka odbywa si\u0119 na polu z\u0142o\u017conym z 9 do 18 koszy, odpowiadaj\u0105cych do\u0142kom w golfie. Gracze zaliczaj\u0105 kosze poprzez rzuty dyskiem w kierunku celu. Dzi\u0119ki technologii dyski mog\u0105 mie\u0107 r\u00f3\u017cne wagi\/wielko\u015bci i [&hellip;]<\/p>\n","protected":false},"featured_media":0,"template":"","meta":{"content-type":"","_monsterinsights_skip_tracking":false,"_monsterinsights_sitenote_active":false,"_monsterinsights_sitenote_note":"","_monsterinsights_sitenote_category":0},"product_brand":[],"product_cat":[2330],"product_tag":[],"brand":[{"id":2095,"name":"BEX Sport","slug":"bex-sport"}],"target-group":[],"discontinued":[],"class_list":{"0":"post-1369572","1":"product","2":"type-product","3":"status-publish","5":"product_cat-bex-sport-gry-plenerowe","6":"brand-bex-sport","8":"first","9":"outofstock","10":"taxable","11":"shipping-taxable","12":"product-type-simple"},"aioseo_notices":[],"_links":{"self":[{"href":"https:\/\/games.tactic.net\/pl\/wp-json\/wp\/v2\/product\/1369572","targetHints":{"allow":["GET"]}}],"collection":[{"href":"https:\/\/games.tactic.net\/pl\/wp-json\/wp\/v2\/product"}],"about":[{"href":"https:\/\/games.tactic.net\/pl\/wp-json\/wp\/v2\/types\/product"}],"wp:attachment":[{"href":"https:\/\/games.tactic.net\/pl\/wp-json\/wp\/v2\/media?parent=1369572"}],"wp:term":[{"taxonomy":"product_brand","embeddable":true,"href":"https:\/\/games.tactic.net\/pl\/wp-json\/wp\/v2\/product_brand?post=1369572"},{"taxonomy":"product_cat","embeddable":true,"href":"https:\/\/games.tactic.net\/pl\/wp-json\/wp\/v2\/product_cat?post=1369572"},{"taxonomy":"product_tag","embeddable":true,"href":"https:\/\/games.tactic.net\/pl\/wp-json\/wp\/v2\/product_tag?post=1369572"},{"taxonomy":"brand","embeddable":true,"href":"https:\/\/games.tactic.net\/pl\/wp-json\/wp\/v2\/brand?post=1369572"},{"taxonomy":"target-group","embeddable":true,"href":"https:\/\/games.tactic.net\/pl\/wp-json\/wp\/v2\/target-group?post=1369572"},{"taxonomy":"discontinued","embeddable":true,"href":"https:\/\/games.tactic.net\/pl\/wp-json\/wp\/v2\/discontinued?post=1369572"}],"curies":[{"name":"wp","href":"https:\/\/api.w.org\/{rel}","templated":true}]}}