{"id":1369506,"date":"2026-02-03T16:17:43","date_gmt":"2026-02-03T14:17:43","guid":{"rendered":"https:\/\/games.tactic.net\/tuote\/catdart-darts-soft-vampire-18gr\/"},"modified":"2026-02-03T16:17:43","modified_gmt":"2026-02-03T14:17:43","slug":"catdart-darts-soft-vampire-18gr","status":"publish","type":"product","link":"https:\/\/games.tactic.net\/pl\/tuote\/catdart-darts-soft-vampire-18gr\/","title":{"rendered":"Bex Sport Gamesson Vampire Softtip Darts 18gr"},"content":{"rendered":"<p>Profesjonalne rzutki CatDart s\u0105 fuzj\u0105 bada\u0144 laboratoryjnych nad w\u0142a\u015bciwo\u015bciami i wydajno\u015bci\u0105 najbardziej aerodynamicznych materia\u0142\u00f3w na \u015bwiecie i wiod\u0105cych technik produkcji. Rzutki Vampire posiadaj\u0105 precyzyjnie wykonane plastikowe ostrza, high-tech shafty, oraz wydajne lotki. Ca\u0142o\u015b\u0107 zapakowana w plastikowe wytrzyma\u0142e etui, dla najwy\u017cszej wydajno\u015bci sportowej.<\/p>\n<p>Zawarto\u015b\u0107:<br \/>\n3 metalowe profesjonalne rzutki do Darta, z wymiennymi elementami<\/p>\n<p>Cechy<br \/>\n&#8211; Metalowe rzutki SOFTIP z precyzyjnymi ostrzami (plastik)<br \/>\n&#8211; Nylonowe wymienne shafty<br \/>\n&#8211; Zaawansowane technologicznie, wydajne lotki<\/p>\n<p>Ca\u0142y zestaw w smuk\u0142ym etui.<\/p>\n<p>Waga 1 lotki 18g<br \/>\nWaga produktu: 200 g<\/p>\n<p>Pakowane w opakowaniu tekturowym z okienkem.<\/p>\n<p>Sercem firmy Bex Sport jest nasza pasja do oferowania produkt\u00f3w, kt\u00f3re daj\u0105 rado\u015b\u0107. Rado\u015b\u0107 zar\u00f3wno m\u0142odszym, jak i starszym, w\u015br\u00f3d rodziny i przyjaci\u00f3\u0142. Uwielbiamy wymy\u015bla\u0107 i produkowa\u0107 gry, kt\u00f3rymi mo\u017cna si\u0119 cieszy\u0107 zar\u00f3wno w domu, jak i na zewn\u0105trz. Proste zasady, kt\u00f3re pozwalaj\u0105 szybko rozpocz\u0105\u0107 gr\u0119, a w razie potrzeby dostosowa\u0107 zasady tak, aby ka\u017cdy m\u00f3g\u0142 si\u0119 nimi cieszy\u0107. Zesp\u00f3\u0142 ds. zakup\u00f3w w firmie Bex Sport nieustannie d\u0105\u017cy do zapewnienia najlepszej jako\u015bci i wzornictwa w atrakcyjnym opakowaniu.<\/p>\n","protected":false},"excerpt":{"rendered":"<p>Profesjonalne rzutki CatDart s\u0105 fuzj\u0105 bada\u0144 laboratoryjnych nad w\u0142a\u015bciwo\u015bciami i wydajno\u015bci\u0105 najbardziej aerodynamicznych materia\u0142\u00f3w na \u015bwiecie i wiod\u0105cych technik produkcji. Rzutki Vampire posiadaj\u0105 precyzyjnie wykonane plastikowe ostrza, high-tech shafty, oraz wydajne lotki. Ca\u0142o\u015b\u0107 zapakowana w plastikowe wytrzyma\u0142e etui, dla najwy\u017cszej wydajno\u015bci sportowej. Zawarto\u015b\u0107: 3 metalowe profesjonalne rzutki do Darta, z wymiennymi elementami Cechy &#8211; Metalowe [&hellip;]<\/p>\n","protected":false},"featured_media":0,"template":"","meta":{"content-type":"","_monsterinsights_skip_tracking":false,"_monsterinsights_sitenote_active":false,"_monsterinsights_sitenote_note":"","_monsterinsights_sitenote_category":0},"product_brand":[],"product_cat":[2330],"product_tag":[],"brand":[],"target-group":[],"discontinued":[],"class_list":{"0":"post-1369506","1":"product","2":"type-product","3":"status-publish","5":"product_cat-bex-sport-gry-plenerowe","7":"first","8":"outofstock","9":"taxable","10":"shipping-taxable","11":"product-type-simple"},"aioseo_notices":[],"_links":{"self":[{"href":"https:\/\/games.tactic.net\/pl\/wp-json\/wp\/v2\/product\/1369506","targetHints":{"allow":["GET"]}}],"collection":[{"href":"https:\/\/games.tactic.net\/pl\/wp-json\/wp\/v2\/product"}],"about":[{"href":"https:\/\/games.tactic.net\/pl\/wp-json\/wp\/v2\/types\/product"}],"wp:attachment":[{"href":"https:\/\/games.tactic.net\/pl\/wp-json\/wp\/v2\/media?parent=1369506"}],"wp:term":[{"taxonomy":"product_brand","embeddable":true,"href":"https:\/\/games.tactic.net\/pl\/wp-json\/wp\/v2\/product_brand?post=1369506"},{"taxonomy":"product_cat","embeddable":true,"href":"https:\/\/games.tactic.net\/pl\/wp-json\/wp\/v2\/product_cat?post=1369506"},{"taxonomy":"product_tag","embeddable":true,"href":"https:\/\/games.tactic.net\/pl\/wp-json\/wp\/v2\/product_tag?post=1369506"},{"taxonomy":"brand","embeddable":true,"href":"https:\/\/games.tactic.net\/pl\/wp-json\/wp\/v2\/brand?post=1369506"},{"taxonomy":"target-group","embeddable":true,"href":"https:\/\/games.tactic.net\/pl\/wp-json\/wp\/v2\/target-group?post=1369506"},{"taxonomy":"discontinued","embeddable":true,"href":"https:\/\/games.tactic.net\/pl\/wp-json\/wp\/v2\/discontinued?post=1369506"}],"curies":[{"name":"wp","href":"https:\/\/api.w.org\/{rel}","templated":true}]}}