{"id":1368881,"date":"2025-12-29T15:07:01","date_gmt":"2025-12-29T13:07:01","guid":{"rendered":"https:\/\/games.tactic.net\/tuote\/yatzy-classic-scan-pl-de-uk\/"},"modified":"2025-12-29T15:07:01","modified_gmt":"2025-12-29T13:07:01","slug":"yatzy-classic-scan-pl-de-uk","status":"publish","type":"product","link":"https:\/\/games.tactic.net\/pl\/tuote\/yatzy-classic-scan-pl-de-uk\/","title":{"rendered":"Yatzy Classic"},"content":{"rendered":"<p>Yatzy to ponadczasowa klasyka gier w ko\u015bci, kt\u00f3ra nigdy si\u0119 nie nudzi. Chwy\u0107 ko\u015bci, rzucaj najlepsze kombinacje i spr\u00f3buj zdoby\u0107 jak najwy\u017cszy wynik. \u0141atwa do nauki i niesko\u0144czenie grywalna \u2013 idealna gra dla rodzin, przyjaci\u00f3\u0142 i wszystkich, kt\u00f3rzy lubi\u0105 odrobin\u0119 przyjaznej rywalizacji. Rzucaj, punktuj i sprawd\u017a, kto zostanie mistrzem Yatzy!<\/p>\n","protected":false},"excerpt":{"rendered":"<p>Yatzy to ponadczasowa klasyka gier w ko\u015bci, kt\u00f3ra nigdy si\u0119 nie nudzi. Chwy\u0107 ko\u015bci, rzucaj najlepsze kombinacje i spr\u00f3buj zdoby\u0107 jak najwy\u017cszy wynik. \u0141atwa do nauki i niesko\u0144czenie grywalna \u2013 idealna gra dla rodzin, przyjaci\u00f3\u0142 i wszystkich, kt\u00f3rzy lubi\u0105 odrobin\u0119 przyjaznej rywalizacji. Rzucaj, punktuj i sprawd\u017a, kto zostanie mistrzem Yatzy!<\/p>\n","protected":false},"featured_media":0,"template":"","meta":{"content-type":"","_monsterinsights_skip_tracking":false,"_monsterinsights_sitenote_active":false,"_monsterinsights_sitenote_note":"","_monsterinsights_sitenote_category":0},"product_brand":[],"product_cat":[1676,1675],"product_tag":[1033,376],"brand":[],"target-group":[],"discontinued":[],"class_list":{"0":"post-1368881","1":"product","2":"type-product","3":"status-publish","5":"product_cat-gry-kosciane-i-karciane-gry-rodzinne","6":"product_cat-gry-kosciane-i-karciane","7":"product_tag-losowosc","8":"product_tag-obliczenie","10":"first","11":"instock","12":"taxable","13":"shipping-taxable","14":"product-type-simple"},"aioseo_notices":[],"_links":{"self":[{"href":"https:\/\/games.tactic.net\/pl\/wp-json\/wp\/v2\/product\/1368881","targetHints":{"allow":["GET"]}}],"collection":[{"href":"https:\/\/games.tactic.net\/pl\/wp-json\/wp\/v2\/product"}],"about":[{"href":"https:\/\/games.tactic.net\/pl\/wp-json\/wp\/v2\/types\/product"}],"wp:attachment":[{"href":"https:\/\/games.tactic.net\/pl\/wp-json\/wp\/v2\/media?parent=1368881"}],"wp:term":[{"taxonomy":"product_brand","embeddable":true,"href":"https:\/\/games.tactic.net\/pl\/wp-json\/wp\/v2\/product_brand?post=1368881"},{"taxonomy":"product_cat","embeddable":true,"href":"https:\/\/games.tactic.net\/pl\/wp-json\/wp\/v2\/product_cat?post=1368881"},{"taxonomy":"product_tag","embeddable":true,"href":"https:\/\/games.tactic.net\/pl\/wp-json\/wp\/v2\/product_tag?post=1368881"},{"taxonomy":"brand","embeddable":true,"href":"https:\/\/games.tactic.net\/pl\/wp-json\/wp\/v2\/brand?post=1368881"},{"taxonomy":"target-group","embeddable":true,"href":"https:\/\/games.tactic.net\/pl\/wp-json\/wp\/v2\/target-group?post=1368881"},{"taxonomy":"discontinued","embeddable":true,"href":"https:\/\/games.tactic.net\/pl\/wp-json\/wp\/v2\/discontinued?post=1368881"}],"curies":[{"name":"wp","href":"https:\/\/api.w.org\/{rel}","templated":true}]}}