{"id":1368874,"date":"2025-12-29T15:06:12","date_gmt":"2025-12-29T13:06:12","guid":{"rendered":"https:\/\/games.tactic.net\/tuote\/500-pcs-puzzle-beneath-the-fluttering-wings\/"},"modified":"2025-12-29T15:06:12","modified_gmt":"2025-12-29T13:06:12","slug":"500-pcs-puzzle-beneath-the-fluttering-wings","status":"publish","type":"product","link":"https:\/\/games.tactic.net\/pl\/tuote\/500-pcs-puzzle-beneath-the-fluttering-wings\/","title":{"rendered":"500 pcs puzzle: Beneath the Fluttering Wings"},"content":{"rendered":"<p>Wskocz w beztroski letni dzie\u0144 z t\u0105 zachwycaj\u0105c\u0105 uk\u0142adank\u0105 500 element\u00f3w! Kolorowa \u0142\u0105ka pe\u0142na motyli i nasi bohaterowie czekaj\u0105 na Ciebie. O\u017cyw ten inspirowany anime \u015bwiat, element po elemencie. Czas go zbudowa\u0107!<\/p>\n","protected":false},"excerpt":{"rendered":"<p>Wskocz w beztroski letni dzie\u0144 z t\u0105 zachwycaj\u0105c\u0105 uk\u0142adank\u0105 500 element\u00f3w! Kolorowa \u0142\u0105ka pe\u0142na motyli i nasi bohaterowie czekaj\u0105 na Ciebie. O\u017cyw ten inspirowany anime \u015bwiat, element po elemencie. Czas go zbudowa\u0107!<\/p>\n","protected":false},"featured_media":0,"template":"","meta":{"content-type":"","_monsterinsights_skip_tracking":false,"_monsterinsights_sitenote_active":false,"_monsterinsights_sitenote_note":"","_monsterinsights_sitenote_category":0},"product_brand":[],"product_cat":[918],"product_tag":[],"brand":[{"id":607,"name":"PuzzleLovers","slug":"puzzlelovers_pl"}],"target-group":[],"discontinued":[],"class_list":{"0":"post-1368874","1":"product","2":"type-product","3":"status-publish","5":"product_cat-500-elementow","6":"brand-puzzlelovers_pl","8":"first","9":"instock","10":"taxable","11":"shipping-taxable","12":"product-type-simple"},"aioseo_notices":[],"_links":{"self":[{"href":"https:\/\/games.tactic.net\/pl\/wp-json\/wp\/v2\/product\/1368874","targetHints":{"allow":["GET"]}}],"collection":[{"href":"https:\/\/games.tactic.net\/pl\/wp-json\/wp\/v2\/product"}],"about":[{"href":"https:\/\/games.tactic.net\/pl\/wp-json\/wp\/v2\/types\/product"}],"wp:attachment":[{"href":"https:\/\/games.tactic.net\/pl\/wp-json\/wp\/v2\/media?parent=1368874"}],"wp:term":[{"taxonomy":"product_brand","embeddable":true,"href":"https:\/\/games.tactic.net\/pl\/wp-json\/wp\/v2\/product_brand?post=1368874"},{"taxonomy":"product_cat","embeddable":true,"href":"https:\/\/games.tactic.net\/pl\/wp-json\/wp\/v2\/product_cat?post=1368874"},{"taxonomy":"product_tag","embeddable":true,"href":"https:\/\/games.tactic.net\/pl\/wp-json\/wp\/v2\/product_tag?post=1368874"},{"taxonomy":"brand","embeddable":true,"href":"https:\/\/games.tactic.net\/pl\/wp-json\/wp\/v2\/brand?post=1368874"},{"taxonomy":"target-group","embeddable":true,"href":"https:\/\/games.tactic.net\/pl\/wp-json\/wp\/v2\/target-group?post=1368874"},{"taxonomy":"discontinued","embeddable":true,"href":"https:\/\/games.tactic.net\/pl\/wp-json\/wp\/v2\/discontinued?post=1368874"}],"curies":[{"name":"wp","href":"https:\/\/api.w.org\/{rel}","templated":true}]}}