{"id":1368654,"date":"2025-11-25T14:21:53","date_gmt":"2025-11-25T12:21:53","guid":{"rendered":"https:\/\/games.tactic.net\/tuote\/ses-feel-good-dough-relax-craft\/"},"modified":"2025-11-25T14:21:53","modified_gmt":"2025-11-25T12:21:53","slug":"ses-feel-good-dough-relax-craft","status":"archive","type":"product","link":"https:\/\/games.tactic.net\/pl\/tuote\/ses-feel-good-dough-relax-craft\/","title":{"rendered":"SES Feel good dough relax craft"},"content":{"rendered":"<p>G\u00f3ruj\u0105cy nad Ulic\u0105 Pok\u0105tn\u0105 Bank Gringotta to forteca b\u0119d\u0105ca najlepszym miejscem dla wszystkiego, co chcesz ochroni\u0107 w czarodziejskim \u015bwiecie. Z\u0142\u00f3\u017c t\u0119 wspania\u0142\u0105 300-elementow\u0105 replik\u0119 najbardziej strze\u017conego miejsca na Ulicy Pok\u0105tnej \u2014 Banku Gringotta. Mo\u017cesz by\u0107 spokojny: ten imponuj\u0105cy, \u015bnie\u017cnobia\u0142y, wielopi\u0119trowy budynek i jego rycz\u0105cy smok Spi\u017cobrzuch Ukrai\u0144ski, wraz z goblinami, zapewni\u0105 bezpiecze\u0144stwo Twoim pieni\u0105dzom i kosztowno\u015bciom w skarbcach zakorzenionych g\u0142\u0119boko w tym budynku! W komplecie ze smokiem, te puzzle s\u0105 wspania\u0142ym dodatkiem do kolekcji Harry\u00b4ego Pottera! Zawarto\u015b\u0107: 300 wysokiej jako\u015bci piankowych element\u00f3w. Wielko\u015b\u0107 po z\u0142o\u017ceniu 24 x 24 x 34 cm. Wiek 14+.<\/p>\n","protected":false},"excerpt":{"rendered":"<p>G\u00f3ruj\u0105cy nad Ulic\u0105 Pok\u0105tn\u0105 Bank Gringotta to forteca b\u0119d\u0105ca najlepszym miejscem dla wszystkiego, co chcesz ochroni\u0107 w czarodziejskim \u015bwiecie. Z\u0142\u00f3\u017c t\u0119 wspania\u0142\u0105 300-elementow\u0105 replik\u0119 najbardziej strze\u017conego miejsca na Ulicy Pok\u0105tnej \u2014 Banku Gringotta. Mo\u017cesz by\u0107 spokojny: ten imponuj\u0105cy, \u015bnie\u017cnobia\u0142y, wielopi\u0119trowy budynek i jego rycz\u0105cy smok Spi\u017cobrzuch Ukrai\u0144ski, wraz z goblinami, zapewni\u0105 bezpiecze\u0144stwo Twoim pieni\u0105dzom i [&hellip;]<\/p>\n","protected":false},"featured_media":0,"template":"","meta":{"content-type":"","_monsterinsights_skip_tracking":false,"_monsterinsights_sitenote_active":false,"_monsterinsights_sitenote_note":"","_monsterinsights_sitenote_category":0},"product_brand":[],"product_cat":[780],"product_tag":[],"brand":[],"target-group":[],"discontinued":[],"class_list":{"0":"post-1368654","1":"product","2":"type-product","3":"status-archive","5":"product_cat-zabawki","7":"first","8":"outofstock","9":"taxable","10":"shipping-taxable","11":"product-type-simple"},"aioseo_notices":[],"_links":{"self":[{"href":"https:\/\/games.tactic.net\/pl\/wp-json\/wp\/v2\/product\/1368654","targetHints":{"allow":["GET"]}}],"collection":[{"href":"https:\/\/games.tactic.net\/pl\/wp-json\/wp\/v2\/product"}],"about":[{"href":"https:\/\/games.tactic.net\/pl\/wp-json\/wp\/v2\/types\/product"}],"wp:attachment":[{"href":"https:\/\/games.tactic.net\/pl\/wp-json\/wp\/v2\/media?parent=1368654"}],"wp:term":[{"taxonomy":"product_brand","embeddable":true,"href":"https:\/\/games.tactic.net\/pl\/wp-json\/wp\/v2\/product_brand?post=1368654"},{"taxonomy":"product_cat","embeddable":true,"href":"https:\/\/games.tactic.net\/pl\/wp-json\/wp\/v2\/product_cat?post=1368654"},{"taxonomy":"product_tag","embeddable":true,"href":"https:\/\/games.tactic.net\/pl\/wp-json\/wp\/v2\/product_tag?post=1368654"},{"taxonomy":"brand","embeddable":true,"href":"https:\/\/games.tactic.net\/pl\/wp-json\/wp\/v2\/brand?post=1368654"},{"taxonomy":"target-group","embeddable":true,"href":"https:\/\/games.tactic.net\/pl\/wp-json\/wp\/v2\/target-group?post=1368654"},{"taxonomy":"discontinued","embeddable":true,"href":"https:\/\/games.tactic.net\/pl\/wp-json\/wp\/v2\/discontinued?post=1368654"}],"curies":[{"name":"wp","href":"https:\/\/api.w.org\/{rel}","templated":true}]}}