{"id":1368605,"date":"2025-11-12T10:08:57","date_gmt":"2025-11-12T08:08:57","guid":{"rendered":"https:\/\/games.tactic.net\/tuote\/heros-constructor-firebrigade-155-pcs\/"},"modified":"2025-11-18T14:24:52","modified_gmt":"2025-11-18T12:24:52","slug":"heros-constructor-firebrigade-155-pcs","status":"publish","type":"product","link":"https:\/\/games.tactic.net\/pl\/tuote\/heros-constructor-firebrigade-155-pcs\/","title":{"rendered":"Heros Klocki konstrukcyjne w\u00f3z stra\u017cacki 3w1, 155 element\u00f3w"},"content":{"rendered":"<p>Zbuduj 3 r\u00f3\u017cne modele, korzystaj\u0105c z instrukcji, lub pozw\u00f3l poprowadzi\u0107 si\u0119 wyobra\u017ani! Wysoka jako\u015b\u0107 i bezpiecze\u0144stwo \u2013 zaokr\u0105glone kraw\u0119dzie, nietoksyczne materia\u0142y, wyprodukowano w Niemczech. Buk z certyfikatem FSC\u00ae 100%.<\/p>\n<p>W zestawie 155 element\u00f3w w kolorowym opakowaniu.<br \/>\nKlocki przeznaczone dla u\u017cytkownik\u00f3w w wieku 5+. <\/p>\n<p>Heros Wooden Toys to klasyczna seria drewnianych zabawek produkowanych w sercu Bawarskiego Lasu od 1892 roku. W ofercie znajduj\u0105 si\u0119 kolorowe klocki, zestawy konstrukcyjne oraz pojazdy do samodzielnego monta\u017cu, kt\u00f3re rozwijaj\u0105 kreatywno\u015b\u0107, zdolno\u015bci manualne i wyobra\u017ani\u0119 dziecka. Wszystkie zabawki powstaj\u0105 z certyfikowanego drewna FSC, s\u0105 malowane bezpiecznymi lakierami wodnymi i wyr\u00f3\u017cniaj\u0105 si\u0119 trwa\u0142o\u015bci\u0105, kt\u00f3ra pozwala przekazywa\u0107 je z pokolenia na pokolenie. To zabawki \u0142\u0105cz\u0105ce tradycj\u0119 z nowoczesno\u015bci\u0105, zaprojektowane, by uczy\u0107 poprzez zabaw\u0119 i inspirowa\u0107 ma\u0142ych konstruktor\u00f3w.<\/p>\n","protected":false},"excerpt":{"rendered":"<p>Zbuduj 3 r\u00f3\u017cne modele, korzystaj\u0105c z instrukcji, lub pozw\u00f3l poprowadzi\u0107 si\u0119 wyobra\u017ani!<\/p>\n","protected":false},"featured_media":0,"template":"","meta":{"content-type":"","_monsterinsights_skip_tracking":false,"_monsterinsights_sitenote_active":false,"_monsterinsights_sitenote_note":"","_monsterinsights_sitenote_category":0},"product_brand":[],"product_cat":[2349],"product_tag":[],"brand":[],"target-group":[],"discontinued":[],"class_list":{"0":"post-1368605","1":"product","2":"type-product","3":"status-publish","5":"product_cat-heros-wooden-toys","7":"first","8":"instock","9":"taxable","10":"shipping-taxable","11":"product-type-simple"},"aioseo_notices":[],"_links":{"self":[{"href":"https:\/\/games.tactic.net\/pl\/wp-json\/wp\/v2\/product\/1368605","targetHints":{"allow":["GET"]}}],"collection":[{"href":"https:\/\/games.tactic.net\/pl\/wp-json\/wp\/v2\/product"}],"about":[{"href":"https:\/\/games.tactic.net\/pl\/wp-json\/wp\/v2\/types\/product"}],"wp:attachment":[{"href":"https:\/\/games.tactic.net\/pl\/wp-json\/wp\/v2\/media?parent=1368605"}],"wp:term":[{"taxonomy":"product_brand","embeddable":true,"href":"https:\/\/games.tactic.net\/pl\/wp-json\/wp\/v2\/product_brand?post=1368605"},{"taxonomy":"product_cat","embeddable":true,"href":"https:\/\/games.tactic.net\/pl\/wp-json\/wp\/v2\/product_cat?post=1368605"},{"taxonomy":"product_tag","embeddable":true,"href":"https:\/\/games.tactic.net\/pl\/wp-json\/wp\/v2\/product_tag?post=1368605"},{"taxonomy":"brand","embeddable":true,"href":"https:\/\/games.tactic.net\/pl\/wp-json\/wp\/v2\/brand?post=1368605"},{"taxonomy":"target-group","embeddable":true,"href":"https:\/\/games.tactic.net\/pl\/wp-json\/wp\/v2\/target-group?post=1368605"},{"taxonomy":"discontinued","embeddable":true,"href":"https:\/\/games.tactic.net\/pl\/wp-json\/wp\/v2\/discontinued?post=1368605"}],"curies":[{"name":"wp","href":"https:\/\/api.w.org\/{rel}","templated":true}]}}