{"id":1368595,"date":"2025-11-11T16:28:25","date_gmt":"2025-11-11T14:28:25","guid":{"rendered":"https:\/\/games.tactic.net\/tuote\/heros-blocks-coloured-wooden-blocks-50pcs\/"},"modified":"2026-02-27T13:11:53","modified_gmt":"2026-02-27T11:11:53","slug":"heros-blocks-coloured-wooden-blocks-50pcs","status":"publish","type":"product","link":"https:\/\/games.tactic.net\/pl\/tuote\/heros-blocks-coloured-wooden-blocks-50pcs\/","title":{"rendered":"Heros Drewniane kolorowe klocki 50 el. w pude\u0142ku"},"content":{"rendered":"<p>Kolorowe drewniane klocki zapewniaj\u0105 nieko\u0144cz\u0105c\u0105 si\u0119 zabaw\u0119 dla dzieci od 1 roku \u017cycia. Wykonane w 100% z drewna z certyfikatem FSC dla zr\u00f3wnowa\u017conej zabawy. Wyprodukowano w Niemczech. W zestawie ekskluzywne pude\u0142ko do przechowywania.<\/p>\n<p>W zestawie 50 element\u00f3w w zgrabnym pude\u0142ku z wieczkiem.<br \/>\nKlocki przeznaczone dla u\u017cytkownik\u00f3w w wieku 1+. <\/p>\n<p>Heros Wooden Toys to klasyczna seria drewnianych zabawek produkowanych w sercu Bawarskiego Lasu od 1892 roku. W ofercie znajduj\u0105 si\u0119 kolorowe klocki, zestawy konstrukcyjne oraz pojazdy do samodzielnego monta\u017cu, kt\u00f3re rozwijaj\u0105 kreatywno\u015b\u0107, zdolno\u015bci manualne i wyobra\u017ani\u0119 dziecka. Wszystkie zabawki powstaj\u0105 z certyfikowanego drewna FSC, s\u0105 malowane bezpiecznymi lakierami wodnymi i wyr\u00f3\u017cniaj\u0105 si\u0119 trwa\u0142o\u015bci\u0105, kt\u00f3ra pozwala przekazywa\u0107 je z pokolenia na pokolenie. To zabawki \u0142\u0105cz\u0105ce tradycj\u0119 z nowoczesno\u015bci\u0105, zaprojektowane, by uczy\u0107 poprzez zabaw\u0119 i inspirowa\u0107 ma\u0142ych konstruktor\u00f3w.<\/p>\n","protected":false},"excerpt":{"rendered":"<p>Kolorowe drewniane klocki zapewniaj\u0105 nieko\u0144cz\u0105c\u0105 si\u0119 zabaw\u0119 dla dzieci od 1 roku \u017cycia.<\/p>\n","protected":false},"featured_media":0,"template":"","meta":{"content-type":"","_monsterinsights_skip_tracking":false,"_monsterinsights_sitenote_active":false,"_monsterinsights_sitenote_note":"","_monsterinsights_sitenote_category":0},"product_brand":[],"product_cat":[2349],"product_tag":[],"brand":[],"target-group":[],"discontinued":[],"class_list":{"0":"post-1368595","1":"product","2":"type-product","3":"status-publish","5":"product_cat-heros-wooden-toys","7":"first","8":"instock","9":"taxable","10":"shipping-taxable","11":"product-type-simple"},"aioseo_notices":[],"_links":{"self":[{"href":"https:\/\/games.tactic.net\/pl\/wp-json\/wp\/v2\/product\/1368595","targetHints":{"allow":["GET"]}}],"collection":[{"href":"https:\/\/games.tactic.net\/pl\/wp-json\/wp\/v2\/product"}],"about":[{"href":"https:\/\/games.tactic.net\/pl\/wp-json\/wp\/v2\/types\/product"}],"wp:attachment":[{"href":"https:\/\/games.tactic.net\/pl\/wp-json\/wp\/v2\/media?parent=1368595"}],"wp:term":[{"taxonomy":"product_brand","embeddable":true,"href":"https:\/\/games.tactic.net\/pl\/wp-json\/wp\/v2\/product_brand?post=1368595"},{"taxonomy":"product_cat","embeddable":true,"href":"https:\/\/games.tactic.net\/pl\/wp-json\/wp\/v2\/product_cat?post=1368595"},{"taxonomy":"product_tag","embeddable":true,"href":"https:\/\/games.tactic.net\/pl\/wp-json\/wp\/v2\/product_tag?post=1368595"},{"taxonomy":"brand","embeddable":true,"href":"https:\/\/games.tactic.net\/pl\/wp-json\/wp\/v2\/brand?post=1368595"},{"taxonomy":"target-group","embeddable":true,"href":"https:\/\/games.tactic.net\/pl\/wp-json\/wp\/v2\/target-group?post=1368595"},{"taxonomy":"discontinued","embeddable":true,"href":"https:\/\/games.tactic.net\/pl\/wp-json\/wp\/v2\/discontinued?post=1368595"}],"curies":[{"name":"wp","href":"https:\/\/api.w.org\/{rel}","templated":true}]}}