{"id":1368261,"date":"2025-10-18T14:10:58","date_gmt":"2025-10-18T11:10:58","guid":{"rendered":"https:\/\/games.tactic.net\/tuote\/botanical-bliss\/"},"modified":"2025-10-18T14:10:58","modified_gmt":"2025-10-18T11:10:58","slug":"botanical-bliss","status":"publish","type":"product","link":"https:\/\/games.tactic.net\/pl\/tuote\/botanical-bliss\/","title":{"rendered":"Botanical Bliss"},"content":{"rendered":"<p>Kwitn\u0105ca rywalizacja z elementem strategii!<br \/>\nRozkwitnij bardziej ni\u017c inni i wygraj. Umieszczaj swoje \u017cetony na planszy, aby tworzy\u0107 pi\u0119kne wzory. Opanuj plansz\u0119 swoim sprytem i elegancj\u0105, rozs\u0105dnie wype\u0142niaj\u0105c pola okre\u015blonymi wzorami i tworz\u0105c p\u0105ki kwiat\u00f3w. Pierwszy gracz, kt\u00f3ry uko\u0144czy trzy r\u00f3\u017cne uk\u0142ady (powoduj\u0105c zakwitni\u0119cie p\u0105k\u00f3w), wygrywa gr\u0119! Potrzebujesz odrobiny strategii i szczypty szcz\u0119\u015bcia. Zakwitniesz, czy zwi\u0119dniesz?<\/p>\n<p>Zawarto\u015b\u0107: Plansza do gry, 2 talie kart (110 kart), 120 \u017ceton\u00f3w kwiat\u00f3w w czterech kolorach (\u017c\u00f3\u0142ty, fioletowy, czerwony, niebieski), instrukcja.<br \/>\n\u015aredni czas gry: 30 minut.<br \/>\nGra dla 2-4 graczy w wieku 8+ lat.<\/p>\n<p>Od 1967 roku fi\u0144ska firma Tactic Games jest znana z innowacyjnych, ekscytuj\u0105cych i jako\u015bciowych gier, kt\u00f3re zachwycaj\u0105 miliony rodzin na ca\u0142ym \u015bwiecie. Nasz\u0105 misj\u0105 jest produkcja gier planszowych, kt\u00f3re pomagaj\u0105 rodzinom i przyjacio\u0142om sp\u0119dza\u0107 razem czas. Chcemy, aby nasze gry przyci\u0105ga\u0142y do wsp\u00f3lnej dobrej zabawy, \u015bmiechu i rozwi\u0105zywania problem\u00f3w. Witamy w ekscytuj\u0105cym \u015bwiecie nordyckich gier! Bawmy si\u0119 RAZEM! Firma Tactic Games posiada certyfikaty FSC i PEFC i swoj\u0105 polityk\u0105 d\u0105\u017cy do minimalizacji \u015bladu w\u0119glowego.<\/p>\n","protected":false},"excerpt":{"rendered":"<p>Kwitn\u0105ca rywalizacja z elementem strategii! Rozkwitnij bardziej ni\u017c inni i wygraj. Umieszczaj swoje \u017cetony na planszy, aby tworzy\u0107 pi\u0119kne wzory. Opanuj plansz\u0119 swoim sprytem i elegancj\u0105, rozs\u0105dnie wype\u0142niaj\u0105c pola okre\u015blonymi wzorami i tworz\u0105c p\u0105ki kwiat\u00f3w. Pierwszy gracz, kt\u00f3ry uko\u0144czy trzy r\u00f3\u017cne uk\u0142ady (powoduj\u0105c zakwitni\u0119cie p\u0105k\u00f3w), wygrywa gr\u0119! Potrzebujesz odrobiny strategii i szczypty szcz\u0119\u015bcia. Zakwitniesz, czy [&hellip;]<\/p>\n","protected":false},"featured_media":0,"template":"","meta":{"content-type":"","_monsterinsights_skip_tracking":false,"_monsterinsights_sitenote_active":false,"_monsterinsights_sitenote_note":"","_monsterinsights_sitenote_category":0},"product_brand":[],"product_cat":[349,1782],"product_tag":[],"brand":[],"target-group":[],"discontinued":[],"class_list":{"0":"post-1368261","1":"product","2":"type-product","3":"status-publish","5":"product_cat-gry-rodzinne","6":"product_cat-strategiczne-dla-doroslych-gry-dla-doroslych","8":"first","9":"instock","10":"taxable","11":"shipping-taxable","12":"product-type-simple"},"aioseo_notices":[],"_links":{"self":[{"href":"https:\/\/games.tactic.net\/pl\/wp-json\/wp\/v2\/product\/1368261","targetHints":{"allow":["GET"]}}],"collection":[{"href":"https:\/\/games.tactic.net\/pl\/wp-json\/wp\/v2\/product"}],"about":[{"href":"https:\/\/games.tactic.net\/pl\/wp-json\/wp\/v2\/types\/product"}],"wp:attachment":[{"href":"https:\/\/games.tactic.net\/pl\/wp-json\/wp\/v2\/media?parent=1368261"}],"wp:term":[{"taxonomy":"product_brand","embeddable":true,"href":"https:\/\/games.tactic.net\/pl\/wp-json\/wp\/v2\/product_brand?post=1368261"},{"taxonomy":"product_cat","embeddable":true,"href":"https:\/\/games.tactic.net\/pl\/wp-json\/wp\/v2\/product_cat?post=1368261"},{"taxonomy":"product_tag","embeddable":true,"href":"https:\/\/games.tactic.net\/pl\/wp-json\/wp\/v2\/product_tag?post=1368261"},{"taxonomy":"brand","embeddable":true,"href":"https:\/\/games.tactic.net\/pl\/wp-json\/wp\/v2\/brand?post=1368261"},{"taxonomy":"target-group","embeddable":true,"href":"https:\/\/games.tactic.net\/pl\/wp-json\/wp\/v2\/target-group?post=1368261"},{"taxonomy":"discontinued","embeddable":true,"href":"https:\/\/games.tactic.net\/pl\/wp-json\/wp\/v2\/discontinued?post=1368261"}],"curies":[{"name":"wp","href":"https:\/\/api.w.org\/{rel}","templated":true}]}}