{"id":1368233,"date":"2025-10-15T17:18:27","date_gmt":"2025-10-15T14:18:27","guid":{"rendered":"https:\/\/games.tactic.net\/tuote\/500-pcs-puzzle-christmas-decorations\/"},"modified":"2025-10-15T17:18:27","modified_gmt":"2025-10-15T14:18:27","slug":"500-pcs-puzzle-christmas-decorations","status":"publish","type":"product","link":"https:\/\/games.tactic.net\/pl\/tuote\/500-pcs-puzzle-christmas-decorations\/","title":{"rendered":"500 pcs puzzle: Christmas decorations"},"content":{"rendered":"<p>Puzzle Tactic s\u0105 starannie zaprojektowane zar\u00f3wno dla entuzjast\u00f3w i mi\u0142o\u015bnik\u00f3w puzzli, jak i dla nowych pocz\u0105tkuj\u0105cych. Oferujemy tylko najlepsz\u0105 jako\u015b\u0107 zar\u00f3wno zdj\u0119\u0107, jak i materia\u0142\u00f3w.<br \/>\nWitamy w ekscytuj\u0105cym \u015bwiecie puzzli Tactic! <\/p>\n<p>Kolekcja specjalna Puzzle Lovers na Bo\u017ce Narodzenie z pi\u0119knymi \u015bwi\u0105tecznymi motywami, wprowadzaj\u0105cymi swoj\u0105 sceneri\u0105 niezwyk\u0142y klimat.<\/p>\n<p>Rozmiar obrazka po z\u0142o\u017ceniu: 47x31cm.<\/p>\n","protected":false},"excerpt":{"rendered":"<p>500 pcs puzzle: Christmas decorations.<\/p>\n","protected":false},"featured_media":0,"template":"","meta":{"content-type":"","_monsterinsights_skip_tracking":false,"_monsterinsights_sitenote_active":false,"_monsterinsights_sitenote_note":"","_monsterinsights_sitenote_category":0},"product_brand":[],"product_cat":[918],"product_tag":[],"brand":[{"id":607,"name":"PuzzleLovers","slug":"puzzlelovers_pl"}],"target-group":[],"discontinued":[],"class_list":{"0":"post-1368233","1":"product","2":"type-product","3":"status-publish","5":"product_cat-500-elementow","6":"brand-puzzlelovers_pl","8":"first","9":"instock","10":"taxable","11":"shipping-taxable","12":"product-type-simple"},"aioseo_notices":[],"_links":{"self":[{"href":"https:\/\/games.tactic.net\/pl\/wp-json\/wp\/v2\/product\/1368233","targetHints":{"allow":["GET"]}}],"collection":[{"href":"https:\/\/games.tactic.net\/pl\/wp-json\/wp\/v2\/product"}],"about":[{"href":"https:\/\/games.tactic.net\/pl\/wp-json\/wp\/v2\/types\/product"}],"wp:attachment":[{"href":"https:\/\/games.tactic.net\/pl\/wp-json\/wp\/v2\/media?parent=1368233"}],"wp:term":[{"taxonomy":"product_brand","embeddable":true,"href":"https:\/\/games.tactic.net\/pl\/wp-json\/wp\/v2\/product_brand?post=1368233"},{"taxonomy":"product_cat","embeddable":true,"href":"https:\/\/games.tactic.net\/pl\/wp-json\/wp\/v2\/product_cat?post=1368233"},{"taxonomy":"product_tag","embeddable":true,"href":"https:\/\/games.tactic.net\/pl\/wp-json\/wp\/v2\/product_tag?post=1368233"},{"taxonomy":"brand","embeddable":true,"href":"https:\/\/games.tactic.net\/pl\/wp-json\/wp\/v2\/brand?post=1368233"},{"taxonomy":"target-group","embeddable":true,"href":"https:\/\/games.tactic.net\/pl\/wp-json\/wp\/v2\/target-group?post=1368233"},{"taxonomy":"discontinued","embeddable":true,"href":"https:\/\/games.tactic.net\/pl\/wp-json\/wp\/v2\/discontinued?post=1368233"}],"curies":[{"name":"wp","href":"https:\/\/api.w.org\/{rel}","templated":true}]}}