{"id":1368058,"date":"2025-09-29T12:09:14","date_gmt":"2025-09-29T09:09:14","guid":{"rendered":"https:\/\/games.tactic.net\/tuote\/gamesson-electronic-dartboard-devil\/"},"modified":"2025-09-29T12:09:14","modified_gmt":"2025-09-29T09:09:14","slug":"gamesson-electronic-dartboard-devil","status":"publish","type":"product","link":"https:\/\/games.tactic.net\/pl\/tuote\/gamesson-electronic-dartboard-devil\/","title":{"rendered":"Gamesson electronic dartboard Devil"},"content":{"rendered":"<p>Graj w towarzyski i strategiczny sport, jakim jest gra w rzutki, z przyjaci\u00f3\u0142mi i rodzin\u0105 w zaciszu w\u0142asnego domu. \u0106wicz swoje sztuczki i popisuj si\u0119 nimi na spotkaniach z pomoc\u0105 elektronicznej tarczy do darta Devil II firmy Bex Sport. Z pewno\u015bci\u0105 b\u0119dzie to najciekawszy punkt imprezy, na kt\u00f3rym inni zobacz\u0105 Twoje niesamowite umiej\u0119tno\u015bci gry w darta.<\/p>\n<p>W zestawie znajduj\u0105 si\u0119:<br \/>\n&#8211; 1 elektroniczna tarcza do rzutek<br \/>\n&#8211; 2 zestawy mi\u0119kkich lotek SOFTIP 2&#215;3-\u0142\u0105cznie 6 sztuk (wymienne ko\u0144c\u00f3wki, shafty i lotki)<br \/>\n&#8211; Dodatkowe mi\u0119kkie ko\u0144c\u00f3wki (6 sztuk)<br \/>\n&#8211; Wieloj\u0119zyczna instrukcja i Poradnik (6 j\u0119zyk\u00f3w)<\/p>\n<p>Cechy<br \/>\n-Waga: 1,2 kg<br \/>\n-Rozmiar: 44x38x2,3 cm<br \/>\n-18 gier w 159 wariantach,<br \/>\n-1-8 graczy<br \/>\n-Efekty d\u017awi\u0119kowe<br \/>\n-Wy\u015bwietlacz LCD<br \/>\n-Zasilany bateriami 3 x 1,5V AA (brak w zestawie)<\/p>\n<p>Ekspozycja w kolorowym kartonie.<\/p>\n<p>Bex Sport to szwedzki producent gier rekreacyjnych i sportowych, przeznaczonych do zabawy w domu jak i na \u015bwie\u017cym powietrzu. Nasz\u0105 pasj\u0105 jest tworzenie produkt\u00f3w, kt\u00f3re dostarczaj\u0105 rado\u015bci zar\u00f3wno dzieciom, jak i doros\u0142ym. Projektujemy gry o prostych zasadach, kt\u00f3re pozwalaj\u0105 szybko rozpocz\u0105\u0107 rozgrywk\u0119 i \u0142atwo dostosowa\u0107 j\u0105 do r\u00f3\u017cnych uczestnik\u00f3w. Nasze najwa\u017cniejsze marki to Bex \u2013 drewniane gry plenerowe, Gamesson \u2013 sto\u0142y sportowe i Dart, Sunsport \u2013 gry zespo\u0142owe. Dbamy o wysok\u0105 jako\u015b\u0107, nowoczesne wzornictwo i atrakcyjne opakowania. W 2022 roku Bex Sport po\u0142\u0105czy\u0142o si\u0142y z fi\u0144sk\u0105 firm\u0105 Tactic Games Oy, producentem wysokiej jako\u015bci gier rodzinnych. Tactic przyk\u0142ada du\u017c\u0105 wag\u0119 do zr\u00f3wnowa\u017conego rozwoju, monitoruj\u0105c \u015blad w\u0119glowy i zapewniaj\u0105c pe\u0142n\u0105 identyfikowalno\u015b\u0107 u\u017cywanych materia\u0142\u00f3w.<\/p>\n","protected":false},"excerpt":{"rendered":"<p>Graj w towarzyski i strategiczny sport, jakim jest gra w rzutki, z przyjaci\u00f3\u0142mi i rodzin\u0105 w zaciszu w\u0142asnego domu. \u0106wicz swoje sztuczki i popisuj si\u0119 nimi na spotkaniach z pomoc\u0105 elektronicznej tarczy do darta Devil II firmy Bex Sport. Z pewno\u015bci\u0105 b\u0119dzie to najciekawszy punkt imprezy, na kt\u00f3rym inni zobacz\u0105 Twoje niesamowite umiej\u0119tno\u015bci gry w [&hellip;]<\/p>\n","protected":false},"featured_media":0,"template":"","meta":{"content-type":"","_monsterinsights_skip_tracking":false,"_monsterinsights_sitenote_active":false,"_monsterinsights_sitenote_note":"","_monsterinsights_sitenote_category":0},"product_brand":[],"product_cat":[2330],"product_tag":[],"brand":[],"target-group":[],"discontinued":[],"class_list":{"0":"post-1368058","1":"product","2":"type-product","3":"status-publish","5":"product_cat-bex-sport-gry-plenerowe","7":"first","8":"outofstock","9":"taxable","10":"shipping-taxable","11":"product-type-simple"},"aioseo_notices":[],"_links":{"self":[{"href":"https:\/\/games.tactic.net\/pl\/wp-json\/wp\/v2\/product\/1368058","targetHints":{"allow":["GET"]}}],"collection":[{"href":"https:\/\/games.tactic.net\/pl\/wp-json\/wp\/v2\/product"}],"about":[{"href":"https:\/\/games.tactic.net\/pl\/wp-json\/wp\/v2\/types\/product"}],"wp:attachment":[{"href":"https:\/\/games.tactic.net\/pl\/wp-json\/wp\/v2\/media?parent=1368058"}],"wp:term":[{"taxonomy":"product_brand","embeddable":true,"href":"https:\/\/games.tactic.net\/pl\/wp-json\/wp\/v2\/product_brand?post=1368058"},{"taxonomy":"product_cat","embeddable":true,"href":"https:\/\/games.tactic.net\/pl\/wp-json\/wp\/v2\/product_cat?post=1368058"},{"taxonomy":"product_tag","embeddable":true,"href":"https:\/\/games.tactic.net\/pl\/wp-json\/wp\/v2\/product_tag?post=1368058"},{"taxonomy":"brand","embeddable":true,"href":"https:\/\/games.tactic.net\/pl\/wp-json\/wp\/v2\/brand?post=1368058"},{"taxonomy":"target-group","embeddable":true,"href":"https:\/\/games.tactic.net\/pl\/wp-json\/wp\/v2\/target-group?post=1368058"},{"taxonomy":"discontinued","embeddable":true,"href":"https:\/\/games.tactic.net\/pl\/wp-json\/wp\/v2\/discontinued?post=1368058"}],"curies":[{"name":"wp","href":"https:\/\/api.w.org\/{rel}","templated":true}]}}