{"id":1367986,"date":"2025-09-10T18:23:01","date_gmt":"2025-09-10T15:23:01","guid":{"rendered":"https:\/\/games.tactic.net\/tuote\/christmas-board-game\/"},"modified":"2025-09-10T18:23:01","modified_gmt":"2025-09-10T15:23:01","slug":"christmas-board-game","status":"publish","type":"product","link":"https:\/\/games.tactic.net\/pl\/tuote\/christmas-board-game\/","title":{"rendered":"Tactic \u015awi\u0105teczna Gra Przygodowa"},"content":{"rendered":"<p>Nic tak nie jednoczy ludzi w \u015awi\u0119ta jak Rodzina i gry planszowe\u2026<br \/>\nJest Wigilia. \u015awi\u0119ty Miko\u0142aj jest gotowy, aby ju\u017c zaraz dostarczy\u0107 prezenty na ca\u0142y \u015bwiat, ale brakuje mu pomocnika! Kt\u00f3ry z elf\u00f3w do niego do\u0142\u0105czy? Odbywa si\u0119 ekscytuj\u0105cy wy\u015bcig po \u015bwi\u0105tecznej wiosce. Po drodze poprowadzisz swojego elfa przez zabawne przeszkody i zaskakuj\u0105ce zwroty akcji. Wygrywa elf, kt\u00f3ry jako pierwszy dotrze do mety i do\u0142\u0105czy do \u015awi\u0119tego Miko\u0142aja! Urokliwa rozgrywka w \u015bwi\u0105tecznym wydaniu zabierze Was w magiczn\u0105 czasoprzestrze\u0144, gdzie czas p\u0142ynie wolniej, a wszystko wydaje si\u0119 takie pi\u0119kne i niezwyk\u0142e&#8230;<\/p>\n<p>Zawarto\u015b\u0107: plansza do gry, 6 pionk\u00f3w, 2 kostki, instrukcja.<br \/>\n\u015aredni czas gry: 15 minut.<br \/>\nGra dla 2-6 graczy w wieku 5+ lat.<\/p>\n<p>Od 1967 roku fi\u0144ska firma Tactic Games jest znana z innowacyjnych, ekscytuj\u0105cych i jako\u015bciowych gier, kt\u00f3re zachwycaj\u0105 miliony rodzin na ca\u0142ym \u015bwiecie. Nasz\u0105 misj\u0105 jest produkcja gier planszowych, kt\u00f3re pomagaj\u0105 rodzinom i przyjacio\u0142om sp\u0119dza\u0107 razem czas. Chcemy, aby nasze gry przyci\u0105ga\u0142y do wsp\u00f3lnej dobrej zabawy, \u015bmiechu i rozwi\u0105zywania problem\u00f3w. Witamy w ekscytuj\u0105cym \u015bwiecie nordyckich gier! Bawmy si\u0119 RAZEM! Firma Tactic Games posiada certyfikaty FSC i PEFC i swoj\u0105 polityk\u0105 d\u0105\u017cy do minimalizacji \u015bladu w\u0119glowego.<\/p>\n","protected":false},"excerpt":{"rendered":"<p>Nic tak nie jednoczy ludzi w \u015awi\u0119ta jak Rodzina i gry planszowe\u2026 Jest Wigilia. \u015awi\u0119ty Miko\u0142aj jest gotowy, aby ju\u017c zaraz dostarczy\u0107 prezenty na ca\u0142y \u015bwiat, ale brakuje mu pomocnika! Kt\u00f3ry z elf\u00f3w do niego do\u0142\u0105czy? Odbywa si\u0119 ekscytuj\u0105cy wy\u015bcig po \u015bwi\u0105tecznej wiosce. Po drodze poprowadzisz swojego elfa przez zabawne przeszkody i zaskakuj\u0105ce zwroty akcji. [&hellip;]<\/p>\n","protected":false},"featured_media":0,"template":"","meta":{"content-type":"","_monsterinsights_skip_tracking":false,"_monsterinsights_sitenote_active":false,"_monsterinsights_sitenote_note":"","_monsterinsights_sitenote_category":0},"product_brand":[],"product_cat":[1796],"product_tag":[1000,376,995,991],"brand":[],"target-group":[],"discontinued":[],"class_list":{"0":"post-1367986","1":"product","2":"type-product","3":"status-publish","5":"product_cat-gry-planszowe-dla-dzieci","6":"product_tag-edukacyjny","7":"product_tag-obliczenie","8":"product_tag-wieloosobowe","9":"product_tag-zabawa","11":"first","12":"instock","13":"taxable","14":"shipping-taxable","15":"product-type-simple"},"aioseo_notices":[],"_links":{"self":[{"href":"https:\/\/games.tactic.net\/pl\/wp-json\/wp\/v2\/product\/1367986","targetHints":{"allow":["GET"]}}],"collection":[{"href":"https:\/\/games.tactic.net\/pl\/wp-json\/wp\/v2\/product"}],"about":[{"href":"https:\/\/games.tactic.net\/pl\/wp-json\/wp\/v2\/types\/product"}],"wp:attachment":[{"href":"https:\/\/games.tactic.net\/pl\/wp-json\/wp\/v2\/media?parent=1367986"}],"wp:term":[{"taxonomy":"product_brand","embeddable":true,"href":"https:\/\/games.tactic.net\/pl\/wp-json\/wp\/v2\/product_brand?post=1367986"},{"taxonomy":"product_cat","embeddable":true,"href":"https:\/\/games.tactic.net\/pl\/wp-json\/wp\/v2\/product_cat?post=1367986"},{"taxonomy":"product_tag","embeddable":true,"href":"https:\/\/games.tactic.net\/pl\/wp-json\/wp\/v2\/product_tag?post=1367986"},{"taxonomy":"brand","embeddable":true,"href":"https:\/\/games.tactic.net\/pl\/wp-json\/wp\/v2\/brand?post=1367986"},{"taxonomy":"target-group","embeddable":true,"href":"https:\/\/games.tactic.net\/pl\/wp-json\/wp\/v2\/target-group?post=1367986"},{"taxonomy":"discontinued","embeddable":true,"href":"https:\/\/games.tactic.net\/pl\/wp-json\/wp\/v2\/discontinued?post=1367986"}],"curies":[{"name":"wp","href":"https:\/\/api.w.org\/{rel}","templated":true}]}}