{"id":1367914,"date":"2025-09-08T17:18:51","date_gmt":"2025-09-08T14:18:51","guid":{"rendered":"https:\/\/games.tactic.net\/tuote\/gift-game-lata-leca\/"},"modified":"2025-09-08T17:18:51","modified_gmt":"2025-09-08T14:18:51","slug":"gift-game-lata-leca","status":"publish","type":"product","link":"https:\/\/games.tactic.net\/pl\/tuote\/gift-game-lata-leca\/","title":{"rendered":"Gift Game: Lata lec\u0105"},"content":{"rendered":"<p>Gra, w kt\u00f3rej pi\u0119kne s\u0105 wszystkie chwile!<br \/>\nLata lec\u0105 to podr\u00f3\u017c przez wspomnienia i chwile, kt\u00f3re sprawiaj\u0105, \u017ce ka\u017cde \u017cycie jest wyj\u0105tkowe i jedyne w swoim rodzaju. Wr\u00f3\u0107 my\u015blami do swoich wspomnie\u0144 i podziel si\u0119 nimi z innymi graczami! Umieszczaj znane wydarzenia historyczne i osobiste prze\u017cycia we w\u0142a\u015bciwej kolejno\u015bci na w\u0142asnej osi czasu. Zdobywaj punkty za ka\u017cd\u0105 poprawnie u\u0142o\u017con\u0105 kart\u0119. Wygrywa gracz z najwi\u0119ksz\u0105 liczb\u0105 punkt\u00f3w.<br \/>\nLata lec\u0105, ale ka\u017cda chwila jest wyj\u0105tkowa!<\/p>\n<p>Zawarto\u015b\u0107: 200 kart, instrukcja (na odwrocie pokrywki).<br \/>\n\u015aredni czas gry: 20 minut.<br \/>\nGra dla 2 i wi\u0119cej graczy w wieku 15+ lat.<\/p>\n<p>Od 1967 roku fi\u0144ska firma Tactic Games jest znana z innowacyjnych, ekscytuj\u0105cych i jako\u015bciowych gier, kt\u00f3re zachwycaj\u0105 miliony rodzin na ca\u0142ym \u015bwiecie. Nasz\u0105 misj\u0105 jest produkcja gier planszowych, kt\u00f3re pomagaj\u0105 rodzinom i przyjacio\u0142om sp\u0119dza\u0107 razem czas. Chcemy, aby nasze gry przyci\u0105ga\u0142y do wsp\u00f3lnej dobrej zabawy, \u015bmiechu i rozwi\u0105zywania problem\u00f3w. Witamy w ekscytuj\u0105cym \u015bwiecie nordyckich gier! Bawmy si\u0119 RAZEM! Firma Tactic Games posiada certyfikaty FSC i PEFC i swoj\u0105 polityk\u0105 d\u0105\u017cy do minimalizacji \u015bladu w\u0119glowego.<\/p>\n","protected":false},"excerpt":{"rendered":"<p>Gra, w kt\u00f3rej pi\u0119kne s\u0105 wszystkie chwile! Lata lec\u0105 to podr\u00f3\u017c przez wspomnienia i chwile, kt\u00f3re sprawiaj\u0105, \u017ce ka\u017cde \u017cycie jest wyj\u0105tkowe i jedyne w swoim rodzaju. Wr\u00f3\u0107 my\u015blami do swoich wspomnie\u0144 i podziel si\u0119 nimi z innymi graczami! Umieszczaj znane wydarzenia historyczne i osobiste prze\u017cycia we w\u0142a\u015bciwej kolejno\u015bci na w\u0142asnej osi czasu. Zdobywaj punkty [&hellip;]<\/p>\n","protected":false},"featured_media":0,"template":"","meta":{"content-type":"","_monsterinsights_skip_tracking":false,"_monsterinsights_sitenote_active":false,"_monsterinsights_sitenote_note":"","_monsterinsights_sitenote_category":0},"product_brand":[],"product_cat":[1811,1818],"product_tag":[1277],"brand":[],"target-group":[],"discontinued":[],"class_list":{"0":"post-1367914","1":"product","2":"type-product","3":"status-publish","5":"product_cat-imprezowe-gry-dla-doroslych","6":"product_cat-imprezowe-gry-rodzinne","7":"product_tag-wiedza","9":"first","10":"instock","11":"taxable","12":"shipping-taxable","13":"product-type-simple"},"aioseo_notices":[],"_links":{"self":[{"href":"https:\/\/games.tactic.net\/pl\/wp-json\/wp\/v2\/product\/1367914","targetHints":{"allow":["GET"]}}],"collection":[{"href":"https:\/\/games.tactic.net\/pl\/wp-json\/wp\/v2\/product"}],"about":[{"href":"https:\/\/games.tactic.net\/pl\/wp-json\/wp\/v2\/types\/product"}],"wp:attachment":[{"href":"https:\/\/games.tactic.net\/pl\/wp-json\/wp\/v2\/media?parent=1367914"}],"wp:term":[{"taxonomy":"product_brand","embeddable":true,"href":"https:\/\/games.tactic.net\/pl\/wp-json\/wp\/v2\/product_brand?post=1367914"},{"taxonomy":"product_cat","embeddable":true,"href":"https:\/\/games.tactic.net\/pl\/wp-json\/wp\/v2\/product_cat?post=1367914"},{"taxonomy":"product_tag","embeddable":true,"href":"https:\/\/games.tactic.net\/pl\/wp-json\/wp\/v2\/product_tag?post=1367914"},{"taxonomy":"brand","embeddable":true,"href":"https:\/\/games.tactic.net\/pl\/wp-json\/wp\/v2\/brand?post=1367914"},{"taxonomy":"target-group","embeddable":true,"href":"https:\/\/games.tactic.net\/pl\/wp-json\/wp\/v2\/target-group?post=1367914"},{"taxonomy":"discontinued","embeddable":true,"href":"https:\/\/games.tactic.net\/pl\/wp-json\/wp\/v2\/discontinued?post=1367914"}],"curies":[{"name":"wp","href":"https:\/\/api.w.org\/{rel}","templated":true}]}}