{"id":1367910,"date":"2025-09-05T16:13:12","date_gmt":"2025-09-05T13:13:12","guid":{"rendered":"https:\/\/games.tactic.net\/tuote\/sunsport-sky-rider-140-gram\/"},"modified":"2025-09-05T16:13:12","modified_gmt":"2025-09-05T13:13:12","slug":"sunsport-sky-rider-140-gram","status":"publish","type":"product","link":"https:\/\/games.tactic.net\/pl\/tuote\/sunsport-sky-rider-140-gram\/","title":{"rendered":"Sunsport Sky Rider 140 gram"},"content":{"rendered":"<p>DYSK DO RZUCANIA WYSOKIEJ JAKO\u015aCI Pomara\u0144czowy Idealny do parku, na pla\u017c\u0119 lub do zabawy z psem. Rzu\u0107 lub z\u0142ap. Z tym dyskiem mo\u017cesz liczy\u0107 na dalekie rzuty. Cechy produktu: Materia\u0142: plastik Kolor: czarny Rozmiar: \u015arednica 28cm Waga: 140 g Ta zabawka jest przeznaczona do u\u017cywania na zewn\u0105trz. Szwedzka firma Bex Sport to producent gier na \u015bwie\u017cym powietrzu i w domu Sercem firmy Bex Sport jest nasza pasja do oferowania produkt\u00f3w, kt\u00f3re daj\u0105 rado\u015b\u0107. Rado\u015b\u0107 zar\u00f3wno m\u0142odszym, jak i starszym, w\u015br\u00f3d rodziny i przyjaci\u00f3\u0142. Uwielbiamy wymy\u015bla\u0107 i produkowa\u0107 gry, kt\u00f3rymi mo\u017cna si\u0119 cieszy\u0107 zar\u00f3wno w domu, jak i na zewn\u0105trz. Proste zasady, kt\u00f3re pozwalaj\u0105 szybko rozpocz\u0105\u0107 gr\u0119, a w razie potrzeby dostosowa\u0107 zasady tak, aby ka\u017cdy m\u00f3g\u0142 si\u0119 nimi cieszy\u0107. Zesp\u00f3\u0142 ds. zakup\u00f3w w firmie Bex Sport nieustannie d\u0105\u017cy do zapewnienia najlepszej jako\u015bci i wzornictwa w atrakcyjnym opakowaniu. W 2022 roku szwedzka firma Bex Sport po\u0142\u0105czy\u0142a si\u0119 z firm\u0105 Tactic<\/p>\n","protected":false},"excerpt":{"rendered":"<p>DYSK DO RZUCANIA WYSOKIEJ JAKO\u015aCI Pomara\u0144czowy Idealny do parku, na pla\u017c\u0119 lub do zabawy z psem. Rzu\u0107 lub z\u0142ap. Z tym dyskiem mo\u017cesz liczy\u0107 na dalekie rzuty. Cechy produktu: Materia\u0142: plastik Kolor: czarny Rozmiar: \u015arednica 28cm Waga: 140 g Ta zabawka jest przeznaczona do u\u017cywania na zewn\u0105trz. Szwedzka firma Bex Sport to producent gier na [&hellip;]<\/p>\n","protected":false},"featured_media":0,"template":"","meta":{"content-type":"","_monsterinsights_skip_tracking":false,"_monsterinsights_sitenote_active":false,"_monsterinsights_sitenote_note":"","_monsterinsights_sitenote_category":0},"product_brand":[],"product_cat":[2330],"product_tag":[],"brand":[],"target-group":[],"discontinued":[],"class_list":{"0":"post-1367910","1":"product","2":"type-product","3":"status-publish","5":"product_cat-bex-sport-gry-plenerowe","7":"first","8":"outofstock","9":"taxable","10":"shipping-taxable","11":"product-type-simple"},"aioseo_notices":[],"_links":{"self":[{"href":"https:\/\/games.tactic.net\/pl\/wp-json\/wp\/v2\/product\/1367910","targetHints":{"allow":["GET"]}}],"collection":[{"href":"https:\/\/games.tactic.net\/pl\/wp-json\/wp\/v2\/product"}],"about":[{"href":"https:\/\/games.tactic.net\/pl\/wp-json\/wp\/v2\/types\/product"}],"wp:attachment":[{"href":"https:\/\/games.tactic.net\/pl\/wp-json\/wp\/v2\/media?parent=1367910"}],"wp:term":[{"taxonomy":"product_brand","embeddable":true,"href":"https:\/\/games.tactic.net\/pl\/wp-json\/wp\/v2\/product_brand?post=1367910"},{"taxonomy":"product_cat","embeddable":true,"href":"https:\/\/games.tactic.net\/pl\/wp-json\/wp\/v2\/product_cat?post=1367910"},{"taxonomy":"product_tag","embeddable":true,"href":"https:\/\/games.tactic.net\/pl\/wp-json\/wp\/v2\/product_tag?post=1367910"},{"taxonomy":"brand","embeddable":true,"href":"https:\/\/games.tactic.net\/pl\/wp-json\/wp\/v2\/brand?post=1367910"},{"taxonomy":"target-group","embeddable":true,"href":"https:\/\/games.tactic.net\/pl\/wp-json\/wp\/v2\/target-group?post=1367910"},{"taxonomy":"discontinued","embeddable":true,"href":"https:\/\/games.tactic.net\/pl\/wp-json\/wp\/v2\/discontinued?post=1367910"}],"curies":[{"name":"wp","href":"https:\/\/api.w.org\/{rel}","templated":true}]}}