{"id":1367909,"date":"2025-09-05T16:12:25","date_gmt":"2025-09-05T13:12:25","guid":{"rendered":"https:\/\/games.tactic.net\/tuote\/sunsport-baseball-bat-34\/"},"modified":"2025-09-05T16:12:25","modified_gmt":"2025-09-05T13:12:25","slug":"sunsport-baseball-bat-34","status":"publish","type":"product","link":"https:\/\/games.tactic.net\/pl\/tuote\/sunsport-baseball-bat-34\/","title":{"rendered":"Sunsport Baseball bat 34\u00b4\u00b4"},"content":{"rendered":"<p>BASEBALL KIJ DREWNIANY DLA POCZ\u0104TKUJ\u0104CYCH Z PI\u0141K\u0104 &#8211; Senior. 2 ELEMENTY Drewniany kij do jednej z najpopularniejszych gier rekreacyjnych na \u015bwiecie. W baseball bior\u0105 udzia\u0142 dwie dru\u017cyny, kt\u00f3re na przemian pe\u0142ni\u0105 rol\u0119 strony atakuj\u0105cej i przeszkadzaj\u0105cej, Zawodnik z dru\u017cyny atakuj\u0105cej najpierw odbija kijem pi\u0142k\u0119 rzucon\u0105 przez miotacza, po czym rzuca kij i biegnie do najbli\u017cszej bazy, aby j\u0105 zaliczy\u0107. Je\u015bli mu si\u0119 uda to biegnie do kolejnej, a\u017c sko\u0144czy bieg w tzw home run. W tym czasie zawodnik z dru\u017cyny przeciwnej \u2013 \u0142apacz, pr\u00f3buje z\u0142apa\u0107 pi\u0142k\u0119 odbit\u0105 przez biegn\u0105cego gracza. Kiedy tego dokona, zawodnik biegn\u0105cy musi zatrzyma\u0107 si\u0119 w najbli\u017cszej bazie. Wygrywa dru\u017cyna, kt\u00f3ra po 9 rundach b\u0119dzie mia\u0142a wi\u0119cej punkt\u00f3w. Cechy produktu: Materia\u0142: Drewno Kolor: Niebieski,czarny Masa: 0,9 kg Rozmiar 34 (ok. 87 cm), Pi\u0142ka soft core 7 cm \u015brednicy Kij baseballowy nie jest zabawk\u0105 i powinien by\u0107 u\u017cywany pod nadzorem. Ten produkt jest przeznaczona do u\u017cywania na zewn\u0105trz. Szwedzka firma Bex Sport to producent gier na \u015bwie\u017cym powietrzu i w domu. Sercem firmy Bex Sport jest nasza pasja do oferowania produkt\u00f3w, kt\u00f3re daj\u0105 rado\u015b\u0107. Rado\u015b\u0107 zar\u00f3wno m\u0142odszym, jak i starszym, w\u015br\u00f3d rodziny i przyjaci\u00f3\u0142. Uwielbiamy wymy\u015bla\u0107 i produkowa\u0107 gry, kt\u00f3rymi mo\u017cna si\u0119 cieszy\u0107 zar\u00f3wno w domu, jak i na zewn\u0105trz. Proste zasady, kt\u00f3re pozwalaj\u0105 szybko rozpocz\u0105\u0107 gr\u0119, a w razie potrzeby dostosowa\u0107 zasady tak, aby ka\u017cdy m\u00f3g\u0142 si\u0119 nimi cieszy\u0107. Zesp\u00f3\u0142 ds. zakup\u00f3w w firmie Bex Sport nieustannie d\u0105\u017cy do zapewnienia najlepszej jako\u015bci i wzornictwa w atrakcyjnym opakowaniu. W 2022 roku szwedzka firma Bex Sport po\u0142\u0105czy\u0142a si\u0119 z firm\u0105 Tactic<\/p>\n","protected":false},"excerpt":{"rendered":"<p>BASEBALL KIJ DREWNIANY DLA POCZ\u0104TKUJ\u0104CYCH Z PI\u0141K\u0104 &#8211; Senior. 2 ELEMENTY Drewniany kij do jednej z najpopularniejszych gier rekreacyjnych na \u015bwiecie. W baseball bior\u0105 udzia\u0142 dwie dru\u017cyny, kt\u00f3re na przemian pe\u0142ni\u0105 rol\u0119 strony atakuj\u0105cej i przeszkadzaj\u0105cej, Zawodnik z dru\u017cyny atakuj\u0105cej najpierw odbija kijem pi\u0142k\u0119 rzucon\u0105 przez miotacza, po czym rzuca kij i biegnie do najbli\u017cszej [&hellip;]<\/p>\n","protected":false},"featured_media":0,"template":"","meta":{"content-type":"","_monsterinsights_skip_tracking":false,"_monsterinsights_sitenote_active":false,"_monsterinsights_sitenote_note":"","_monsterinsights_sitenote_category":0},"product_brand":[],"product_cat":[2330],"product_tag":[],"brand":[],"target-group":[],"discontinued":[],"class_list":{"0":"post-1367909","1":"product","2":"type-product","3":"status-publish","5":"product_cat-bex-sport-gry-plenerowe","7":"first","8":"outofstock","9":"taxable","10":"shipping-taxable","11":"product-type-simple"},"aioseo_notices":[],"_links":{"self":[{"href":"https:\/\/games.tactic.net\/pl\/wp-json\/wp\/v2\/product\/1367909","targetHints":{"allow":["GET"]}}],"collection":[{"href":"https:\/\/games.tactic.net\/pl\/wp-json\/wp\/v2\/product"}],"about":[{"href":"https:\/\/games.tactic.net\/pl\/wp-json\/wp\/v2\/types\/product"}],"wp:attachment":[{"href":"https:\/\/games.tactic.net\/pl\/wp-json\/wp\/v2\/media?parent=1367909"}],"wp:term":[{"taxonomy":"product_brand","embeddable":true,"href":"https:\/\/games.tactic.net\/pl\/wp-json\/wp\/v2\/product_brand?post=1367909"},{"taxonomy":"product_cat","embeddable":true,"href":"https:\/\/games.tactic.net\/pl\/wp-json\/wp\/v2\/product_cat?post=1367909"},{"taxonomy":"product_tag","embeddable":true,"href":"https:\/\/games.tactic.net\/pl\/wp-json\/wp\/v2\/product_tag?post=1367909"},{"taxonomy":"brand","embeddable":true,"href":"https:\/\/games.tactic.net\/pl\/wp-json\/wp\/v2\/brand?post=1367909"},{"taxonomy":"target-group","embeddable":true,"href":"https:\/\/games.tactic.net\/pl\/wp-json\/wp\/v2\/target-group?post=1367909"},{"taxonomy":"discontinued","embeddable":true,"href":"https:\/\/games.tactic.net\/pl\/wp-json\/wp\/v2\/discontinued?post=1367909"}],"curies":[{"name":"wp","href":"https:\/\/api.w.org\/{rel}","templated":true}]}}