{"id":1367904,"date":"2025-09-04T14:08:15","date_gmt":"2025-09-04T11:08:15","guid":{"rendered":"https:\/\/games.tactic.net\/tuote\/catdart-3-darts-in-blister\/"},"modified":"2025-09-04T14:08:15","modified_gmt":"2025-09-04T11:08:15","slug":"catdart-3-darts-in-blister","status":"publish","type":"product","link":"https:\/\/games.tactic.net\/pl\/tuote\/catdart-3-darts-in-blister\/","title":{"rendered":"Catdart 3 darts in blister"},"content":{"rendered":"<p>Zestaw (3 szt) rzutek z metalowym ostrzem STEELTIP. Przeznaczone do gry rekreacyjnej i profesjonalnej.<\/p>\n<p>Waga 1 lotki: 18g<\/p>\n<p>Wymienne shafty i lotki. <\/p>\n<p>Pakowane w blister.<\/p>\n<p>Bex Sport to szwedzki producent gier rekreacyjnych i sportowych, przeznaczonych do zabawy w domu jak i na \u015bwie\u017cym powietrzu. Nasz\u0105 pasj\u0105 jest tworzenie produkt\u00f3w, kt\u00f3re dostarczaj\u0105 rado\u015bci zar\u00f3wno dzieciom, jak i doros\u0142ym. Projektujemy gry o prostych zasadach, kt\u00f3re pozwalaj\u0105 szybko rozpocz\u0105\u0107 rozgrywk\u0119 i \u0142atwo dostosowa\u0107 j\u0105 do r\u00f3\u017cnych uczestnik\u00f3w. Nasze najwa\u017cniejsze marki to Bex \u2013 drewniane gry plenerowe, Gamesson \u2013 sto\u0142y sportowe i Dart, Sunsport \u2013 gry zespo\u0142owe. Dbamy o wysok\u0105 jako\u015b\u0107, nowoczesne wzornictwo i atrakcyjne opakowania. W 2022 roku Bex Sport po\u0142\u0105czy\u0142o si\u0142y z fi\u0144sk\u0105 firm\u0105 Tactic Games Oy, producentem wysokiej jako\u015bci gier rodzinnych. Tactic przyk\u0142ada du\u017c\u0105 wag\u0119 do zr\u00f3wnowa\u017conego rozwoju, monitoruj\u0105c \u015blad w\u0119glowy i zapewniaj\u0105c pe\u0142n\u0105 identyfikowalno\u015b\u0107 u\u017cywanych materia\u0142\u00f3w.<\/p>\n","protected":false},"excerpt":{"rendered":"<p>Zestaw (3 szt) rzutek z metalowym ostrzem STEELTIP. Przeznaczone do gry rekreacyjnej i profesjonalnej. Waga 1 lotki: 18g Wymienne shafty i lotki. Pakowane w blister. Bex Sport to szwedzki producent gier rekreacyjnych i sportowych, przeznaczonych do zabawy w domu jak i na \u015bwie\u017cym powietrzu. Nasz\u0105 pasj\u0105 jest tworzenie produkt\u00f3w, kt\u00f3re dostarczaj\u0105 rado\u015bci zar\u00f3wno dzieciom, jak [&hellip;]<\/p>\n","protected":false},"featured_media":0,"template":"","meta":{"content-type":"","_monsterinsights_skip_tracking":false,"_monsterinsights_sitenote_active":false,"_monsterinsights_sitenote_note":"","_monsterinsights_sitenote_category":0},"product_brand":[],"product_cat":[2330],"product_tag":[],"brand":[],"target-group":[],"discontinued":[],"class_list":{"0":"post-1367904","1":"product","2":"type-product","3":"status-publish","5":"product_cat-bex-sport-gry-plenerowe","7":"first","8":"instock","9":"taxable","10":"shipping-taxable","11":"product-type-simple"},"aioseo_notices":[],"_links":{"self":[{"href":"https:\/\/games.tactic.net\/pl\/wp-json\/wp\/v2\/product\/1367904","targetHints":{"allow":["GET"]}}],"collection":[{"href":"https:\/\/games.tactic.net\/pl\/wp-json\/wp\/v2\/product"}],"about":[{"href":"https:\/\/games.tactic.net\/pl\/wp-json\/wp\/v2\/types\/product"}],"wp:attachment":[{"href":"https:\/\/games.tactic.net\/pl\/wp-json\/wp\/v2\/media?parent=1367904"}],"wp:term":[{"taxonomy":"product_brand","embeddable":true,"href":"https:\/\/games.tactic.net\/pl\/wp-json\/wp\/v2\/product_brand?post=1367904"},{"taxonomy":"product_cat","embeddable":true,"href":"https:\/\/games.tactic.net\/pl\/wp-json\/wp\/v2\/product_cat?post=1367904"},{"taxonomy":"product_tag","embeddable":true,"href":"https:\/\/games.tactic.net\/pl\/wp-json\/wp\/v2\/product_tag?post=1367904"},{"taxonomy":"brand","embeddable":true,"href":"https:\/\/games.tactic.net\/pl\/wp-json\/wp\/v2\/brand?post=1367904"},{"taxonomy":"target-group","embeddable":true,"href":"https:\/\/games.tactic.net\/pl\/wp-json\/wp\/v2\/target-group?post=1367904"},{"taxonomy":"discontinued","embeddable":true,"href":"https:\/\/games.tactic.net\/pl\/wp-json\/wp\/v2\/discontinued?post=1367904"}],"curies":[{"name":"wp","href":"https:\/\/api.w.org\/{rel}","templated":true}]}}