{"id":1367806,"date":"2025-08-20T17:17:40","date_gmt":"2025-08-20T14:17:40","guid":{"rendered":"https:\/\/games.tactic.net\/tuote\/christmas-card-game\/"},"modified":"2025-08-20T17:17:40","modified_gmt":"2025-08-20T14:17:40","slug":"christmas-card-game","status":"publish","type":"product","link":"https:\/\/games.tactic.net\/pl\/tuote\/christmas-card-game\/","title":{"rendered":"Tactic \u015awi\u0105teczne Gry Karciane"},"content":{"rendered":"<p>Nic tak nie jednoczy ludzi w \u015awi\u0119ta jak Rodzina i gry\u2026<br \/>\nNiezale\u017cnie od tego, czy jeste\u015b prawdziwym mistrzem w karty, czy po prostu chcesz si\u0119 zrelaksowa\u0107 i sp\u0119dzi\u0107 \u015awi\u0119ta z rodzin\u0105 i przyjaci\u00f3\u0142mi- niech to niepozorne urocze pude\u0142eczko zabierze Ci\u0119 w fascynuj\u0105cy \u015bwiat 14 r\u00f3\u017cnych gier karcianych! Dzi\u0119ki swojej uniwersalno\u015bci, ten wysokiej jako\u015bci zestaw sprawdzi si\u0119 zar\u00f3wno w\u015br\u00f3d pocz\u0105tkuj\u0105cych, jak i do\u015bwiadczonych graczy. Te klasyczne karcianki wype\u0142ni\u0105 Wasz \u015bwi\u0105teczny czas zabaw\u0105 i chwilami szcz\u0119\u015bcia!<\/p>\n<p>Zawarto\u015b\u0107: 1 talia wysokiej jako\u015bci kart do gry, zasady 24 r\u00f3\u017cnych gier karcianych (cz\u0119\u015bciowo w instrukcji i cz\u0119\u015bciowo dost\u0119pne online przez kod QR).<br \/>\n\u015aredni czas gry: 10 minut.<br \/>\nGra dla 1 i wi\u0119cej graczy w wieku 6+ lat.<\/p>\n<p>Od 1967 roku fi\u0144ska firma Tactic Games jest znana z innowacyjnych, ekscytuj\u0105cych i jako\u015bciowych gier, kt\u00f3re zachwycaj\u0105 miliony rodzin na ca\u0142ym \u015bwiecie. Nasz\u0105 misj\u0105 jest produkcja gier planszowych, kt\u00f3re pomagaj\u0105 rodzinom i przyjacio\u0142om sp\u0119dza\u0107 razem czas. Chcemy, aby nasze gry przyci\u0105ga\u0142y do wsp\u00f3lnej dobrej zabawy, \u015bmiechu i rozwi\u0105zywania problem\u00f3w. Witamy w ekscytuj\u0105cym \u015bwiecie nordyckich gier! Bawmy si\u0119 RAZEM! Firma Tactic Games posiada certyfikaty FSC i PEFC i swoj\u0105 polityk\u0105 d\u0105\u017cy do minimalizacji \u015bladu w\u0119glowego.<\/p>\n","protected":false},"excerpt":{"rendered":"<p>Nic tak nie jednoczy ludzi w \u015awi\u0119ta jak Rodzina i gry\u2026 Niezale\u017cnie od tego, czy jeste\u015b prawdziwym mistrzem w karty, czy po prostu chcesz si\u0119 zrelaksowa\u0107 i sp\u0119dzi\u0107 \u015awi\u0119ta z rodzin\u0105 i przyjaci\u00f3\u0142mi- niech to niepozorne urocze pude\u0142eczko zabierze Ci\u0119 w fascynuj\u0105cy \u015bwiat 14 r\u00f3\u017cnych gier karcianych! Dzi\u0119ki swojej uniwersalno\u015bci, ten wysokiej jako\u015bci zestaw sprawdzi [&hellip;]<\/p>\n","protected":false},"featured_media":0,"template":"","meta":{"content-type":"","_monsterinsights_skip_tracking":false,"_monsterinsights_sitenote_active":false,"_monsterinsights_sitenote_note":"","_monsterinsights_sitenote_category":0},"product_brand":[],"product_cat":[1676,1796],"product_tag":[],"brand":[],"target-group":[],"discontinued":[],"class_list":{"0":"post-1367806","1":"product","2":"type-product","3":"status-publish","5":"product_cat-gry-kosciane-i-karciane-gry-rodzinne","6":"product_cat-gry-planszowe-dla-dzieci","8":"first","9":"instock","10":"taxable","11":"shipping-taxable","12":"product-type-simple"},"aioseo_notices":[],"_links":{"self":[{"href":"https:\/\/games.tactic.net\/pl\/wp-json\/wp\/v2\/product\/1367806","targetHints":{"allow":["GET"]}}],"collection":[{"href":"https:\/\/games.tactic.net\/pl\/wp-json\/wp\/v2\/product"}],"about":[{"href":"https:\/\/games.tactic.net\/pl\/wp-json\/wp\/v2\/types\/product"}],"wp:attachment":[{"href":"https:\/\/games.tactic.net\/pl\/wp-json\/wp\/v2\/media?parent=1367806"}],"wp:term":[{"taxonomy":"product_brand","embeddable":true,"href":"https:\/\/games.tactic.net\/pl\/wp-json\/wp\/v2\/product_brand?post=1367806"},{"taxonomy":"product_cat","embeddable":true,"href":"https:\/\/games.tactic.net\/pl\/wp-json\/wp\/v2\/product_cat?post=1367806"},{"taxonomy":"product_tag","embeddable":true,"href":"https:\/\/games.tactic.net\/pl\/wp-json\/wp\/v2\/product_tag?post=1367806"},{"taxonomy":"brand","embeddable":true,"href":"https:\/\/games.tactic.net\/pl\/wp-json\/wp\/v2\/brand?post=1367806"},{"taxonomy":"target-group","embeddable":true,"href":"https:\/\/games.tactic.net\/pl\/wp-json\/wp\/v2\/target-group?post=1367806"},{"taxonomy":"discontinued","embeddable":true,"href":"https:\/\/games.tactic.net\/pl\/wp-json\/wp\/v2\/discontinued?post=1367806"}],"curies":[{"name":"wp","href":"https:\/\/api.w.org\/{rel}","templated":true}]}}