{"id":1367789,"date":"2025-08-13T17:17:39","date_gmt":"2025-08-13T14:17:39","guid":{"rendered":"https:\/\/games.tactic.net\/tuote\/christmas-memo-game\/"},"modified":"2025-08-13T17:17:39","modified_gmt":"2025-08-13T14:17:39","slug":"christmas-memo-game","status":"publish","type":"product","link":"https:\/\/games.tactic.net\/pl\/tuote\/christmas-memo-game\/","title":{"rendered":"Tactic \u015awi\u0105teczna Gra Memory"},"content":{"rendered":"<p>Nic tak nie jednoczy ludzi w \u015awi\u0119ta jak Rodzina i gry\u2026<br \/>\nOdnajduj pary i wygrywaj! Odwracaj kafelki z pi\u0119knymi \u015bwi\u0105tecznymi obrazkami i postaraj si\u0119 znale\u017a\u0107 jak najwi\u0119cej par! Ta klasyczna gra dla dzieci i ca\u0142ych rodzin, w ka\u017cdym szczeg\u00f3le przepe\u0142niona jest ciep\u0142\u0105, \u015bwi\u0105teczn\u0105 atmosfer\u0105. Tw\u00f3rz wsp\u00f3lne chwile dzi\u0119ki obrazkom pe\u0142nym Bo\u017conarodzeniowej magii!<\/p>\n<p>Zawarto\u015b\u0107: 54 kafelki z pi\u0119knymi obrazkami, instrukcja.<br \/>\n\u015aredni czas gry: 10 minut.<br \/>\nGra dla 2 i wi\u0119cej graczy w wieku 3+ lat.<\/p>\n<p>Od 1967 roku fi\u0144ska firma Tactic Games jest znana z innowacyjnych, ekscytuj\u0105cych i jako\u015bciowych gier, kt\u00f3re zachwycaj\u0105 miliony rodzin na ca\u0142ym \u015bwiecie. Nasz\u0105 misj\u0105 jest produkcja gier planszowych, kt\u00f3re pomagaj\u0105 rodzinom i przyjacio\u0142om sp\u0119dza\u0107 razem czas. Chcemy, aby nasze gry przyci\u0105ga\u0142y do wsp\u00f3lnej dobrej zabawy, \u015bmiechu i rozwi\u0105zywania problem\u00f3w. Witamy w ekscytuj\u0105cym \u015bwiecie nordyckich gier! Bawmy si\u0119 RAZEM! Firma Tactic Games posiada certyfikaty FSC i PEFC i swoj\u0105 polityk\u0105 d\u0105\u017cy do minimalizacji \u015bladu w\u0119glowego.<\/p>\n","protected":false},"excerpt":{"rendered":"<p>Nic tak nie jednoczy ludzi w \u015awi\u0119ta jak Rodzina i gry\u2026 Odnajduj pary i wygrywaj! Odwracaj kafelki z pi\u0119knymi \u015bwi\u0105tecznymi obrazkami i postaraj si\u0119 znale\u017a\u0107 jak najwi\u0119cej par! Ta klasyczna gra dla dzieci i ca\u0142ych rodzin, w ka\u017cdym szczeg\u00f3le przepe\u0142niona jest ciep\u0142\u0105, \u015bwi\u0105teczn\u0105 atmosfer\u0105. Tw\u00f3rz wsp\u00f3lne chwile dzi\u0119ki obrazkom pe\u0142nym Bo\u017conarodzeniowej magii! Zawarto\u015b\u0107: 54 kafelki [&hellip;]<\/p>\n","protected":false},"featured_media":0,"template":"","meta":{"content-type":"","_monsterinsights_skip_tracking":false,"_monsterinsights_sitenote_active":false,"_monsterinsights_sitenote_note":"","_monsterinsights_sitenote_category":0},"product_brand":[],"product_cat":[1819],"product_tag":[],"brand":[],"target-group":[],"discontinued":[],"class_list":{"0":"post-1367789","1":"product","2":"type-product","3":"status-publish","5":"product_cat-gry-edukacyjne","7":"first","8":"instock","9":"taxable","10":"shipping-taxable","11":"product-type-simple"},"aioseo_notices":[],"_links":{"self":[{"href":"https:\/\/games.tactic.net\/pl\/wp-json\/wp\/v2\/product\/1367789","targetHints":{"allow":["GET"]}}],"collection":[{"href":"https:\/\/games.tactic.net\/pl\/wp-json\/wp\/v2\/product"}],"about":[{"href":"https:\/\/games.tactic.net\/pl\/wp-json\/wp\/v2\/types\/product"}],"wp:attachment":[{"href":"https:\/\/games.tactic.net\/pl\/wp-json\/wp\/v2\/media?parent=1367789"}],"wp:term":[{"taxonomy":"product_brand","embeddable":true,"href":"https:\/\/games.tactic.net\/pl\/wp-json\/wp\/v2\/product_brand?post=1367789"},{"taxonomy":"product_cat","embeddable":true,"href":"https:\/\/games.tactic.net\/pl\/wp-json\/wp\/v2\/product_cat?post=1367789"},{"taxonomy":"product_tag","embeddable":true,"href":"https:\/\/games.tactic.net\/pl\/wp-json\/wp\/v2\/product_tag?post=1367789"},{"taxonomy":"brand","embeddable":true,"href":"https:\/\/games.tactic.net\/pl\/wp-json\/wp\/v2\/brand?post=1367789"},{"taxonomy":"target-group","embeddable":true,"href":"https:\/\/games.tactic.net\/pl\/wp-json\/wp\/v2\/target-group?post=1367789"},{"taxonomy":"discontinued","embeddable":true,"href":"https:\/\/games.tactic.net\/pl\/wp-json\/wp\/v2\/discontinued?post=1367789"}],"curies":[{"name":"wp","href":"https:\/\/api.w.org\/{rel}","templated":true}]}}