{"id":1367768,"date":"2025-08-07T15:08:39","date_gmt":"2025-08-07T12:08:39","guid":{"rendered":"https:\/\/games.tactic.net\/tuote\/christmas-dice-game\/"},"modified":"2025-08-07T15:08:39","modified_gmt":"2025-08-07T12:08:39","slug":"christmas-dice-game","status":"publish","type":"product","link":"https:\/\/games.tactic.net\/pl\/tuote\/christmas-dice-game\/","title":{"rendered":"Tactic \u015awi\u0105teczna Gra w Ko\u015bci"},"content":{"rendered":"<p>Nic tak nie jednoczy ludzi w \u015awi\u0119ta jak Rodzina i gry.<br \/>\nPoczuj magi\u0119 \u015bwi\u0105t dzi\u0119ki tej klasycznej grze ko\u015bcianej! Gra toczy si\u0119 przy u\u017cyciu pi\u0119ciu ko\u015bci. Gracze rzucaj\u0105 nimi na zmian\u0119, staraj\u0105c si\u0119 uzyska\u0107 jak najwi\u0119cej r\u00f3\u017cnych kombinacji. Kombinacje zaznacza si\u0119 na bloczku z wynikami, a wygrywa gracz z najwy\u017cszym wynikiem! <\/p>\n<p>Zawarto\u015b\u0107: 5 drewnianych ko\u015bci, bloczek do zapisywania wynik\u00f3w, o\u0142\u00f3wek, instrukcja.<br \/>\n\u015aredni czas gry: 10 minut.<br \/>\nGra dla 2 i wi\u0119cej graczy w wieku 7+ lat.<\/p>\n<p>Od 1967 roku fi\u0144ska firma Tactic Games jest znana z innowacyjnych, ekscytuj\u0105cych i jako\u015bciowych gier, kt\u00f3re zachwycaj\u0105 miliony rodzin na ca\u0142ym \u015bwiecie. Nasz\u0105 misj\u0105 jest produkcja gier planszowych, kt\u00f3re pomagaj\u0105 rodzinom i przyjacio\u0142om sp\u0119dza\u0107 razem czas. Chcemy, aby nasze gry przyci\u0105ga\u0142y do wsp\u00f3lnej dobrej zabawy, \u015bmiechu i rozwi\u0105zywania problem\u00f3w. Witamy w ekscytuj\u0105cym \u015bwiecie nordyckich gier! Bawmy si\u0119 RAZEM! Firma Tactic Games posiada certyfikaty FSC i PEFC i swoj\u0105 polityk\u0105 d\u0105\u017cy do minimalizacji \u015bladu w\u0119glowego.<\/p>\n","protected":false},"excerpt":{"rendered":"<p>Nic tak nie jednoczy ludzi w \u015awi\u0119ta jak Rodzina i gry. Poczuj magi\u0119 \u015bwi\u0105t dzi\u0119ki tej klasycznej grze ko\u015bcianej! Gra toczy si\u0119 przy u\u017cyciu pi\u0119ciu ko\u015bci. Gracze rzucaj\u0105 nimi na zmian\u0119, staraj\u0105c si\u0119 uzyska\u0107 jak najwi\u0119cej r\u00f3\u017cnych kombinacji. Kombinacje zaznacza si\u0119 na bloczku z wynikami, a wygrywa gracz z najwy\u017cszym wynikiem! Zawarto\u015b\u0107: 5 drewnianych ko\u015bci, [&hellip;]<\/p>\n","protected":false},"featured_media":0,"template":"","meta":{"content-type":"","_monsterinsights_skip_tracking":false,"_monsterinsights_sitenote_active":false,"_monsterinsights_sitenote_note":"","_monsterinsights_sitenote_category":0},"product_brand":[],"product_cat":[1676,1814,1817],"product_tag":[],"brand":[],"target-group":[],"discontinued":[],"class_list":{"0":"post-1367768","1":"product","2":"type-product","3":"status-publish","5":"product_cat-gry-kosciane-i-karciane-gry-rodzinne","6":"product_cat-quizowe-gry-rodzinne","7":"product_cat-quizowe-gry-dla-doroslych","9":"first","10":"instock","11":"taxable","12":"shipping-taxable","13":"product-type-simple"},"aioseo_notices":[],"_links":{"self":[{"href":"https:\/\/games.tactic.net\/pl\/wp-json\/wp\/v2\/product\/1367768","targetHints":{"allow":["GET"]}}],"collection":[{"href":"https:\/\/games.tactic.net\/pl\/wp-json\/wp\/v2\/product"}],"about":[{"href":"https:\/\/games.tactic.net\/pl\/wp-json\/wp\/v2\/types\/product"}],"wp:attachment":[{"href":"https:\/\/games.tactic.net\/pl\/wp-json\/wp\/v2\/media?parent=1367768"}],"wp:term":[{"taxonomy":"product_brand","embeddable":true,"href":"https:\/\/games.tactic.net\/pl\/wp-json\/wp\/v2\/product_brand?post=1367768"},{"taxonomy":"product_cat","embeddable":true,"href":"https:\/\/games.tactic.net\/pl\/wp-json\/wp\/v2\/product_cat?post=1367768"},{"taxonomy":"product_tag","embeddable":true,"href":"https:\/\/games.tactic.net\/pl\/wp-json\/wp\/v2\/product_tag?post=1367768"},{"taxonomy":"brand","embeddable":true,"href":"https:\/\/games.tactic.net\/pl\/wp-json\/wp\/v2\/brand?post=1367768"},{"taxonomy":"target-group","embeddable":true,"href":"https:\/\/games.tactic.net\/pl\/wp-json\/wp\/v2\/target-group?post=1367768"},{"taxonomy":"discontinued","embeddable":true,"href":"https:\/\/games.tactic.net\/pl\/wp-json\/wp\/v2\/discontinued?post=1367768"}],"curies":[{"name":"wp","href":"https:\/\/api.w.org\/{rel}","templated":true}]}}