{"id":1367157,"date":"2025-06-24T14:43:49","date_gmt":"2025-06-24T11:43:49","guid":{"rendered":"https:\/\/games.tactic.net\/tuote\/lets-learn-traffic-game\/"},"modified":"2025-11-07T11:22:08","modified_gmt":"2025-11-07T09:22:08","slug":"lets-learn-traffic-game","status":"publish","type":"product","link":"https:\/\/games.tactic.net\/pl\/tuote\/lets-learn-traffic-game\/","title":{"rendered":"Let\u00b4s learn Traffic Game"},"content":{"rendered":"<p>Bo bezpiecze\u0144stwo to podstawa!<br \/>\nMoja Droga to Szko\u0142y to edukacyjna gra planszowa, w kt\u00f3rej dzieci wcielaj\u0105 si\u0119 w grup\u0119 przyjaci\u00f3\u0142 wracaj\u0105cych ze szko\u0142y. Ich celem jest jak najszybsze dotarcie do domu, przestrzegaj\u0105c zasad ruchu drogowego! Ka\u017cdy gracz prowadzi swoj\u0105 posta\u0107 przez cztery punkty na mapie, odpowiadaj\u0105c po drodze na pytania dotycz\u0105ce znak\u00f3w oraz bezpiecznego zachowania na drodze. Ruchome znaki drogowe sprawiaj\u0105, \u017ce ka\u017cda rozgrywka wygl\u0105da inaczej. Gra \u0142\u0105czy zabaw\u0119 z nauk\u0105, rozwijaj\u0105c spostrzegawczo\u015b\u0107 i dobre nawyki; dzieci ucz\u0105 si\u0119 przez zabaw\u0119 i na\u015bladownictwo. To idealna gra edukuj\u0105ca o ruchu drogowym dla dzieci od 6 roku \u017cycia.<\/p>\n<p>Zawarto\u015b\u0107: Plansza do gry, 100 kart (75 kart z pytaniami, 25 kart akcji), 4 pionki postaci z plastikowymi podstawkami, 4 p\u0142ytki tras, 16 \u017ceton\u00f3w, 1 licznik punkt\u00f3w + \u017ceton opony, 1 trofeum z plastikow\u0105 podstawk\u0105, 1 \u017ceton rowerzysty, 8 kartonowych znak\u00f3w drogowych z plastikowymi podstawkami, 1 kartonowy bilet autobusowy, 1 kartonowa p\u0142ytka promu, tarcza ze strza\u0142k\u0105 i pinezk\u0105 do kr\u0119cenia, instrukcja.<br \/>\n\u015aredni czas gry: 15 minut.<br \/>\nGra dla 2-4 graczy w wieku 6-10 lat.<\/p>\n<p>Od 1967 roku fi\u0144ska firma Tactic Games jest znana z innowacyjnych, ekscytuj\u0105cych i jako\u015bciowych gier, kt\u00f3re zachwycaj\u0105 miliony rodzin na ca\u0142ym \u015bwiecie. Nasz\u0105 misj\u0105 jest produkcja gier planszowych, kt\u00f3re pomagaj\u0105 rodzinom i przyjacio\u0142om sp\u0119dza\u0107 razem czas. Chcemy, aby nasze gry przyci\u0105ga\u0142y do wsp\u00f3lnej dobrej zabawy, \u015bmiechu i rozwi\u0105zywania problem\u00f3w. Witamy w ekscytuj\u0105cym \u015bwiecie nordyckich gier! Bawmy si\u0119 RAZEM! Firma Tactic Games posiada certyfikaty FSC i PEFC i swoj\u0105 polityk\u0105 d\u0105\u017cy do minimalizacji \u015bladu w\u0119glowego.<\/p>\n","protected":false},"excerpt":{"rendered":"<p>Bo bezpiecze\u0144stwo to podstawa! Moja Droga to Szko\u0142y to edukacyjna gra planszowa, w kt\u00f3rej dzieci wcielaj\u0105 si\u0119 w grup\u0119 przyjaci\u00f3\u0142 wracaj\u0105cych ze szko\u0142y. Ich celem jest jak najszybsze dotarcie do domu, przestrzegaj\u0105c zasad ruchu drogowego! Ka\u017cdy gracz prowadzi swoj\u0105 posta\u0107 przez cztery punkty na mapie, odpowiadaj\u0105c po drodze na pytania dotycz\u0105ce znak\u00f3w oraz bezpiecznego zachowania [&hellip;]<\/p>\n","protected":false},"featured_media":0,"template":"","meta":{"content-type":"","_monsterinsights_skip_tracking":false,"_monsterinsights_sitenote_active":false,"_monsterinsights_sitenote_note":"","_monsterinsights_sitenote_category":0},"product_brand":[],"product_cat":[1819,1796],"product_tag":[1000,1234],"brand":[{"id":869,"name":"Let's Learn","slug":"letslearn-pl"}],"target-group":[],"discontinued":[],"class_list":{"0":"post-1367157","1":"product","2":"type-product","3":"status-publish","5":"product_cat-gry-edukacyjne","6":"product_cat-gry-planszowe-dla-dzieci","7":"product_tag-edukacyjny","8":"product_tag-laczenie-pl","9":"brand-letslearn-pl","11":"first","12":"instock","13":"taxable","14":"shipping-taxable","15":"product-type-simple"},"aioseo_notices":[],"_links":{"self":[{"href":"https:\/\/games.tactic.net\/pl\/wp-json\/wp\/v2\/product\/1367157","targetHints":{"allow":["GET"]}}],"collection":[{"href":"https:\/\/games.tactic.net\/pl\/wp-json\/wp\/v2\/product"}],"about":[{"href":"https:\/\/games.tactic.net\/pl\/wp-json\/wp\/v2\/types\/product"}],"wp:attachment":[{"href":"https:\/\/games.tactic.net\/pl\/wp-json\/wp\/v2\/media?parent=1367157"}],"wp:term":[{"taxonomy":"product_brand","embeddable":true,"href":"https:\/\/games.tactic.net\/pl\/wp-json\/wp\/v2\/product_brand?post=1367157"},{"taxonomy":"product_cat","embeddable":true,"href":"https:\/\/games.tactic.net\/pl\/wp-json\/wp\/v2\/product_cat?post=1367157"},{"taxonomy":"product_tag","embeddable":true,"href":"https:\/\/games.tactic.net\/pl\/wp-json\/wp\/v2\/product_tag?post=1367157"},{"taxonomy":"brand","embeddable":true,"href":"https:\/\/games.tactic.net\/pl\/wp-json\/wp\/v2\/brand?post=1367157"},{"taxonomy":"target-group","embeddable":true,"href":"https:\/\/games.tactic.net\/pl\/wp-json\/wp\/v2\/target-group?post=1367157"},{"taxonomy":"discontinued","embeddable":true,"href":"https:\/\/games.tactic.net\/pl\/wp-json\/wp\/v2\/discontinued?post=1367157"}],"curies":[{"name":"wp","href":"https:\/\/api.w.org\/{rel}","templated":true}]}}