{"id":1367096,"date":"2025-06-13T16:10:19","date_gmt":"2025-06-13T13:10:19","guid":{"rendered":"https:\/\/games.tactic.net\/tuote\/hazzle\/"},"modified":"2025-06-13T16:10:19","modified_gmt":"2025-06-13T13:10:19","slug":"hazzle","status":"publish","type":"product","link":"https:\/\/games.tactic.net\/pl\/tuote\/hazzle\/","title":{"rendered":"Hazzle"},"content":{"rendered":"<p>Gra pe\u0142na dynamiki!<br \/>\nHAZZLE to szybka i zabawna gra, w kt\u00f3rej liczy si\u0119 refleks i spryt! Gracze staraj\u0105 si\u0119 jak najszybciej odnale\u017a\u0107 na stole pary do kart przedstawiaj\u0105cych zwierz\u0119ta i zwi\u0105zane z nimi przedmioty. Uderz m\u0142otkiem Hazzle w odpowiedni\u0105 kart\u0119, krzyknij, co na niej widzisz i zgarnij j\u0105 jako punkt! Ale uwaga na karty pirackie &#8211; kt\u00f3re mog\u0105 nagle zmieni\u0107 sytuacj\u0119 na stole! Wygrywa ten, kto pierwszy zdob\u0119dzie 10 kart. Dwie wersje rozgrywki pozwalaj\u0105 dostosowa\u0107 poziom trudno\u015bci do wieku i do\u015bwiadczenia graczy. Odpowiednia gra dla ca\u0142ej rodziny!<\/p>\n<p>Zawarto\u015b\u0107: 110 kart (36 kart SEEK i 74 karty FIND), 4 m\u0142otki Hazzle, instrukcja.<br \/>\n\u015aredni czas gry: 20 minut.<br \/>\nGra dla 2-4 graczy w wieku 5+ lat.<\/p>\n<p>Od 1967 roku fi\u0144ska firma Tactic Games jest znana z innowacyjnych, ekscytuj\u0105cych i jako\u015bciowych gier, kt\u00f3re zachwycaj\u0105 miliony rodzin na ca\u0142ym \u015bwiecie. Nasz\u0105 misj\u0105 jest produkcja gier planszowych, kt\u00f3re pomagaj\u0105 rodzinom i przyjacio\u0142om sp\u0119dza\u0107 razem czas. Chcemy, aby nasze gry przyci\u0105ga\u0142y do wsp\u00f3lnej dobrej zabawy, \u015bmiechu i rozwi\u0105zywania problem\u00f3w. Witamy w ekscytuj\u0105cym \u015bwiecie nordyckich gier! Bawmy si\u0119 RAZEM! Firma Tactic Games posiada certyfikaty FSC i PEFC i swoj\u0105 polityk\u0105 d\u0105\u017cy do minimalizacji \u015bladu w\u0119glowego.<\/p>\n","protected":false},"excerpt":{"rendered":"<p>Gra pe\u0142na dynamiki! HAZZLE to szybka i zabawna gra, w kt\u00f3rej liczy si\u0119 refleks i spryt! Gracze staraj\u0105 si\u0119 jak najszybciej odnale\u017a\u0107 na stole pary do kart przedstawiaj\u0105cych zwierz\u0119ta i zwi\u0105zane z nimi przedmioty. Uderz m\u0142otkiem Hazzle w odpowiedni\u0105 kart\u0119, krzyknij, co na niej widzisz i zgarnij j\u0105 jako punkt! Ale uwaga na karty pirackie [&hellip;]<\/p>\n","protected":false},"featured_media":0,"template":"","meta":{"content-type":"","_monsterinsights_skip_tracking":false,"_monsterinsights_sitenote_active":false,"_monsterinsights_sitenote_note":"","_monsterinsights_sitenote_category":0},"product_brand":[],"product_cat":[1805],"product_tag":[],"brand":[],"target-group":[],"discontinued":[],"class_list":{"0":"post-1367096","1":"product","2":"type-product","3":"status-publish","5":"product_cat-gry-planszowe","7":"first","8":"instock","9":"taxable","10":"shipping-taxable","11":"product-type-simple"},"aioseo_notices":[],"_links":{"self":[{"href":"https:\/\/games.tactic.net\/pl\/wp-json\/wp\/v2\/product\/1367096","targetHints":{"allow":["GET"]}}],"collection":[{"href":"https:\/\/games.tactic.net\/pl\/wp-json\/wp\/v2\/product"}],"about":[{"href":"https:\/\/games.tactic.net\/pl\/wp-json\/wp\/v2\/types\/product"}],"wp:attachment":[{"href":"https:\/\/games.tactic.net\/pl\/wp-json\/wp\/v2\/media?parent=1367096"}],"wp:term":[{"taxonomy":"product_brand","embeddable":true,"href":"https:\/\/games.tactic.net\/pl\/wp-json\/wp\/v2\/product_brand?post=1367096"},{"taxonomy":"product_cat","embeddable":true,"href":"https:\/\/games.tactic.net\/pl\/wp-json\/wp\/v2\/product_cat?post=1367096"},{"taxonomy":"product_tag","embeddable":true,"href":"https:\/\/games.tactic.net\/pl\/wp-json\/wp\/v2\/product_tag?post=1367096"},{"taxonomy":"brand","embeddable":true,"href":"https:\/\/games.tactic.net\/pl\/wp-json\/wp\/v2\/brand?post=1367096"},{"taxonomy":"target-group","embeddable":true,"href":"https:\/\/games.tactic.net\/pl\/wp-json\/wp\/v2\/target-group?post=1367096"},{"taxonomy":"discontinued","embeddable":true,"href":"https:\/\/games.tactic.net\/pl\/wp-json\/wp\/v2\/discontinued?post=1367096"}],"curies":[{"name":"wp","href":"https:\/\/api.w.org\/{rel}","templated":true}]}}