{"id":1367094,"date":"2025-06-13T16:08:09","date_gmt":"2025-06-13T13:08:09","guid":{"rendered":"https:\/\/games.tactic.net\/tuote\/snarf\/"},"modified":"2025-06-13T16:08:09","modified_gmt":"2025-06-13T13:08:09","slug":"snarf","status":"publish","type":"product","link":"https:\/\/games.tactic.net\/pl\/tuote\/snarf\/","title":{"rendered":"Snarf"},"content":{"rendered":"<p>Walcz o tytu\u0142 najlepszego sprzedawcy s\u0142odyczy w mie\u015bcie!<br \/>\n\u015awinka wskazuje ryjkiem sklep, a gracze musz\u0105 spe\u0142ni\u0107 jej zachcianki. Nale\u017cy jak najszybciej opr\u00f3\u017cni\u0107 swoj\u0105 r\u0119k\u0119 z kart, dostarczaj\u0105c odpowiednie s\u0142odycze do sklep\u00f3w. Ale uwa\u017caj, bo wszystko mo\u017ce nagle si\u0119 pomiesza\u0107: w talii czai si\u0119 karta SPLASH! &#8211; kt\u00f3ra potrafi narobi\u0107 niez\u0142ego ba\u0142aganu. Smako\u0142yki wylec\u0105 z miski, a karty wr\u00f3c\u0105 do Ciebie.<br \/>\nKto jako pierwszy pozb\u0119dzie si\u0119 wszystkich swoich kart, zostaje najlepszym sklepikarzem w mie\u015bcie! Gra pe\u0142na emocji, \u015bmiechu i zwrot\u00f3w akcji &#8211; idealna dla dzieci i ca\u0142ej rodziny!<br \/>\nU\u0142\u00f3\u017c dobr\u0105 strategi\u0119, zaopatrz sklepy jako pierwszy i kontroluj \u015bwink\u0119 za pomoc\u0105 kart. <\/p>\n<p>Zawarto\u015b\u0107: Figurka \u015bwinki z misk\u0105, plansza do gry, 55 kart, instrukcja.<br \/>\n\u015aredni czas gry: 20 minut.<br \/>\nGra dla 2-4 graczy w wieku 6+ lat.<\/p>\n<p>Od 1967 roku fi\u0144ska firma Tactic Games jest znana z innowacyjnych, ekscytuj\u0105cych i jako\u015bciowych gier, kt\u00f3re zachwycaj\u0105 miliony rodzin na ca\u0142ym \u015bwiecie. Nasz\u0105 misj\u0105 jest produkcja gier planszowych, kt\u00f3re pomagaj\u0105 rodzinom i przyjacio\u0142om sp\u0119dza\u0107 razem czas. Chcemy, aby nasze gry przyci\u0105ga\u0142y do wsp\u00f3lnej dobrej zabawy, \u015bmiechu i rozwi\u0105zywania problem\u00f3w. Witamy w ekscytuj\u0105cym \u015bwiecie nordyckich gier! Bawmy si\u0119 RAZEM! Firma Tactic Games posiada certyfikaty FSC i PEFC i swoj\u0105 polityk\u0105 d\u0105\u017cy do minimalizacji \u015bladu w\u0119glowego.<\/p>\n","protected":false},"excerpt":{"rendered":"<p>Walcz o tytu\u0142 najlepszego sprzedawcy s\u0142odyczy w mie\u015bcie! \u015awinka wskazuje ryjkiem sklep, a gracze musz\u0105 spe\u0142ni\u0107 jej zachcianki. Nale\u017cy jak najszybciej opr\u00f3\u017cni\u0107 swoj\u0105 r\u0119k\u0119 z kart, dostarczaj\u0105c odpowiednie s\u0142odycze do sklep\u00f3w. Ale uwa\u017caj, bo wszystko mo\u017ce nagle si\u0119 pomiesza\u0107: w talii czai si\u0119 karta SPLASH! &#8211; kt\u00f3ra potrafi narobi\u0107 niez\u0142ego ba\u0142aganu. Smako\u0142yki wylec\u0105 z miski, [&hellip;]<\/p>\n","protected":false},"featured_media":0,"template":"","meta":{"content-type":"","_monsterinsights_skip_tracking":false,"_monsterinsights_sitenote_active":false,"_monsterinsights_sitenote_note":"","_monsterinsights_sitenote_category":0},"product_brand":[],"product_cat":[1805,1796],"product_tag":[1276,995],"brand":[{"id":601,"name":"Alias","slug":"alias_pl"}],"target-group":[],"discontinued":[],"class_list":{"0":"post-1367094","1":"product","2":"type-product","3":"status-publish","5":"product_cat-gry-planszowe","6":"product_cat-gry-planszowe-dla-dzieci","7":"product_tag-objasnianie-swiata","8":"product_tag-wieloosobowe","9":"brand-alias_pl","11":"first","12":"instock","13":"taxable","14":"shipping-taxable","15":"product-type-simple"},"aioseo_notices":[],"_links":{"self":[{"href":"https:\/\/games.tactic.net\/pl\/wp-json\/wp\/v2\/product\/1367094","targetHints":{"allow":["GET"]}}],"collection":[{"href":"https:\/\/games.tactic.net\/pl\/wp-json\/wp\/v2\/product"}],"about":[{"href":"https:\/\/games.tactic.net\/pl\/wp-json\/wp\/v2\/types\/product"}],"wp:attachment":[{"href":"https:\/\/games.tactic.net\/pl\/wp-json\/wp\/v2\/media?parent=1367094"}],"wp:term":[{"taxonomy":"product_brand","embeddable":true,"href":"https:\/\/games.tactic.net\/pl\/wp-json\/wp\/v2\/product_brand?post=1367094"},{"taxonomy":"product_cat","embeddable":true,"href":"https:\/\/games.tactic.net\/pl\/wp-json\/wp\/v2\/product_cat?post=1367094"},{"taxonomy":"product_tag","embeddable":true,"href":"https:\/\/games.tactic.net\/pl\/wp-json\/wp\/v2\/product_tag?post=1367094"},{"taxonomy":"brand","embeddable":true,"href":"https:\/\/games.tactic.net\/pl\/wp-json\/wp\/v2\/brand?post=1367094"},{"taxonomy":"target-group","embeddable":true,"href":"https:\/\/games.tactic.net\/pl\/wp-json\/wp\/v2\/target-group?post=1367094"},{"taxonomy":"discontinued","embeddable":true,"href":"https:\/\/games.tactic.net\/pl\/wp-json\/wp\/v2\/discontinued?post=1367094"}],"curies":[{"name":"wp","href":"https:\/\/api.w.org\/{rel}","templated":true}]}}