{"id":1366950,"date":"2025-05-26T17:18:07","date_gmt":"2025-05-26T14:18:07","guid":{"rendered":"https:\/\/games.tactic.net\/tuote\/500-pcs-puzzle-a-little-song-about-the-spruce\/"},"modified":"2025-05-26T17:18:07","modified_gmt":"2025-05-26T14:18:07","slug":"500-pcs-puzzle-a-little-song-about-the-spruce","status":"publish","type":"product","link":"https:\/\/games.tactic.net\/pl\/tuote\/500-pcs-puzzle-a-little-song-about-the-spruce\/","title":{"rendered":"500 pcs puzzle: A Little Song about the Spruce"},"content":{"rendered":"<p>500 pcs puzzle: A Little Song about the Spruce. Puzzle Lovers to seria zabawnych puzzli zar\u00f3wno dla pocz\u0105tkuj\u0105cych, jak i prawdziwych mi\u0142o\u015bnik\u00f3w puzzli. Ka\u017cda uk\u0142adanka sk\u0142ada si\u0119 z 500 wysokiej jako\u015bci element\u00f3w.<\/p>\n<p>\u00a9 Amerin Kulttuuris\u00e4\u00e4ti\u00f6 \/ Rudolf Koivu<\/p>\n","protected":false},"excerpt":{"rendered":"<p>500 pcs puzzle: A Little Song about the Spruce.<\/p>\n","protected":false},"featured_media":0,"template":"","meta":{"content-type":"","_monsterinsights_skip_tracking":false,"_monsterinsights_sitenote_active":false,"_monsterinsights_sitenote_note":"","_monsterinsights_sitenote_category":0},"product_brand":[],"product_cat":[918],"product_tag":[],"brand":[{"id":607,"name":"PuzzleLovers","slug":"puzzlelovers_pl"}],"target-group":[],"discontinued":[],"class_list":{"0":"post-1366950","1":"product","2":"type-product","3":"status-publish","5":"product_cat-500-elementow","6":"brand-puzzlelovers_pl","8":"first","9":"instock","10":"taxable","11":"shipping-taxable","12":"product-type-simple"},"aioseo_notices":[],"_links":{"self":[{"href":"https:\/\/games.tactic.net\/pl\/wp-json\/wp\/v2\/product\/1366950","targetHints":{"allow":["GET"]}}],"collection":[{"href":"https:\/\/games.tactic.net\/pl\/wp-json\/wp\/v2\/product"}],"about":[{"href":"https:\/\/games.tactic.net\/pl\/wp-json\/wp\/v2\/types\/product"}],"wp:attachment":[{"href":"https:\/\/games.tactic.net\/pl\/wp-json\/wp\/v2\/media?parent=1366950"}],"wp:term":[{"taxonomy":"product_brand","embeddable":true,"href":"https:\/\/games.tactic.net\/pl\/wp-json\/wp\/v2\/product_brand?post=1366950"},{"taxonomy":"product_cat","embeddable":true,"href":"https:\/\/games.tactic.net\/pl\/wp-json\/wp\/v2\/product_cat?post=1366950"},{"taxonomy":"product_tag","embeddable":true,"href":"https:\/\/games.tactic.net\/pl\/wp-json\/wp\/v2\/product_tag?post=1366950"},{"taxonomy":"brand","embeddable":true,"href":"https:\/\/games.tactic.net\/pl\/wp-json\/wp\/v2\/brand?post=1366950"},{"taxonomy":"target-group","embeddable":true,"href":"https:\/\/games.tactic.net\/pl\/wp-json\/wp\/v2\/target-group?post=1366950"},{"taxonomy":"discontinued","embeddable":true,"href":"https:\/\/games.tactic.net\/pl\/wp-json\/wp\/v2\/discontinued?post=1366950"}],"curies":[{"name":"wp","href":"https:\/\/api.w.org\/{rel}","templated":true}]}}