{"id":1366939,"date":"2025-05-23T12:08:12","date_gmt":"2025-05-23T09:08:12","guid":{"rendered":"https:\/\/games.tactic.net\/tuote\/gra-karciana-potrawy-swiata-pl\/"},"modified":"2025-05-23T12:08:12","modified_gmt":"2025-05-23T09:08:12","slug":"gra-karciana-potrawy-swiata-pl","status":"publish","type":"product","link":"https:\/\/games.tactic.net\/pl\/tuote\/gra-karciana-potrawy-swiata-pl\/","title":{"rendered":"Gra karciana Potrawy \u015bwiata PL"},"content":{"rendered":"<p>Co dobrego mamy dzi\u015b w menu?<\/p>\n<p>W tej grze poznacie najpopularniejsze i kultowe potrawy na \u015bwiecie.<br \/>\nZdobywaj punkty rozpoznaj\u0105c po zdj\u0119ciach pyszne potrawy z ca\u0142ego \u015bwiata i odpowiadaj\u0105c na pytania na ich temat!<br \/>\nKa\u017cda karta, opr\u00f3cz pytania do zdj\u0119cia, zawiera dwa dodatkowe pytania.<br \/>\nCzy odr\u00f3\u017cnisz Sushi od Churros? Te i inne ciekawostki kulinarne znajdziesz w naszej grze karcianej.<\/p>\n<p>Zawarto\u015b\u0107: 48 kart z obrazkami i pytaniami (144 pytania), instrukcja.<br \/>\n\u015aredni czas gry: 10 minut.<br \/>\nGra dla 2 i wi\u0119cej graczy w wieku 12+ lat.<\/p>\n<p>Od prawie sze\u015b\u0107dziesi\u0119ciu lat fi\u0144ska firma Tactic Games jest znana z innowacyjnych, ekscytuj\u0105cych i jako\u015bciowych gier, kt\u00f3re zachwycaj\u0105 miliony rodzin na ca\u0142ym \u015bwiecie.<br \/>\nNasz\u0105 misj\u0105 jest produkcja gier planszowych, kt\u00f3re pomagaj\u0105 rodzinom i przyjacio\u0142om sp\u0119dza\u0107 razem czas. Chcemy, aby nasze gry przyci\u0105ga\u0142y do wsp\u00f3lnej dobrej zabawy, \u015bmiechu i rozwi\u0105zywania problem\u00f3w. Witamy w ekscytuj\u0105cym \u015bwiecie nordyckich gier! Bawmy si\u0119 RAZEM!<br \/>\nFirma Tactic Games posiada certyfikaty FSC i PEFC i swoj\u0105 polityk\u0105 d\u0105\u017cy do minimalizacji \u015bladu w\u0119glowego.<\/p>\n","protected":false},"excerpt":{"rendered":"<p>Co dobrego mamy dzi\u015b w menu? W tej grze poznacie najpopularniejsze i kultowe potrawy na \u015bwiecie. Zdobywaj punkty rozpoznaj\u0105c po zdj\u0119ciach pyszne potrawy z ca\u0142ego \u015bwiata i odpowiadaj\u0105c na pytania na ich temat! Ka\u017cda karta, opr\u00f3cz pytania do zdj\u0119cia, zawiera dwa dodatkowe pytania. Czy odr\u00f3\u017cnisz Sushi od Churros? Te i inne ciekawostki kulinarne znajdziesz w [&hellip;]<\/p>\n","protected":false},"featured_media":0,"template":"","meta":{"content-type":"","_monsterinsights_skip_tracking":false,"_monsterinsights_sitenote_active":false,"_monsterinsights_sitenote_note":"","_monsterinsights_sitenote_category":0},"product_brand":[],"product_cat":[1814],"product_tag":[],"brand":[],"target-group":[],"discontinued":[],"class_list":{"0":"post-1366939","1":"product","2":"type-product","3":"status-publish","5":"product_cat-quizowe-gry-rodzinne","7":"first","8":"instock","9":"taxable","10":"shipping-taxable","11":"product-type-simple"},"aioseo_notices":[],"_links":{"self":[{"href":"https:\/\/games.tactic.net\/pl\/wp-json\/wp\/v2\/product\/1366939","targetHints":{"allow":["GET"]}}],"collection":[{"href":"https:\/\/games.tactic.net\/pl\/wp-json\/wp\/v2\/product"}],"about":[{"href":"https:\/\/games.tactic.net\/pl\/wp-json\/wp\/v2\/types\/product"}],"wp:attachment":[{"href":"https:\/\/games.tactic.net\/pl\/wp-json\/wp\/v2\/media?parent=1366939"}],"wp:term":[{"taxonomy":"product_brand","embeddable":true,"href":"https:\/\/games.tactic.net\/pl\/wp-json\/wp\/v2\/product_brand?post=1366939"},{"taxonomy":"product_cat","embeddable":true,"href":"https:\/\/games.tactic.net\/pl\/wp-json\/wp\/v2\/product_cat?post=1366939"},{"taxonomy":"product_tag","embeddable":true,"href":"https:\/\/games.tactic.net\/pl\/wp-json\/wp\/v2\/product_tag?post=1366939"},{"taxonomy":"brand","embeddable":true,"href":"https:\/\/games.tactic.net\/pl\/wp-json\/wp\/v2\/brand?post=1366939"},{"taxonomy":"target-group","embeddable":true,"href":"https:\/\/games.tactic.net\/pl\/wp-json\/wp\/v2\/target-group?post=1366939"},{"taxonomy":"discontinued","embeddable":true,"href":"https:\/\/games.tactic.net\/pl\/wp-json\/wp\/v2\/discontinued?post=1366939"}],"curies":[{"name":"wp","href":"https:\/\/api.w.org\/{rel}","templated":true}]}}