{"id":1366849,"date":"2025-05-07T11:08:39","date_gmt":"2025-05-07T08:08:39","guid":{"rendered":"https:\/\/games.tactic.net\/tuote\/tactic-colour-yatzy\/"},"modified":"2025-05-07T11:08:39","modified_gmt":"2025-05-07T08:08:39","slug":"tactic-colour-yatzy","status":"publish","type":"product","link":"https:\/\/games.tactic.net\/pl\/tuote\/tactic-colour-yatzy\/","title":{"rendered":"Tactic Colour Yatzy"},"content":{"rendered":"<p>Klasyczna gra w ko\u015bci w nowej \u2013 kolorowej ods\u0142onie! Kostki wrzucamy do pude\u0142ka i dopasowujemy kolory, aby zdoby\u0107 karty. Im wi\u0119cej zdobytych kart, tym wi\u0119cej punkt\u00f3w. Trzeba jednak zachowa\u0107 ostro\u017cno\u015b\u0107, gdy\u017c czasem nasze wysi\u0142ki mog\u0105 pom\u00f3c kolejnym graczom w doko\u0144czeniu uk\u0142adu i zdobyciu karty&#8230;<\/p>\n","protected":false},"excerpt":{"rendered":"<p>Klasyczna gra w ko\u015bci w nowej \u2013 kolorowej ods\u0142onie! Kostki wrzucamy do pude\u0142ka i dopasowujemy kolory, aby zdoby\u0107 karty. Im wi\u0119cej zdobytych kart, tym wi\u0119cej punkt\u00f3w. Trzeba jednak zachowa\u0107 ostro\u017cno\u015b\u0107, gdy\u017c czasem nasze wysi\u0142ki mog\u0105 pom\u00f3c kolejnym graczom w doko\u0144czeniu uk\u0142adu i zdobyciu karty&#8230;<\/p>\n","protected":false},"featured_media":0,"template":"","meta":{"content-type":"","_monsterinsights_skip_tracking":false,"_monsterinsights_sitenote_active":false,"_monsterinsights_sitenote_note":"","_monsterinsights_sitenote_category":0},"product_brand":[],"product_cat":[1676,1675],"product_tag":[1033,1247],"brand":[],"target-group":[],"discontinued":[],"class_list":{"0":"post-1366849","1":"product","2":"type-product","3":"status-publish","5":"product_cat-gry-kosciane-i-karciane-gry-rodzinne","6":"product_cat-gry-kosciane-i-karciane","7":"product_tag-losowosc","8":"product_tag-strategia-pl","10":"first","11":"instock","12":"taxable","13":"shipping-taxable","14":"product-type-simple"},"aioseo_notices":[],"_links":{"self":[{"href":"https:\/\/games.tactic.net\/pl\/wp-json\/wp\/v2\/product\/1366849","targetHints":{"allow":["GET"]}}],"collection":[{"href":"https:\/\/games.tactic.net\/pl\/wp-json\/wp\/v2\/product"}],"about":[{"href":"https:\/\/games.tactic.net\/pl\/wp-json\/wp\/v2\/types\/product"}],"wp:attachment":[{"href":"https:\/\/games.tactic.net\/pl\/wp-json\/wp\/v2\/media?parent=1366849"}],"wp:term":[{"taxonomy":"product_brand","embeddable":true,"href":"https:\/\/games.tactic.net\/pl\/wp-json\/wp\/v2\/product_brand?post=1366849"},{"taxonomy":"product_cat","embeddable":true,"href":"https:\/\/games.tactic.net\/pl\/wp-json\/wp\/v2\/product_cat?post=1366849"},{"taxonomy":"product_tag","embeddable":true,"href":"https:\/\/games.tactic.net\/pl\/wp-json\/wp\/v2\/product_tag?post=1366849"},{"taxonomy":"brand","embeddable":true,"href":"https:\/\/games.tactic.net\/pl\/wp-json\/wp\/v2\/brand?post=1366849"},{"taxonomy":"target-group","embeddable":true,"href":"https:\/\/games.tactic.net\/pl\/wp-json\/wp\/v2\/target-group?post=1366849"},{"taxonomy":"discontinued","embeddable":true,"href":"https:\/\/games.tactic.net\/pl\/wp-json\/wp\/v2\/discontinued?post=1366849"}],"curies":[{"name":"wp","href":"https:\/\/api.w.org\/{rel}","templated":true}]}}