{"id":1366792,"date":"2025-04-30T11:09:54","date_gmt":"2025-04-30T08:09:54","guid":{"rendered":"https:\/\/games.tactic.net\/tuote\/500-pcs-puzzle-baby-penguin\/"},"modified":"2025-04-30T11:09:54","modified_gmt":"2025-04-30T08:09:54","slug":"500-pcs-puzzle-baby-penguin","status":"publish","type":"product","link":"https:\/\/games.tactic.net\/pl\/tuote\/500-pcs-puzzle-baby-penguin\/","title":{"rendered":"500 pcs puzzle: Baby penguin\u200b"},"content":{"rendered":"<p>500 pcs puzzle: Baby penguin\u200b. Puzzle Lovers to seria zabawnych puzzli zar\u00f3wno dla pocz\u0105tkuj\u0105cych, jak i prawdziwych mi\u0142o\u015bnik\u00f3w puzzli. Ka\u017cda uk\u0142adanka sk\u0142ada si\u0119 z 500 wysokiej jako\u015bci element\u00f3w.<\/p>\n","protected":false},"excerpt":{"rendered":"<p>500 pcs puzzle: Baby penguin\u200b.<\/p>\n","protected":false},"featured_media":0,"template":"","meta":{"content-type":"","_monsterinsights_skip_tracking":false,"_monsterinsights_sitenote_active":false,"_monsterinsights_sitenote_note":"","_monsterinsights_sitenote_category":0},"product_brand":[],"product_cat":[918],"product_tag":[],"brand":[],"target-group":[],"discontinued":[],"class_list":{"0":"post-1366792","1":"product","2":"type-product","3":"status-publish","5":"product_cat-500-elementow","7":"first","8":"instock","9":"taxable","10":"shipping-taxable","11":"product-type-simple"},"aioseo_notices":[],"_links":{"self":[{"href":"https:\/\/games.tactic.net\/pl\/wp-json\/wp\/v2\/product\/1366792","targetHints":{"allow":["GET"]}}],"collection":[{"href":"https:\/\/games.tactic.net\/pl\/wp-json\/wp\/v2\/product"}],"about":[{"href":"https:\/\/games.tactic.net\/pl\/wp-json\/wp\/v2\/types\/product"}],"wp:attachment":[{"href":"https:\/\/games.tactic.net\/pl\/wp-json\/wp\/v2\/media?parent=1366792"}],"wp:term":[{"taxonomy":"product_brand","embeddable":true,"href":"https:\/\/games.tactic.net\/pl\/wp-json\/wp\/v2\/product_brand?post=1366792"},{"taxonomy":"product_cat","embeddable":true,"href":"https:\/\/games.tactic.net\/pl\/wp-json\/wp\/v2\/product_cat?post=1366792"},{"taxonomy":"product_tag","embeddable":true,"href":"https:\/\/games.tactic.net\/pl\/wp-json\/wp\/v2\/product_tag?post=1366792"},{"taxonomy":"brand","embeddable":true,"href":"https:\/\/games.tactic.net\/pl\/wp-json\/wp\/v2\/brand?post=1366792"},{"taxonomy":"target-group","embeddable":true,"href":"https:\/\/games.tactic.net\/pl\/wp-json\/wp\/v2\/target-group?post=1366792"},{"taxonomy":"discontinued","embeddable":true,"href":"https:\/\/games.tactic.net\/pl\/wp-json\/wp\/v2\/discontinued?post=1366792"}],"curies":[{"name":"wp","href":"https:\/\/api.w.org\/{rel}","templated":true}]}}