{"id":1366652,"date":"2025-04-17T11:26:50","date_gmt":"2025-04-17T08:26:50","guid":{"rendered":"https:\/\/games.tactic.net\/tuote\/tactic-petanque-sport-bag-outdoor-game\/"},"modified":"2025-04-17T11:26:50","modified_gmt":"2025-04-17T08:26:50","slug":"tactic-petanque-sport-bag-outdoor-game","status":"publish","type":"product","link":"https:\/\/games.tactic.net\/pl\/tuote\/tactic-petanque-sport-bag-outdoor-game\/","title":{"rendered":"Tactic Petanque Sport Bag outdoor game"},"content":{"rendered":"<p>Torba turniejowa do gry w Boule. Zawiera wysokiej jako\u015bci zestaw do gry w Boule 6 kul 73mm \/ 720 g oraz \u015bwink\u0119. Dzi\u0119ki kolorowemu paskowi na rami\u0119, zestaw mo\u017cna zabra\u0107 wsz\u0119dzie ze sob\u0105. Wytrzyma\u0142e materia\u0142y idealne do u\u017cytku na \u015bwie\u017cym powietrzu.<\/p>\n<p>Zawarto\u015b\u0107: 6 niklowanych kulek petanque (rozmiar ka\u017cdej kuli 73 mm, masa 720 g), drewniana kulka (3 cm) i miarka (45 cm).<\/p>\n<p>Od prawie sze\u015b\u0107dziesi\u0119ciu lat fi\u0144ska firma Tactic Games jest znana z innowacyjnych, ekscytuj\u0105cych i jako\u015bciowych gier, kt\u00f3re zachwycaj\u0105 miliony rodzin na ca\u0142ym \u015bwiecie.<br \/>\nNasz\u0105 misj\u0105 jest produkcja gier planszowych, kt\u00f3re pomagaj\u0105 rodzinom i przyjacio\u0142om sp\u0119dza\u0107 razem czas. Chcemy, aby nasze gry przyci\u0105ga\u0142y do wsp\u00f3lnej dobrej zabawy, \u015bmiechu i rozwi\u0105zywania problem\u00f3w. Witamy w ekscytuj\u0105cym \u015bwiecie nordyckich gier! Bawmy si\u0119 RAZEM!<br \/>\nFirma Tactic Games posiada certyfikaty FSC i PEFC i swoj\u0105 polityk\u0105 d\u0105\u017cy do minimalizacji \u015bladu w\u0119glowego.<\/p>\n","protected":false},"excerpt":{"rendered":"<p>Torba turniejowa do gry w Boule. Zawiera wysokiej jako\u015bci zestaw do gry w Boule 6 kul 73mm \/ 720 g oraz \u015bwink\u0119. Dzi\u0119ki kolorowemu paskowi na rami\u0119, zestaw mo\u017cna zabra\u0107 wsz\u0119dzie ze sob\u0105. Wytrzyma\u0142e materia\u0142y idealne do u\u017cytku na \u015bwie\u017cym powietrzu. Zawarto\u015b\u0107: 6 niklowanych kulek petanque (rozmiar ka\u017cdej kuli 73 mm, masa 720 g), drewniana [&hellip;]<\/p>\n","protected":false},"featured_media":0,"template":"","meta":{"content-type":"","_monsterinsights_skip_tracking":false,"_monsterinsights_sitenote_active":false,"_monsterinsights_sitenote_note":"","_monsterinsights_sitenote_category":0},"product_brand":[],"product_cat":[1939],"product_tag":[1230,1253],"brand":[],"target-group":[],"discontinued":[],"class_list":{"0":"post-1366652","1":"product","2":"type-product","3":"status-publish","5":"product_cat-inne-gry-plenerowe-gry-plenerowe","6":"product_tag-dzialanie-pl","7":"product_tag-umiejetnosc-pl","9":"first","10":"instock","11":"taxable","12":"shipping-taxable","13":"product-type-simple"},"aioseo_notices":[],"_links":{"self":[{"href":"https:\/\/games.tactic.net\/pl\/wp-json\/wp\/v2\/product\/1366652","targetHints":{"allow":["GET"]}}],"collection":[{"href":"https:\/\/games.tactic.net\/pl\/wp-json\/wp\/v2\/product"}],"about":[{"href":"https:\/\/games.tactic.net\/pl\/wp-json\/wp\/v2\/types\/product"}],"wp:attachment":[{"href":"https:\/\/games.tactic.net\/pl\/wp-json\/wp\/v2\/media?parent=1366652"}],"wp:term":[{"taxonomy":"product_brand","embeddable":true,"href":"https:\/\/games.tactic.net\/pl\/wp-json\/wp\/v2\/product_brand?post=1366652"},{"taxonomy":"product_cat","embeddable":true,"href":"https:\/\/games.tactic.net\/pl\/wp-json\/wp\/v2\/product_cat?post=1366652"},{"taxonomy":"product_tag","embeddable":true,"href":"https:\/\/games.tactic.net\/pl\/wp-json\/wp\/v2\/product_tag?post=1366652"},{"taxonomy":"brand","embeddable":true,"href":"https:\/\/games.tactic.net\/pl\/wp-json\/wp\/v2\/brand?post=1366652"},{"taxonomy":"target-group","embeddable":true,"href":"https:\/\/games.tactic.net\/pl\/wp-json\/wp\/v2\/target-group?post=1366652"},{"taxonomy":"discontinued","embeddable":true,"href":"https:\/\/games.tactic.net\/pl\/wp-json\/wp\/v2\/discontinued?post=1366652"}],"curies":[{"name":"wp","href":"https:\/\/api.w.org\/{rel}","templated":true}]}}