{"id":1366650,"date":"2025-04-16T16:17:23","date_gmt":"2025-04-16T13:17:23","guid":{"rendered":"https:\/\/games.tactic.net\/tuote\/lumo-stars-kawaii-axolotl-plush\/"},"modified":"2025-04-16T16:17:23","modified_gmt":"2025-04-16T13:17:23","slug":"lumo-stars-kawaii-axolotl-plush","status":"publish","type":"product","link":"https:\/\/games.tactic.net\/pl\/tuote\/lumo-stars-kawaii-axolotl-plush\/","title":{"rendered":"Lumo Stars Kawaii Axolotl plush"},"content":{"rendered":"<p>Lumo Stars Kawaii to specjalna linia produkt\u00f3w zaprojektowana wed\u0142ug japo\u0144skiego stylu Kawaii, pe\u0142na unikalnych zachwycaj\u0105cych i uroczych pluszak\u00f3w o \u017cywych kolorach i milutkich wzorach.<\/p>\n","protected":false},"excerpt":{"rendered":"<p>Lumo Stars Kawaii to specjalna linia produkt\u00f3w zaprojektowana wed\u0142ug japo\u0144skiego stylu Kawaii, pe\u0142na unikalnych zachwycaj\u0105cych i uroczych pluszak\u00f3w o \u017cywych kolorach i milutkich wzorach.<\/p>\n","protected":false},"featured_media":0,"template":"","meta":{"content-type":"","_monsterinsights_skip_tracking":false,"_monsterinsights_sitenote_active":false,"_monsterinsights_sitenote_note":"","_monsterinsights_sitenote_category":0},"product_brand":[],"product_cat":[1479],"product_tag":[1260],"brand":[{"id":1023,"name":"Lumo Stars","slug":"lumo-stars_pl"}],"target-group":[],"discontinued":[],"class_list":{"0":"post-1366650","1":"product","2":"type-product","3":"status-publish","5":"product_cat-zabawki-pluszowe","6":"product_tag-lumo-stars-pl","7":"brand-lumo-stars_pl","9":"first","10":"outofstock","11":"taxable","12":"shipping-taxable","13":"product-type-simple"},"aioseo_notices":[],"_links":{"self":[{"href":"https:\/\/games.tactic.net\/pl\/wp-json\/wp\/v2\/product\/1366650","targetHints":{"allow":["GET"]}}],"collection":[{"href":"https:\/\/games.tactic.net\/pl\/wp-json\/wp\/v2\/product"}],"about":[{"href":"https:\/\/games.tactic.net\/pl\/wp-json\/wp\/v2\/types\/product"}],"wp:attachment":[{"href":"https:\/\/games.tactic.net\/pl\/wp-json\/wp\/v2\/media?parent=1366650"}],"wp:term":[{"taxonomy":"product_brand","embeddable":true,"href":"https:\/\/games.tactic.net\/pl\/wp-json\/wp\/v2\/product_brand?post=1366650"},{"taxonomy":"product_cat","embeddable":true,"href":"https:\/\/games.tactic.net\/pl\/wp-json\/wp\/v2\/product_cat?post=1366650"},{"taxonomy":"product_tag","embeddable":true,"href":"https:\/\/games.tactic.net\/pl\/wp-json\/wp\/v2\/product_tag?post=1366650"},{"taxonomy":"brand","embeddable":true,"href":"https:\/\/games.tactic.net\/pl\/wp-json\/wp\/v2\/brand?post=1366650"},{"taxonomy":"target-group","embeddable":true,"href":"https:\/\/games.tactic.net\/pl\/wp-json\/wp\/v2\/target-group?post=1366650"},{"taxonomy":"discontinued","embeddable":true,"href":"https:\/\/games.tactic.net\/pl\/wp-json\/wp\/v2\/discontinued?post=1366650"}],"curies":[{"name":"wp","href":"https:\/\/api.w.org\/{rel}","templated":true}]}}