{"id":1366539,"date":"2025-03-25T13:25:31","date_gmt":"2025-03-25T11:25:31","guid":{"rendered":"https:\/\/games.tactic.net\/tuote\/save-the-nature-egg-amigos-display-incl-9pcs\/"},"modified":"2025-03-25T13:25:31","modified_gmt":"2025-03-25T11:25:31","slug":"save-the-nature-egg-amigos-display-incl-9pcs","status":"publish","type":"product","link":"https:\/\/games.tactic.net\/pl\/tuote\/save-the-nature-egg-amigos-display-incl-9pcs\/","title":{"rendered":"Save the nature Egg Amigos display incl 9pcs"},"content":{"rendered":"<p>Save the Nature Egg Amigos \u2013 odwracane zabawki niespodzianki z pluszu.<\/p>\n<p>Przygotuj si\u0119 na magiczn\u0105 wiosenn\u0105 niespodziank\u0119, kt\u00f3ra \u0142\u0105czy rado\u015b\u0107 sezonu i zaanga\u017cowanie w ochron\u0119 \u015brodowiska.<br \/>\nNasze pluszowe Jajka Amigos zachwyc\u0105 zar\u00f3wno dzieci, jak i rodzic\u00f3w, oferuj\u0105c wyj\u0105tkow\u0105 i zr\u00f3wnowa\u017con\u0105 alternatyw\u0119 dla tradycyjnej niespodzianki lub wielkanocnych smako\u0142yk\u00f3w.<\/p>\n<p>Produkt przeznaczony dla dzieci 0M+.<\/p>\n","protected":false},"excerpt":{"rendered":"<p>Save the Nature Egg Amigos \u2013 odwracane zabawki niespodzianki z pluszu. Przygotuj si\u0119 na magiczn\u0105 wiosenn\u0105 niespodziank\u0119, kt\u00f3ra \u0142\u0105czy rado\u015b\u0107 sezonu i zaanga\u017cowanie w ochron\u0119 \u015brodowiska. Nasze pluszowe Jajka Amigos zachwyc\u0105 zar\u00f3wno dzieci, jak i rodzic\u00f3w, oferuj\u0105c wyj\u0105tkow\u0105 i zr\u00f3wnowa\u017con\u0105 alternatyw\u0119 dla tradycyjnej niespodzianki lub wielkanocnych smako\u0142yk\u00f3w. Produkt przeznaczony dla dzieci 0M+.<\/p>\n","protected":false},"featured_media":0,"template":"","meta":{"content-type":"","_monsterinsights_skip_tracking":false,"_monsterinsights_sitenote_active":false,"_monsterinsights_sitenote_note":"","_monsterinsights_sitenote_category":0},"product_brand":[],"product_cat":[2322],"product_tag":[],"brand":[],"target-group":[],"discontinued":[],"class_list":{"0":"post-1366539","1":"product","2":"type-product","3":"status-publish","5":"product_cat-save-the-nature-zabawki","7":"first","8":"instock","9":"taxable","10":"shipping-taxable","11":"product-type-simple"},"aioseo_notices":[],"_links":{"self":[{"href":"https:\/\/games.tactic.net\/pl\/wp-json\/wp\/v2\/product\/1366539","targetHints":{"allow":["GET"]}}],"collection":[{"href":"https:\/\/games.tactic.net\/pl\/wp-json\/wp\/v2\/product"}],"about":[{"href":"https:\/\/games.tactic.net\/pl\/wp-json\/wp\/v2\/types\/product"}],"wp:attachment":[{"href":"https:\/\/games.tactic.net\/pl\/wp-json\/wp\/v2\/media?parent=1366539"}],"wp:term":[{"taxonomy":"product_brand","embeddable":true,"href":"https:\/\/games.tactic.net\/pl\/wp-json\/wp\/v2\/product_brand?post=1366539"},{"taxonomy":"product_cat","embeddable":true,"href":"https:\/\/games.tactic.net\/pl\/wp-json\/wp\/v2\/product_cat?post=1366539"},{"taxonomy":"product_tag","embeddable":true,"href":"https:\/\/games.tactic.net\/pl\/wp-json\/wp\/v2\/product_tag?post=1366539"},{"taxonomy":"brand","embeddable":true,"href":"https:\/\/games.tactic.net\/pl\/wp-json\/wp\/v2\/brand?post=1366539"},{"taxonomy":"target-group","embeddable":true,"href":"https:\/\/games.tactic.net\/pl\/wp-json\/wp\/v2\/target-group?post=1366539"},{"taxonomy":"discontinued","embeddable":true,"href":"https:\/\/games.tactic.net\/pl\/wp-json\/wp\/v2\/discontinued?post=1366539"}],"curies":[{"name":"wp","href":"https:\/\/api.w.org\/{rel}","templated":true}]}}