{"id":1366419,"date":"2025-03-18T12:08:23","date_gmt":"2025-03-18T10:08:23","guid":{"rendered":"https:\/\/games.tactic.net\/tuote\/molkky-go-2\/"},"modified":"2025-04-07T12:08:27","modified_gmt":"2025-04-07T09:08:27","slug":"molkky-go-2","status":"publish","type":"product","link":"https:\/\/games.tactic.net\/pl\/tuote\/molkky-go-2\/","title":{"rendered":"M\u00f6lkky\u00ae GO"},"content":{"rendered":"<p>NAJLEPSZA GRA PLENEROWA PROSTO Z FINLANDII! Wersja ogrodowa.<br \/>\nM\u00f6lkky\u00ae to gra, kt\u00f3rej prostota czyni j\u0105 atrakcyjn\u0105 dla os\u00f3b w ka\u017cdym wieku. Sukces jest w niej wypadkow\u0105 umiej\u0119tno\u015bci celnego rzucania, odpowiedniej taktyki i szcz\u0119\u015bcia. W swojej kolejce zawodnicy rzucaj\u0105 drewnianym zbijakiem, tak aby wywr\u00f3ci\u0107 nim, upatrzone wcze\u015bniej, ponumerowane kr\u0119gle. Celem jest uzbieranie dok\u0142adnie 50 punkt\u00f3w. W ko\u0144c\u00f3wce trzeba jednak uwa\u017ca\u0107, gdy\u017c przekroczenie tej liczby skutkuje cofni\u0119ciem do poziomu 25 punkt\u00f3w. <\/p>\n<p>Edycja zawiera oryginalne wymiary element\u00f3w (w przeciwie\u0144stwie do poprzednich wersji GO w kartoniku, gdzie kr\u0119gle i zbijak by\u0142y mniejsze o 15% od orygina\u0142u).<br \/>\nWymiary element\u00f3w: kr\u0119gle 15 cm wysoko\u015bci oraz 5,5 cm \u015brednicy, zbijak 22 cm d\u0142ugo\u015bci, 6 cm \u015brednicy oraz 400 g masy.<br \/>\nDrewno sosnowe. <\/p>\n<p>Zawarto\u015b\u0107: 12 kr\u0119gli (drewniane paliki z numerami od 1 do 12), zbijak, instrukcja.<br \/>\nGra plenerowa dla 2 i wi\u0119cej graczy w wieku 6+.<\/p>\n","protected":false},"excerpt":{"rendered":"<p>NAJLEPSZA GRA PLENEROWA PROSTO Z FINLANDII! Wersja ogrodowa. M\u00f6lkky\u00ae to gra, kt\u00f3rej prostota czyni j\u0105 atrakcyjn\u0105 dla os\u00f3b w ka\u017cdym wieku. Sukces jest w niej wypadkow\u0105 umiej\u0119tno\u015bci celnego rzucania, odpowiedniej taktyki i szcz\u0119\u015bcia. W swojej kolejce zawodnicy rzucaj\u0105 drewnianym zbijakiem, tak aby wywr\u00f3ci\u0107 nim, upatrzone wcze\u015bniej, ponumerowane kr\u0119gle. Celem jest uzbieranie dok\u0142adnie 50 punkt\u00f3w. W [&hellip;]<\/p>\n","protected":false},"featured_media":0,"template":"","meta":{"content-type":"","_monsterinsights_skip_tracking":false,"_monsterinsights_sitenote_active":false,"_monsterinsights_sitenote_note":"","_monsterinsights_sitenote_category":0},"product_brand":[],"product_cat":[1836,1837],"product_tag":[376,1247,897,1253],"brand":[{"id":1843,"name":"M\u00f6lkky","slug":"molkky_pl"}],"target-group":[],"discontinued":[],"class_list":{"0":"post-1366419","1":"product","2":"type-product","3":"status-publish","5":"product_cat-molkky-gry-plenerowe-2","6":"product_cat-zestawy-do-gry-molkky-gry-plenerowe-2","7":"product_tag-obliczenie","8":"product_tag-strategia-pl","9":"product_tag-taktyka","10":"product_tag-umiejetnosc-pl","11":"brand-molkky_pl","13":"first","14":"outofstock","15":"taxable","16":"shipping-taxable","17":"product-type-simple"},"aioseo_notices":[],"_links":{"self":[{"href":"https:\/\/games.tactic.net\/pl\/wp-json\/wp\/v2\/product\/1366419","targetHints":{"allow":["GET"]}}],"collection":[{"href":"https:\/\/games.tactic.net\/pl\/wp-json\/wp\/v2\/product"}],"about":[{"href":"https:\/\/games.tactic.net\/pl\/wp-json\/wp\/v2\/types\/product"}],"wp:attachment":[{"href":"https:\/\/games.tactic.net\/pl\/wp-json\/wp\/v2\/media?parent=1366419"}],"wp:term":[{"taxonomy":"product_brand","embeddable":true,"href":"https:\/\/games.tactic.net\/pl\/wp-json\/wp\/v2\/product_brand?post=1366419"},{"taxonomy":"product_cat","embeddable":true,"href":"https:\/\/games.tactic.net\/pl\/wp-json\/wp\/v2\/product_cat?post=1366419"},{"taxonomy":"product_tag","embeddable":true,"href":"https:\/\/games.tactic.net\/pl\/wp-json\/wp\/v2\/product_tag?post=1366419"},{"taxonomy":"brand","embeddable":true,"href":"https:\/\/games.tactic.net\/pl\/wp-json\/wp\/v2\/brand?post=1366419"},{"taxonomy":"target-group","embeddable":true,"href":"https:\/\/games.tactic.net\/pl\/wp-json\/wp\/v2\/target-group?post=1366419"},{"taxonomy":"discontinued","embeddable":true,"href":"https:\/\/games.tactic.net\/pl\/wp-json\/wp\/v2\/discontinued?post=1366419"}],"curies":[{"name":"wp","href":"https:\/\/api.w.org\/{rel}","templated":true}]}}