{"id":1366406,"date":"2025-03-14T17:15:58","date_gmt":"2025-03-14T15:15:58","guid":{"rendered":"https:\/\/games.tactic.net\/tuote\/tactic-zakazany-owoc\/"},"modified":"2025-03-14T17:15:58","modified_gmt":"2025-03-14T15:15:58","slug":"tactic-zakazany-owoc","status":"publish","type":"product","link":"https:\/\/games.tactic.net\/pl\/tuote\/tactic-zakazany-owoc\/","title":{"rendered":"Tactic Zakazany Owoc"},"content":{"rendered":"<p>Czy pragniesz mnie&#8230; pozna\u0107 bli\u017cej? <\/p>\n<p>Komiczna i erotyczna gra dla wszystkich doros\u0142ych, kt\u00f3rzy chc\u0105 pozna\u0107 si\u0119 w bardziej intymnym kontek\u015bcie. Idealna na wiecz\u00f3r gier dla dw\u00f3ch lub wi\u0119kszej ilo\u015bci os\u00f3b.<br \/>\nW tej niegrzecznej grze chodzi przede wszystkim o dobr\u0105 zabaw\u0119!<br \/>\nDla \u017cartu, na kartach zawarto niejednoznaczne obrazki \ud83d\ude42<\/p>\n<p>Zawarto\u015b\u0107: 200 kart (120 kart odpowiedzi, 80 kart pyta\u0144), instrukcja na spodzie wieczka.<br \/>\n\u015aredni czas gry: 15 minut.<br \/>\nGra dla 2-6 graczy w wieku 18+.<\/p>\n","protected":false},"excerpt":{"rendered":"<p>Czy pragniesz mnie&#8230; pozna\u0107 bli\u017cej? Komiczna i erotyczna gra dla wszystkich doros\u0142ych, kt\u00f3rzy chc\u0105 pozna\u0107 si\u0119 w bardziej intymnym kontek\u015bcie. Idealna na wiecz\u00f3r gier dla dw\u00f3ch lub wi\u0119kszej ilo\u015bci os\u00f3b. W tej niegrzecznej grze chodzi przede wszystkim o dobr\u0105 zabaw\u0119! Dla \u017cartu, na kartach zawarto niejednoznaczne obrazki \ud83d\ude42 Zawarto\u015b\u0107: 200 kart (120 kart odpowiedzi, 80 [&hellip;]<\/p>\n","protected":false},"featured_media":0,"template":"","meta":{"content-type":"","_monsterinsights_skip_tracking":false,"_monsterinsights_sitenote_active":false,"_monsterinsights_sitenote_note":"","_monsterinsights_sitenote_category":0},"product_brand":[],"product_cat":[1811],"product_tag":[991],"brand":[],"target-group":[],"discontinued":[],"class_list":{"0":"post-1366406","1":"product","2":"type-product","3":"status-publish","5":"product_cat-imprezowe-gry-dla-doroslych","6":"product_tag-zabawa","8":"first","9":"instock","10":"taxable","11":"shipping-taxable","12":"product-type-simple"},"aioseo_notices":[],"_links":{"self":[{"href":"https:\/\/games.tactic.net\/pl\/wp-json\/wp\/v2\/product\/1366406","targetHints":{"allow":["GET"]}}],"collection":[{"href":"https:\/\/games.tactic.net\/pl\/wp-json\/wp\/v2\/product"}],"about":[{"href":"https:\/\/games.tactic.net\/pl\/wp-json\/wp\/v2\/types\/product"}],"wp:attachment":[{"href":"https:\/\/games.tactic.net\/pl\/wp-json\/wp\/v2\/media?parent=1366406"}],"wp:term":[{"taxonomy":"product_brand","embeddable":true,"href":"https:\/\/games.tactic.net\/pl\/wp-json\/wp\/v2\/product_brand?post=1366406"},{"taxonomy":"product_cat","embeddable":true,"href":"https:\/\/games.tactic.net\/pl\/wp-json\/wp\/v2\/product_cat?post=1366406"},{"taxonomy":"product_tag","embeddable":true,"href":"https:\/\/games.tactic.net\/pl\/wp-json\/wp\/v2\/product_tag?post=1366406"},{"taxonomy":"brand","embeddable":true,"href":"https:\/\/games.tactic.net\/pl\/wp-json\/wp\/v2\/brand?post=1366406"},{"taxonomy":"target-group","embeddable":true,"href":"https:\/\/games.tactic.net\/pl\/wp-json\/wp\/v2\/target-group?post=1366406"},{"taxonomy":"discontinued","embeddable":true,"href":"https:\/\/games.tactic.net\/pl\/wp-json\/wp\/v2\/discontinued?post=1366406"}],"curies":[{"name":"wp","href":"https:\/\/api.w.org\/{rel}","templated":true}]}}