{"id":1365294,"date":"2025-01-31T10:08:22","date_gmt":"2025-01-31T08:08:22","guid":{"rendered":"https:\/\/games.tactic.net\/tuote\/tactic-alias-snack-play-football-gra-planszowa\/"},"modified":"2025-01-31T10:08:22","modified_gmt":"2025-01-31T08:08:22","slug":"tactic-alias-snack-play-football-gra-planszowa","status":"publish","type":"product","link":"https:\/\/games.tactic.net\/pl\/tuote\/tactic-alias-snack-play-football-gra-planszowa\/","title":{"rendered":"Tactic Alias Snack Play Football gra planszowa"},"content":{"rendered":"<p>Czy Twoja odpowied\u017a b\u0119dzie strza\u0142em prosto w bramk\u0119?<br \/>\nAlias Pi\u0142ka No\u017cna to gra dla ka\u017cdego fana pi\u0142ki no\u017cnej i nie tylko.<br \/>\nPoznaj s\u0142owa od rezerwowego poprzez spalonego, a\u017c po strza\u0142 z woleja. Ta gra przetestuje znajomo\u015b\u0107 pi\u0142ki no\u017cnej w zabawny spos\u00f3b. Rzu\u0107 kostk\u0105, sprawd\u017a s\u0142owo na karcie i do dzie\u0142a! Spr\u00f3buj opisa\u0107 has\u0142o, u\u017cywaj\u0105c innych s\u0142\u00f3w, synonim\u00f3w i przeciwie\u0144stw, podczas gdy pozostali gracze b\u0119d\u0105 pr\u00f3bowa\u0107 je odgadn\u0105\u0107. <\/p>\n<p>Zawarto\u015b\u0107: 100 kart (600 hase\u0142), kostka, instrukcja.<br \/>\n\u015aredni czas gry: 10 minut.<br \/>\nGra dla 3 i wi\u0119cej graczy w wieku 10+ lat.<\/p>\n","protected":false},"excerpt":{"rendered":"<p>Czy Twoja odpowied\u017a b\u0119dzie strza\u0142em prosto w bramk\u0119?<br \/>\nAlias Pi\u0142ka No\u017cna to o gra dla ka\u017cdego fana pi\u0142ki no\u017cnej i nie tylko. <\/p>\n","protected":false},"featured_media":0,"template":"","meta":{"content-type":"","_monsterinsights_skip_tracking":false,"_monsterinsights_sitenote_active":false,"_monsterinsights_sitenote_note":"","_monsterinsights_sitenote_category":0},"product_brand":[],"product_cat":[1805],"product_tag":[],"brand":[],"target-group":[],"discontinued":[],"class_list":{"0":"post-1365294","1":"product","2":"type-product","3":"status-publish","5":"product_cat-gry-planszowe","7":"first","8":"instock","9":"taxable","10":"shipping-taxable","11":"product-type-simple"},"aioseo_notices":[],"_links":{"self":[{"href":"https:\/\/games.tactic.net\/pl\/wp-json\/wp\/v2\/product\/1365294","targetHints":{"allow":["GET"]}}],"collection":[{"href":"https:\/\/games.tactic.net\/pl\/wp-json\/wp\/v2\/product"}],"about":[{"href":"https:\/\/games.tactic.net\/pl\/wp-json\/wp\/v2\/types\/product"}],"wp:attachment":[{"href":"https:\/\/games.tactic.net\/pl\/wp-json\/wp\/v2\/media?parent=1365294"}],"wp:term":[{"taxonomy":"product_brand","embeddable":true,"href":"https:\/\/games.tactic.net\/pl\/wp-json\/wp\/v2\/product_brand?post=1365294"},{"taxonomy":"product_cat","embeddable":true,"href":"https:\/\/games.tactic.net\/pl\/wp-json\/wp\/v2\/product_cat?post=1365294"},{"taxonomy":"product_tag","embeddable":true,"href":"https:\/\/games.tactic.net\/pl\/wp-json\/wp\/v2\/product_tag?post=1365294"},{"taxonomy":"brand","embeddable":true,"href":"https:\/\/games.tactic.net\/pl\/wp-json\/wp\/v2\/brand?post=1365294"},{"taxonomy":"target-group","embeddable":true,"href":"https:\/\/games.tactic.net\/pl\/wp-json\/wp\/v2\/target-group?post=1365294"},{"taxonomy":"discontinued","embeddable":true,"href":"https:\/\/games.tactic.net\/pl\/wp-json\/wp\/v2\/discontinued?post=1365294"}],"curies":[{"name":"wp","href":"https:\/\/api.w.org\/{rel}","templated":true}]}}