{"id":1364567,"date":"2025-01-17T18:36:27","date_gmt":"2025-01-17T16:36:27","guid":{"rendered":"https:\/\/games.tactic.net\/tuote\/plasto-picnic-set-bioplastic\/"},"modified":"2025-03-17T13:33:39","modified_gmt":"2025-03-17T11:33:39","slug":"plasto-picnic-set-bioplastic","status":"publish","type":"product","link":"https:\/\/games.tactic.net\/pl\/tuote\/plasto-picnic-set-bioplastic\/","title":{"rendered":"Zestaw naczy\u0144 piknikowych 14 cz\u0119\u015bci BIOPLASTIK I AM GREEN"},"content":{"rendered":"<p>Zestaw naczy\u0144 piknikowych z bioplastiku 14 cz\u0119\u015bci.<\/p>\n<p>Wymiary: 24\/15\/15<br \/>\nWaga: 0,31 kg<\/p>\n<p>Zestaw piknikowy, 14 cz\u0119\u015bci. <\/p>\n<p>Bioplastik &#8211; wyprodukowany z trzciny cukrowej! <\/p>\n<p>Produkty te otrzyma\u0142y w 2024 nagrod\u0119 Zabawka Roku. To najbardziej presti\u017cowa nagroda dla zabawek w Polsce oraz znak jako\u015bci, kt\u00f3ry pomaga rodzicom wybra\u0107 m\u0105dre i bezpieczne zabawki, stymuluj\u0105ce rozw\u00f3j ich dzieci.<\/p>\n<p>Plastik w tej zabawce jest produkowany z trzciny cukrowej, kt\u00f3ra jest w 100% odnawialna. Przyczynia si\u0119 to do zmniejszenia emisji gaz\u00f3w cieplarnianych i \u015bladu w\u0119glowego, poniewa\u017c trzcina cukrowa podczas wzrostu wi\u0105\u017ce wi\u0119cej dwutlenku w\u0119gla ni\u017c jest emitowane podczas produkcji plastikowego surowca (-2,78 ekwiwalentu CO2 eq\/kg).<\/p>\n<p>Dodatkowo wszystkie produkty I\u2019m green od Plasto\u00ae posiadaj\u0105 oznaczenie \u201e02\u201d PE-HD \u2013<br \/>\nco oznacza, \u017ce s\u0105 przystosowane do kontaktu z \u017cywno\u015bci\u0105 i mog\u0105 by\u0107 u\u017cywane w zmywarkach.<\/p>\n<p>Zr\u00f3wnowa\u017cony wyb\u00f3r! Zestaw kuchenny Plasto Picnic Party zawiera w sumie 14 wysokiej jako\u015bci cz\u0119\u015bci, czyli wszystko, co potrzebne do zorganizowania pikniku dla 4 os\u00f3b: 4 fili\u017canki, 4 podstawki, wyciskacz do sok\u00f3w z wieczkiem, 4 mieszade\u0142ka. Zestaw wykonany jest z bioplastiku i nadaje si\u0119 do kontaktu z \u017cywno\u015bci\u0105. Zalecenia wiekowe 1+. Wyprodukowano w Finlandii. <\/p>\n<p>Plasto to kultowa firma w Skandynawii. Powsta\u0142a w 1954 roku i od 70 lat produkuje wysokiej jako\u015bci wytrzyma\u0142e zabawki z plastiku i bioplastiku. Fabryka znajduje si\u0119 w Mariehamn na Wyspach Alandzkich mi\u0119dzy Finlandi\u0105 a Szwecj\u0105. Marka dzi\u0119ki konsolidacji z Tactic Games Oy jest dost\u0119pna dla polskich klient\u00f3w.<\/p>\n<p>Produkty Plasto\u00ae otrzyma\u0142y w Polsce wiele presti\u017cowych nagr\u00f3d<br \/>\n-2024 &#8211; Seria I am Green! Wyr\u00f3\u017cnione w konkursie Zabawka Roku<br \/>\n-2025 &#8211; Seria I am Green! Nagroda g\u0142\u00f3wna Targ\u00f3w Kids&#8217; Time &#8211; Kids&#8217; Time Star<br \/>\n-2025 &#8211; Nagroda G\u0142\u00f3wna w Konkursie \u015awiat Przyjazny Dziecku organizowanym przez Komitet Ochrony Praw Dziecka<\/p>\n<p>Budowanie bezpiecznych zabawek jest naszym priorytetem. W naszych zabawkach nie znajdziesz ostrych kraw\u0119dzi i ma\u0142ych cz\u0119\u015bci. U\u017cywamy bezpiecznych, zatwierdzonych przez UE, wytrzyma\u0142ych surowc\u00f3w wysokiej jako\u015bci (g\u0142\u00f3wnie polietylenu i polipropylenu). Zabawki s\u0105 zaprojektowane tak, aby cz\u0119\u015bci by\u0142y ze sob\u0105 zatrza\u015bni\u0119te (brak lu\u017anych element\u00f3w). Ko\u0142a s\u0105 \u0142\u0105czone pod ci\u015bnieniem powietrza (brak klej\u00f3w i \u017cywic). To wszystko sprawia, \u017ce nasze zabawki wytrzymuj\u0105 dekady w przedszkolach i prywatnych domach w trudnych warunkach przyrody w ca\u0142ej Skandynawii.<\/p>\n<p>Plasto dba o \u015brodowisko poprzez sta\u0142y rozw\u00f3j w\u0142asnej oferty biotworzyw. Nasza kontrola jako\u015bci zapewnia, \u017ce ka\u017cda mniej ni\u017c idealna cz\u0119\u015b\u0107 wyprodukowana podczas procesu produkcyjnego jest granulowana i ponownie wykorzystywana w naszej w\u0142asnej produkcji. Nasza produkcja jest te\u017c cz\u0119\u015bciowo zasilana energi\u0105 s\u0142oneczn\u0105, a fabryka i biuro s\u0105 ogrzewane ciep\u0142\u0105 wod\u0105, kt\u00f3ra powstaje podczas produkcji.<\/p>\n","protected":false},"excerpt":{"rendered":"<p>Zestaw naczy\u0144 piknikowych z bioplastiku 14 cz\u0119\u015bci. Wymiary: 24\/15\/15 Waga: 0,31 kg Zestaw piknikowy, 14 cz\u0119\u015bci. Bioplastik &#8211; wyprodukowany z trzciny cukrowej! Produkty te otrzyma\u0142y w 2024 nagrod\u0119 Zabawka Roku. To najbardziej presti\u017cowa nagroda dla zabawek w Polsce oraz znak jako\u015bci, kt\u00f3ry pomaga rodzicom wybra\u0107 m\u0105dre i bezpieczne zabawki, stymuluj\u0105ce rozw\u00f3j ich dzieci. Plastik w [&hellip;]<\/p>\n","protected":false},"featured_media":0,"template":"","meta":{"content-type":"","_monsterinsights_skip_tracking":false,"_monsterinsights_sitenote_active":false,"_monsterinsights_sitenote_note":"","_monsterinsights_sitenote_category":0},"product_brand":[],"product_cat":[2307],"product_tag":[],"brand":[{"id":2312,"name":"Plasto","slug":"plasto-2"}],"target-group":[],"discontinued":[],"class_list":{"0":"post-1364567","1":"product","2":"type-product","3":"status-publish","5":"product_cat-plasto-zabawki","6":"brand-plasto-2","8":"first","9":"instock","10":"taxable","11":"shipping-taxable","12":"product-type-simple"},"aioseo_notices":[],"_links":{"self":[{"href":"https:\/\/games.tactic.net\/pl\/wp-json\/wp\/v2\/product\/1364567","targetHints":{"allow":["GET"]}}],"collection":[{"href":"https:\/\/games.tactic.net\/pl\/wp-json\/wp\/v2\/product"}],"about":[{"href":"https:\/\/games.tactic.net\/pl\/wp-json\/wp\/v2\/types\/product"}],"wp:attachment":[{"href":"https:\/\/games.tactic.net\/pl\/wp-json\/wp\/v2\/media?parent=1364567"}],"wp:term":[{"taxonomy":"product_brand","embeddable":true,"href":"https:\/\/games.tactic.net\/pl\/wp-json\/wp\/v2\/product_brand?post=1364567"},{"taxonomy":"product_cat","embeddable":true,"href":"https:\/\/games.tactic.net\/pl\/wp-json\/wp\/v2\/product_cat?post=1364567"},{"taxonomy":"product_tag","embeddable":true,"href":"https:\/\/games.tactic.net\/pl\/wp-json\/wp\/v2\/product_tag?post=1364567"},{"taxonomy":"brand","embeddable":true,"href":"https:\/\/games.tactic.net\/pl\/wp-json\/wp\/v2\/brand?post=1364567"},{"taxonomy":"target-group","embeddable":true,"href":"https:\/\/games.tactic.net\/pl\/wp-json\/wp\/v2\/target-group?post=1364567"},{"taxonomy":"discontinued","embeddable":true,"href":"https:\/\/games.tactic.net\/pl\/wp-json\/wp\/v2\/discontinued?post=1364567"}],"curies":[{"name":"wp","href":"https:\/\/api.w.org\/{rel}","templated":true}]}}