{"id":1364288,"date":"2025-01-10T16:15:38","date_gmt":"2025-01-10T14:15:38","guid":{"rendered":"https:\/\/games.tactic.net\/tuote\/lets-learn-our-amazing-body\/"},"modified":"2025-02-17T08:15:16","modified_gmt":"2025-02-17T06:15:16","slug":"lets-learn-our-amazing-body","status":"publish","type":"product","link":"https:\/\/games.tactic.net\/pl\/tuote\/lets-learn-our-amazing-body\/","title":{"rendered":"Gra planszowa Nasze Niesamowite Cia\u0142o"},"content":{"rendered":"<p>Chcesz pozna\u0107 wiele wa\u017cnych cz\u0119\u015bci ludzkiego organizmu? Wyruszmy w fascynuj\u0105c\u0105 podr\u00f3\u017c po ciele cz\u0142owieka! Pierwszy gracz, kt\u00f3ry dotrze do mety, zostanie lekarzem!<\/p>\n<p>Autorem mechaniki gry jest znany tw\u00f3rca gier Dr Reiner Knizia, kt\u00f3ry jako jeden z nielicznych potrafi po\u0142\u0105czy\u0107 elementy gry z jej tematyk\u0105. Dzi\u0119ki temu b\u0119dziecie si\u0119 dobrze bawi\u0107 i przy okazji czego\u015b si\u0119 nauczycie. W\u0142a\u015bnie na tym polega edukacja w Finlandii. Musi by\u0107 powi\u0105zana z dobr\u0105 zabaw\u0105. Dzi\u0119ki temu fi\u0144scy uczniowie przoduj\u0105 w testach edukacyjnych na ca\u0142ym \u015bwiecie. Gra zosta\u0142a te\u017c sprawdzona przed wydaniem przez edukator\u00f3w i lekarzy.<\/p>\n<p>Dodatkowo gra zawiera \u0107wiczenia wzmacniaj\u0105ce poszczeg\u00f3lne partie mi\u0119\u015bni oraz ciekawostki na temat niesamowitego organizmu, jakim jest ludzkie cia\u0142o.<\/p>\n<p>Poruszaj swoim pionkiem po planszy, odpowiadaj na zabawne pytania o ludzkim ciele, jego funkcjonowaniu i sam wypr\u00f3buj r\u00f3\u017cne \u0107wiczenia. Czy zrobisz karier\u0119 lekarsk\u0105? Czy pozostali gracze b\u0119d\u0105 szybsi od Ciebie? Przekonaj si\u0119 wykonuj\u0105c trzy rodzaje wyzwa\u0144: odkryj, poznaj i ucz si\u0119. Niesamowita gra o ludzkim ciele w\u0142a\u015bnie si\u0119 rozpoczyna!<\/p>\n<p>Gra otrzyma\u0142a wyr\u00f3\u017cnienie w konkursie Zabawka Roku 2025. Konkurs ten ocenia zabawki pod wzgl\u0119dem ich warto\u015bci edukacyjnych, jako\u015bci wykonania i funkcjonalno\u015bci. Pomaga r\u00f3wnie\u017c rodzicom wybiera\u0107 warto\u015bciowe zabawki.<\/p>\n<p>Zawarto\u015b\u0107: Plansza do gry, 5 tekturowych pionk\u00f3w, 5 \u017ceton\u00f3w graczy, 150 kart, ruletka (obrotowa tarcza), 1 \u017ceton lupy, instrukcja.<br \/>\n\u015aredni czas gry: 20 minut.<br \/>\nGra dla 2-5 graczy w wieku 7+ lat.<\/p>\n<p>Od 1967 roku fi\u0144ska firma Tactic Games jest znana z innowacyjnych, ekscytuj\u0105cych i jako\u015bciowych gier, kt\u00f3re zachwycaj\u0105 miliony rodzin na ca\u0142ym \u015bwiecie. Nasz\u0105 misj\u0105 jest produkcja gier planszowych, kt\u00f3re pomagaj\u0105 rodzinom i przyjacio\u0142om sp\u0119dza\u0107 razem czas. Chcemy, aby nasze gry przyci\u0105ga\u0142y do wsp\u00f3lnej dobrej zabawy, \u015bmiechu i rozwi\u0105zywania problem\u00f3w. Witamy w ekscytuj\u0105cym \u015bwiecie nordyckich gier! Bawmy si\u0119 RAZEM! Firma Tactic Games posiada certyfikaty FSC i PEFC i swoj\u0105 polityk\u0105 d\u0105\u017cy do minimalizacji \u015bladu w\u0119glowego.<\/p>\n","protected":false},"excerpt":{"rendered":"<p>Chcesz pozna\u0107 wiele wa\u017cnych cz\u0119\u015bci ludzkiego organizmu? Wyruszmy w fascynuj\u0105c\u0105 podr\u00f3\u017c po ciele cz\u0142owieka! Pierwszy gracz, kt\u00f3ry dotrze do mety, zostanie lekarzem! Autorem mechaniki gry jest znany tw\u00f3rca gier Dr Reiner Knizia, kt\u00f3ry jako jeden z nielicznych potrafi po\u0142\u0105czy\u0107 elementy gry z jej tematyk\u0105. Dzi\u0119ki temu b\u0119dziecie si\u0119 dobrze bawi\u0107 i przy okazji czego\u015b si\u0119 [&hellip;]<\/p>\n","protected":false},"featured_media":0,"template":"","meta":{"content-type":"","_monsterinsights_skip_tracking":false,"_monsterinsights_sitenote_active":false,"_monsterinsights_sitenote_note":"","_monsterinsights_sitenote_category":0},"product_brand":[],"product_cat":[1819,1796],"product_tag":[1000,1234],"brand":[{"id":869,"name":"Let's Learn","slug":"letslearn-pl"}],"target-group":[],"discontinued":[],"class_list":{"0":"post-1364288","1":"product","2":"type-product","3":"status-publish","5":"product_cat-gry-edukacyjne","6":"product_cat-gry-planszowe-dla-dzieci","7":"product_tag-edukacyjny","8":"product_tag-laczenie-pl","9":"brand-letslearn-pl","11":"first","12":"instock","13":"taxable","14":"shipping-taxable","15":"product-type-simple"},"aioseo_notices":[],"_links":{"self":[{"href":"https:\/\/games.tactic.net\/pl\/wp-json\/wp\/v2\/product\/1364288","targetHints":{"allow":["GET"]}}],"collection":[{"href":"https:\/\/games.tactic.net\/pl\/wp-json\/wp\/v2\/product"}],"about":[{"href":"https:\/\/games.tactic.net\/pl\/wp-json\/wp\/v2\/types\/product"}],"wp:attachment":[{"href":"https:\/\/games.tactic.net\/pl\/wp-json\/wp\/v2\/media?parent=1364288"}],"wp:term":[{"taxonomy":"product_brand","embeddable":true,"href":"https:\/\/games.tactic.net\/pl\/wp-json\/wp\/v2\/product_brand?post=1364288"},{"taxonomy":"product_cat","embeddable":true,"href":"https:\/\/games.tactic.net\/pl\/wp-json\/wp\/v2\/product_cat?post=1364288"},{"taxonomy":"product_tag","embeddable":true,"href":"https:\/\/games.tactic.net\/pl\/wp-json\/wp\/v2\/product_tag?post=1364288"},{"taxonomy":"brand","embeddable":true,"href":"https:\/\/games.tactic.net\/pl\/wp-json\/wp\/v2\/brand?post=1364288"},{"taxonomy":"target-group","embeddable":true,"href":"https:\/\/games.tactic.net\/pl\/wp-json\/wp\/v2\/target-group?post=1364288"},{"taxonomy":"discontinued","embeddable":true,"href":"https:\/\/games.tactic.net\/pl\/wp-json\/wp\/v2\/discontinued?post=1364288"}],"curies":[{"name":"wp","href":"https:\/\/api.w.org\/{rel}","templated":true}]}}