{"id":1363392,"date":"2024-12-02T12:09:36","date_gmt":"2024-12-02T10:09:36","guid":{"rendered":"https:\/\/games.tactic.net\/tuote\/tactic-pj-masks-3-in-1-lotto-domino-memo\/"},"modified":"2024-12-02T12:09:36","modified_gmt":"2024-12-02T10:09:36","slug":"tactic-pj-masks-3-in-1-lotto-domino-memo","status":"publish","type":"product","link":"https:\/\/games.tactic.net\/pl\/tuote\/tactic-pj-masks-3-in-1-lotto-domino-memo\/","title":{"rendered":"Tactic PJ Masks 3 in 1 Lotto, Domino, Memo"},"content":{"rendered":"<p>Brawurowa Ekipa Mocy &#8211; s\u0142ynni Pid\u017camersi zapraszaj\u0105 do gry! <\/p>\n<p>W pude\u0142ku zawarty jest zestaw trzech wspania\u0142ych gier! Znajduj\u0105 si\u0119 tu: Memo, Lotto oraz Domino.<br \/>\nMEMO: Zbierz jak najwi\u0119cej par, \u0107wicz\u0105c jednocze\u015bnie pami\u0119\u0107.<br \/>\nLOTTO: Odszukaj kafelki, kt\u00f3re pasuj\u0105 do obrazk\u00f3w na Twojej planszy- ucz si\u0119 przy tym m. in. spostrzegawczo\u015bci.<br \/>\nDOMINO: Uk\u0142adaj d\u0142ugie ci\u0105gi z kafelk\u00f3w &#8211; trening koncentracji uwagi i niez\u0142a frajda! <\/p>\n<p>Pude\u0142ko z prostymi grami 3 w 1 to nieko\u0144cz\u0105ca si\u0119 \u015bwietna zabawa dla wszystkich!<\/p>\n<p>Zawarto\u015b\u0107: 4 plansze z obrazkami, 72 kafelki do gier Lotto i Memo, 36 kafelk\u00f3w do gry Domino, instrukcja.<br \/>\n\u015aredni czas gry: 15 minut.<br \/>\nGra dla 2-4 graczy w wieku 4+.<\/p>\n<p>Produkt posiada certyfikat FSC.<br \/>\nWszystkie kartonowe cz\u0119\u015bci zosta\u0142y wykonane z materia\u0142\u00f3w pochodz\u0105cych z recyklingu.<br \/>\nTa gra zosta\u0142a wyprodukowana w Finlandii, w odpowiedzialnej fabryce Tactic Games. Produkcja Tactic Games zapewnia identyfikowalno\u015b\u0107 wszystkich materia\u0142\u00f3w, a firma Tactic otrzyma\u0142a certyfikat FSC w 2021 roku. Tactic Games \u015bci\u015ble monitoruje r\u00f3wnie\u017c w\u0142asny \u015blad w\u0119glowy.<\/p>\n","protected":false},"excerpt":{"rendered":"<p>Brawurowa Ekipa Mocy &#8211; s\u0142ynni Pid\u017camersi zapraszaj\u0105 do gry! W pude\u0142ku zawarty jest zestaw trzech wspania\u0142ych gier! Znajduj\u0105 si\u0119 tu: Memo, Lotto oraz Domino. MEMO: Zbierz jak najwi\u0119cej par, \u0107wicz\u0105c jednocze\u015bnie pami\u0119\u0107. LOTTO: Odszukaj kafelki, kt\u00f3re pasuj\u0105 do obrazk\u00f3w na Twojej planszy- ucz si\u0119 przy tym m. in. spostrzegawczo\u015bci. DOMINO: Uk\u0142adaj d\u0142ugie ci\u0105gi z kafelk\u00f3w [&hellip;]<\/p>\n","protected":false},"featured_media":0,"template":"","meta":{"content-type":"","_monsterinsights_skip_tracking":false,"_monsterinsights_sitenote_active":false,"_monsterinsights_sitenote_note":"","_monsterinsights_sitenote_category":0},"product_brand":[],"product_cat":[1780,1796],"product_tag":[1234],"brand":[],"target-group":[],"discontinued":[],"class_list":{"0":"post-1363392","1":"product","2":"type-product","3":"status-publish","5":"product_cat-gry-pamieciowe","6":"product_cat-gry-planszowe-dla-dzieci","7":"product_tag-laczenie-pl","9":"first","10":"instock","11":"taxable","12":"shipping-taxable","13":"product-type-simple"},"aioseo_notices":[],"_links":{"self":[{"href":"https:\/\/games.tactic.net\/pl\/wp-json\/wp\/v2\/product\/1363392","targetHints":{"allow":["GET"]}}],"collection":[{"href":"https:\/\/games.tactic.net\/pl\/wp-json\/wp\/v2\/product"}],"about":[{"href":"https:\/\/games.tactic.net\/pl\/wp-json\/wp\/v2\/types\/product"}],"wp:attachment":[{"href":"https:\/\/games.tactic.net\/pl\/wp-json\/wp\/v2\/media?parent=1363392"}],"wp:term":[{"taxonomy":"product_brand","embeddable":true,"href":"https:\/\/games.tactic.net\/pl\/wp-json\/wp\/v2\/product_brand?post=1363392"},{"taxonomy":"product_cat","embeddable":true,"href":"https:\/\/games.tactic.net\/pl\/wp-json\/wp\/v2\/product_cat?post=1363392"},{"taxonomy":"product_tag","embeddable":true,"href":"https:\/\/games.tactic.net\/pl\/wp-json\/wp\/v2\/product_tag?post=1363392"},{"taxonomy":"brand","embeddable":true,"href":"https:\/\/games.tactic.net\/pl\/wp-json\/wp\/v2\/brand?post=1363392"},{"taxonomy":"target-group","embeddable":true,"href":"https:\/\/games.tactic.net\/pl\/wp-json\/wp\/v2\/target-group?post=1363392"},{"taxonomy":"discontinued","embeddable":true,"href":"https:\/\/games.tactic.net\/pl\/wp-json\/wp\/v2\/discontinued?post=1363392"}],"curies":[{"name":"wp","href":"https:\/\/api.w.org\/{rel}","templated":true}]}}