{"id":1362994,"date":"2024-11-27T12:45:57","date_gmt":"2024-11-27T10:45:57","guid":{"rendered":"https:\/\/games.tactic.net\/tuote\/tactic-puzzle-lovers-jack-russel-dog-resting-56-el-puzzle\/"},"modified":"2024-11-27T12:45:57","modified_gmt":"2024-11-27T10:45:57","slug":"tactic-puzzle-lovers-jack-russel-dog-resting-56-el-puzzle","status":"publish","type":"product","link":"https:\/\/games.tactic.net\/pl\/tuote\/tactic-puzzle-lovers-jack-russel-dog-resting-56-el-puzzle\/","title":{"rendered":"Tactic Puzzle Lovers Jack Russel Dog Resting 56 el. puzzle"},"content":{"rendered":"<p>Te wspania\u0142e puzzle z serii Puzzle Lovers s\u0105 idealne dla pocz\u0105tkuj\u0105cych i dzieci. Te puzzle maj\u0105 56 wysokiej jako\u015bci element\u00f3w.<\/p>\n<p>Puzzle Lovers ma co\u015b dla ka\u017cdego fana puzzli, od entuzjastycznych hobbyst\u00f3w po pocz\u0105tkuj\u0105cych i dzieci. Wysokiej jako\u015bci puzzle przedstawiaj\u0105 wspania\u0142e krajobrazy, fascynuj\u0105ce miejsca z ca\u0142ego \u015bwiata, niesamowite zwierz\u0119ta, specjalne motywy nordyckie i sezonowe oraz wiele, wiele innych.<\/p>\n","protected":false},"excerpt":{"rendered":"<p>42 x 29,7 cm.<\/p>\n","protected":false},"featured_media":0,"template":"","meta":{"content-type":"","_monsterinsights_skip_tracking":false,"_monsterinsights_sitenote_active":false,"_monsterinsights_sitenote_note":"","_monsterinsights_sitenote_category":0},"product_brand":[],"product_cat":[1793],"product_tag":[],"brand":[],"target-group":[],"discontinued":[],"class_list":{"0":"post-1362994","1":"product","2":"type-product","3":"status-publish","5":"product_cat-puzzle-dla-dzieci-puzzle","7":"first","8":"instock","9":"taxable","10":"shipping-taxable","11":"product-type-simple"},"aioseo_notices":[],"_links":{"self":[{"href":"https:\/\/games.tactic.net\/pl\/wp-json\/wp\/v2\/product\/1362994","targetHints":{"allow":["GET"]}}],"collection":[{"href":"https:\/\/games.tactic.net\/pl\/wp-json\/wp\/v2\/product"}],"about":[{"href":"https:\/\/games.tactic.net\/pl\/wp-json\/wp\/v2\/types\/product"}],"wp:attachment":[{"href":"https:\/\/games.tactic.net\/pl\/wp-json\/wp\/v2\/media?parent=1362994"}],"wp:term":[{"taxonomy":"product_brand","embeddable":true,"href":"https:\/\/games.tactic.net\/pl\/wp-json\/wp\/v2\/product_brand?post=1362994"},{"taxonomy":"product_cat","embeddable":true,"href":"https:\/\/games.tactic.net\/pl\/wp-json\/wp\/v2\/product_cat?post=1362994"},{"taxonomy":"product_tag","embeddable":true,"href":"https:\/\/games.tactic.net\/pl\/wp-json\/wp\/v2\/product_tag?post=1362994"},{"taxonomy":"brand","embeddable":true,"href":"https:\/\/games.tactic.net\/pl\/wp-json\/wp\/v2\/brand?post=1362994"},{"taxonomy":"target-group","embeddable":true,"href":"https:\/\/games.tactic.net\/pl\/wp-json\/wp\/v2\/target-group?post=1362994"},{"taxonomy":"discontinued","embeddable":true,"href":"https:\/\/games.tactic.net\/pl\/wp-json\/wp\/v2\/discontinued?post=1362994"}],"curies":[{"name":"wp","href":"https:\/\/api.w.org\/{rel}","templated":true}]}}