{"id":1362317,"date":"2024-11-09T17:32:56","date_gmt":"2024-11-09T15:32:56","guid":{"rendered":"https:\/\/games.tactic.net\/tuote\/wrebbit-3d-zamek-neuschwanstein-890-el-3d-puzzle\/"},"modified":"2024-11-09T17:32:56","modified_gmt":"2024-11-09T15:32:56","slug":"wrebbit-3d-zamek-neuschwanstein-890-el-3d-puzzle","status":"archive","type":"product","link":"https:\/\/games.tactic.net\/pl\/tuote\/wrebbit-3d-zamek-neuschwanstein-890-el-3d-puzzle\/","title":{"rendered":"Wrebbit 3D Zamek Neuschwanstein 890 el. 3D puzzle"},"content":{"rendered":"<p>S\u0141YNNY ZAMEK W TWOIM DOMU! Wrebbit puzzle 3D to co\u015b w sam raz dla ciebie! Je\u015bli masz ochot\u0119 na prawdziwe wyzwanie i ekstra nagrod\u0119. Zawiera szczeg\u00f3\u0142ow\u0105 instrukcj\u0119 pokazuj\u0105c\u0105, jak u\u0142o\u017cy\u0107 puzzle! Przedstawia s\u0142ynne budowle \u015bwiata oraz podaje ich rozmiary! Rozmiar po z\u0142o\u017ceniu: 55,7 x 29 x 38,7 cm. Wygoda i najwy\u017csza jako\u015b\u0107!<\/p>\n","protected":false},"excerpt":{"rendered":"<p>Wrebbit puzzle 3D to co\u015b w sam raz dla ciebie! Je\u015bli masz ochot\u0119 na prawdziwe wyzwanie i ekstra nagrod\u0119.<\/p>\n","protected":false},"featured_media":0,"template":"","meta":{"content-type":"","_monsterinsights_skip_tracking":false,"_monsterinsights_sitenote_active":false,"_monsterinsights_sitenote_note":"","_monsterinsights_sitenote_category":0},"product_brand":[],"product_cat":[690],"product_tag":[],"brand":[],"target-group":[],"discontinued":[],"class_list":{"0":"post-1362317","1":"product","2":"type-product","3":"status-archive","5":"product_cat-puzzle","7":"first","8":"outofstock","9":"taxable","10":"shipping-taxable","11":"product-type-simple"},"aioseo_notices":[],"_links":{"self":[{"href":"https:\/\/games.tactic.net\/pl\/wp-json\/wp\/v2\/product\/1362317","targetHints":{"allow":["GET"]}}],"collection":[{"href":"https:\/\/games.tactic.net\/pl\/wp-json\/wp\/v2\/product"}],"about":[{"href":"https:\/\/games.tactic.net\/pl\/wp-json\/wp\/v2\/types\/product"}],"wp:attachment":[{"href":"https:\/\/games.tactic.net\/pl\/wp-json\/wp\/v2\/media?parent=1362317"}],"wp:term":[{"taxonomy":"product_brand","embeddable":true,"href":"https:\/\/games.tactic.net\/pl\/wp-json\/wp\/v2\/product_brand?post=1362317"},{"taxonomy":"product_cat","embeddable":true,"href":"https:\/\/games.tactic.net\/pl\/wp-json\/wp\/v2\/product_cat?post=1362317"},{"taxonomy":"product_tag","embeddable":true,"href":"https:\/\/games.tactic.net\/pl\/wp-json\/wp\/v2\/product_tag?post=1362317"},{"taxonomy":"brand","embeddable":true,"href":"https:\/\/games.tactic.net\/pl\/wp-json\/wp\/v2\/brand?post=1362317"},{"taxonomy":"target-group","embeddable":true,"href":"https:\/\/games.tactic.net\/pl\/wp-json\/wp\/v2\/target-group?post=1362317"},{"taxonomy":"discontinued","embeddable":true,"href":"https:\/\/games.tactic.net\/pl\/wp-json\/wp\/v2\/discontinued?post=1362317"}],"curies":[{"name":"wp","href":"https:\/\/api.w.org\/{rel}","templated":true}]}}