{"id":1362182,"date":"2024-10-31T15:21:27","date_gmt":"2024-10-31T13:21:27","guid":{"rendered":"https:\/\/games.tactic.net\/tuote\/travel-animal-yatzy\/"},"modified":"2024-10-31T15:21:27","modified_gmt":"2024-10-31T13:21:27","slug":"travel-animal-yatzy","status":"publish","type":"product","link":"https:\/\/games.tactic.net\/pl\/tuote\/travel-animal-yatzy\/","title":{"rendered":"Travel: Animal Yatzy"},"content":{"rendered":"<p>Animal Yatzy to gra pe\u0142na przyg\u00f3d, gdzie o  zwyci\u0119stwie decyduje szcz\u0119\u015bcie, ale i ch\u0142odna kalkulacja. Rezultaty zapisywane s\u0105 w notesie punktacyjnym. Ko\u0144cowe podliczenie wynik\u00f3w wy\u0142ania zwyci\u0119zc\u0119! <\/p>\n","protected":false},"excerpt":{"rendered":"<p>Animal Yatzy to gra pe\u0142na przyg\u00f3d, gdzie o zwyci\u0119stwie decyduje szcz\u0119\u015bcie, ale i ch\u0142odna kalkulacja. Rezultaty zapisywane s\u0105 w notesie punktacyjnym. Ko\u0144cowe podliczenie wynik\u00f3w wy\u0142ania zwyci\u0119zc\u0119!<\/p>\n","protected":false},"featured_media":0,"template":"","meta":{"content-type":"","_monsterinsights_skip_tracking":false,"_monsterinsights_sitenote_active":false,"_monsterinsights_sitenote_note":"","_monsterinsights_sitenote_category":0},"product_brand":[],"product_cat":[1796],"product_tag":[376,1247],"brand":[],"target-group":[],"discontinued":[],"class_list":{"0":"post-1362182","1":"product","2":"type-product","3":"status-publish","5":"product_cat-gry-planszowe-dla-dzieci","6":"product_tag-obliczenie","7":"product_tag-strategia-pl","9":"first","10":"instock","11":"taxable","12":"shipping-taxable","13":"product-type-simple"},"aioseo_notices":[],"_links":{"self":[{"href":"https:\/\/games.tactic.net\/pl\/wp-json\/wp\/v2\/product\/1362182","targetHints":{"allow":["GET"]}}],"collection":[{"href":"https:\/\/games.tactic.net\/pl\/wp-json\/wp\/v2\/product"}],"about":[{"href":"https:\/\/games.tactic.net\/pl\/wp-json\/wp\/v2\/types\/product"}],"wp:attachment":[{"href":"https:\/\/games.tactic.net\/pl\/wp-json\/wp\/v2\/media?parent=1362182"}],"wp:term":[{"taxonomy":"product_brand","embeddable":true,"href":"https:\/\/games.tactic.net\/pl\/wp-json\/wp\/v2\/product_brand?post=1362182"},{"taxonomy":"product_cat","embeddable":true,"href":"https:\/\/games.tactic.net\/pl\/wp-json\/wp\/v2\/product_cat?post=1362182"},{"taxonomy":"product_tag","embeddable":true,"href":"https:\/\/games.tactic.net\/pl\/wp-json\/wp\/v2\/product_tag?post=1362182"},{"taxonomy":"brand","embeddable":true,"href":"https:\/\/games.tactic.net\/pl\/wp-json\/wp\/v2\/brand?post=1362182"},{"taxonomy":"target-group","embeddable":true,"href":"https:\/\/games.tactic.net\/pl\/wp-json\/wp\/v2\/target-group?post=1362182"},{"taxonomy":"discontinued","embeddable":true,"href":"https:\/\/games.tactic.net\/pl\/wp-json\/wp\/v2\/discontinued?post=1362182"}],"curies":[{"name":"wp","href":"https:\/\/api.w.org\/{rel}","templated":true}]}}