{"id":1362127,"date":"2024-10-23T16:17:15","date_gmt":"2024-10-23T13:17:15","guid":{"rendered":"https:\/\/games.tactic.net\/tuote\/wrebbit-3d-taj-mahal-950-el-3d-puzzle\/"},"modified":"2024-10-23T16:17:15","modified_gmt":"2024-10-23T13:17:15","slug":"wrebbit-3d-taj-mahal-950-el-3d-puzzle","status":"publish","type":"product","link":"https:\/\/games.tactic.net\/pl\/tuote\/wrebbit-3d-taj-mahal-950-el-3d-puzzle\/","title":{"rendered":"Wrebbit 3D Taj Mahal 950 el. 3D puzzle"},"content":{"rendered":"<p>TAJ MAHAL Z 950 TR\u00d3JWYMIAROWYCH KLOCK\u00d3W! Wrebbit puzzle 3D to co\u015b w sam raz dla ciebie! Je\u015bli masz ochot\u0119 na prawdziwe wyzwanie i ekstra nagrod\u0119. Zawiera szczeg\u00f3\u0142ow\u0105 instrukcj\u0119 pokazuj\u0105c\u0105, jak u\u0142o\u017cy\u0107 puzzle! Przedstawia s\u0142ynne budowle \u015bwiata oraz podaje ich rozmiary! Rozmiar po z\u0142o\u017ceniu: 42,5 x 43 x 32,5 cm. Wygoda i najwy\u017csza jako\u015b\u0107!<\/p>\n","protected":false},"excerpt":{"rendered":"<p>Wrebbit puzzle 3D to co\u015b w sam raz dla ciebie! Je\u015bli masz ochot\u0119 na prawdziwe wyzwanie i ekstra nagrod\u0119.<\/p>\n","protected":false},"featured_media":0,"template":"","meta":{"content-type":"","_monsterinsights_skip_tracking":false,"_monsterinsights_sitenote_active":false,"_monsterinsights_sitenote_note":"","_monsterinsights_sitenote_category":0},"product_brand":[],"product_cat":[690],"product_tag":[],"brand":[],"target-group":[],"discontinued":[],"class_list":{"0":"post-1362127","1":"product","2":"type-product","3":"status-publish","5":"product_cat-puzzle","7":"first","8":"outofstock","9":"taxable","10":"shipping-taxable","11":"product-type-simple"},"aioseo_notices":[],"_links":{"self":[{"href":"https:\/\/games.tactic.net\/pl\/wp-json\/wp\/v2\/product\/1362127","targetHints":{"allow":["GET"]}}],"collection":[{"href":"https:\/\/games.tactic.net\/pl\/wp-json\/wp\/v2\/product"}],"about":[{"href":"https:\/\/games.tactic.net\/pl\/wp-json\/wp\/v2\/types\/product"}],"wp:attachment":[{"href":"https:\/\/games.tactic.net\/pl\/wp-json\/wp\/v2\/media?parent=1362127"}],"wp:term":[{"taxonomy":"product_brand","embeddable":true,"href":"https:\/\/games.tactic.net\/pl\/wp-json\/wp\/v2\/product_brand?post=1362127"},{"taxonomy":"product_cat","embeddable":true,"href":"https:\/\/games.tactic.net\/pl\/wp-json\/wp\/v2\/product_cat?post=1362127"},{"taxonomy":"product_tag","embeddable":true,"href":"https:\/\/games.tactic.net\/pl\/wp-json\/wp\/v2\/product_tag?post=1362127"},{"taxonomy":"brand","embeddable":true,"href":"https:\/\/games.tactic.net\/pl\/wp-json\/wp\/v2\/brand?post=1362127"},{"taxonomy":"target-group","embeddable":true,"href":"https:\/\/games.tactic.net\/pl\/wp-json\/wp\/v2\/target-group?post=1362127"},{"taxonomy":"discontinued","embeddable":true,"href":"https:\/\/games.tactic.net\/pl\/wp-json\/wp\/v2\/discontinued?post=1362127"}],"curies":[{"name":"wp","href":"https:\/\/api.w.org\/{rel}","templated":true}]}}